{"id":10667,"date":"2026-02-22T22:04:59","date_gmt":"2026-02-22T21:04:59","guid":{"rendered":"https:\/\/alarmplus.mk\/?post_type=product&#038;p=10667"},"modified":"2026-02-22T22:04:59","modified_gmt":"2026-02-22T21:04:59","slug":"dahua-pfm320d-series-12v-2a-power-adapter","status":"publish","type":"product","link":"https:\/\/alarmplus.mk\/mk\/product\/dahua-pfm320d-series-12v-2a-power-adapter\/","title":{"rendered":"Dahua PFM320D Series 12V 2A Power Adapter"},"content":{"rendered":"<table style=\"width: 100%;border-collapse: collapse;font-family: Arial, sans-serif;border: 1px solid #ccc\">\n<tbody><!-- TABLE TITLE --><\/p>\n<tr style=\"background-color: #f2f2f2\">\n<th style=\"padding: 8px;text-align: left;border: 1px solid #ccc\" colspan=\"2\">Dahua PFM320D Series 12V 2A Power Adapter \u2013 Technical Specifications<\/th>\n<\/tr>\n<p><!-- ELECTRICAL SPECIFICATION --><\/p>\n<tr style=\"background-color: #e8f4ff\">\n<td style=\"padding: 8px;border: 1px solid #ccc\" colspan=\"2\"><strong>Electrical Specification<\/strong><\/td>\n<\/tr>\n<tr>\n<td style=\"padding: 8px;border: 1px solid #ccc\">Input<\/td>\n<td style=\"padding: 8px;border: 1px solid #ccc\">100\u2013240 V, 50\/60 Hz, 0.6 A<\/td>\n<\/tr>\n<tr>\n<td style=\"padding: 8px;border: 1px solid #ccc\">Output<\/td>\n<td style=\"padding: 8px;border: 1px solid #ccc\">12 V, 2 A (+7% , \u20133%)<\/td>\n<\/tr>\n<p><!-- PROTECTION \/ ENVIRONMENTAL --><\/p>\n<tr style=\"background-color: #e8f4ff\">\n<td style=\"padding: 8px;border: 1px solid #ccc\" colspan=\"2\"><strong>Protection \/ Environmental<\/strong><\/td>\n<\/tr>\n<tr>\n<td style=\"padding: 8px;border: 1px solid #ccc\">Protection<\/td>\n<td style=\"padding: 8px;border: 1px solid #ccc\">Surge protection, over temperature protection,<br \/>\nover current, voltage load protection<\/p>\n<p>ESD: EN61000-4-2<br \/>\n+\/-4 kV Contact; +\/-8 kV Air<\/p>\n<p>Surge: EN61000-4-5<br \/>\nCombination Wave: Common Mode \u00b14 KV (12 ohms);<br \/>\nDifferential Mode \u00b12 kV (2 ohms)<\/td>\n<\/tr>\n<tr>\n<td style=\"padding: 8px;border: 1px solid #ccc\">Working Temperature<\/td>\n<td style=\"padding: 8px;border: 1px solid #ccc\">\u201330 \u00b0C to +70 \u00b0C (\u201322 \u00b0F to +158 \u00b0F)<\/td>\n<\/tr>\n<tr>\n<td style=\"padding: 8px;border: 1px solid #ccc\">Working Humidity<\/td>\n<td style=\"padding: 8px;border: 1px solid #ccc\">&lt; 95% RH<\/td>\n<\/tr>\n<p><!-- PHYSICAL PROPERTIES --><\/p>\n<tr style=\"background-color: #e8f4ff\">\n<td style=\"padding: 8px;border: 1px solid #ccc\" colspan=\"2\"><strong>Physical Properties<\/strong><\/td>\n<\/tr>\n<tr>\n<td style=\"padding: 8px;border: 1px solid #ccc\">Weight<\/td>\n<td style=\"padding: 8px;border: 1px solid #ccc\">170 g (0.37 lb)<\/td>\n<\/tr>\n<tr>\n<td style=\"padding: 8px;border: 1px solid #ccc\">Dimension (L\u00d7W\u00d7H)<\/td>\n<td style=\"padding: 8px;border: 1px solid #ccc\">104 mm \u00d7 45 mm \u00d7 33 mm (4.09&#8243; \u00d7 1.77&#8243; \u00d7 1.30&#8243;)<\/td>\n<\/tr>\n<tr>\n<td style=\"padding: 8px;border: 1px solid #ccc\">Installation Mode<\/td>\n<td style=\"padding: 8px;border: 1px solid #ccc\">Plane installation<\/td>\n<\/tr>\n<tr>\n<td style=\"padding: 8px;border: 1px solid #ccc\">Color<\/td>\n<td style=\"padding: 8px;border: 1px solid #ccc\">Black<\/td>\n<\/tr>\n<tr>\n<td style=\"padding: 8px;border: 1px solid #ccc\">Input Plug<\/td>\n<td style=\"padding: 8px;border: 1px solid #ccc\">2-pin Euro plug<\/td>\n<\/tr>\n<tr>\n<td style=\"padding: 8px;border: 1px solid #ccc\">Outgoing Cord<\/td>\n<td style=\"padding: 8px;border: 1px solid #ccc\">AC wire: 50 cm (19.69&#8243;), DC wire: 80 cm (31.50&#8243;)<\/td>\n<\/tr>\n<tr>\n<td style=\"padding: 8px;border: 1px solid #ccc\">DC Plug<\/td>\n<td style=\"padding: 8px;border: 1px solid #ccc\">\u03a65.5 mm \u00d7 \u03a62.1 mm \u00d7 12 mm (\u03a60.22&#8243; \u00d7 \u03a60.08&#8243; \u00d7 0.47&#8243;)<\/td>\n<\/tr>\n<p><!-- CERTIFICATIONS --><\/p>\n<tr style=\"background-color: #e8f4ff\">\n<td style=\"padding: 8px;border: 1px solid #ccc\" colspan=\"2\"><strong>Certifications<\/strong><\/td>\n<\/tr>\n<tr>\n<td style=\"padding: 8px;border: 1px solid #ccc\">Certification<\/td>\n<td style=\"padding: 8px;border: 1px solid #ccc\"><strong>PFM320D-EN \/ PFM320D-BS:<\/strong><br \/>\nCE LVD (EN62368-1:2014+A11:2017)<br \/>\nCE EMC (EN55032:2015, EN61000-3-2:2014, EN61000-3-3:2013, EN55035:2017)<\/p>\n<p><strong>PFM320D-US:<\/strong><br \/>\nUL-VI (UL60950-1)<br \/>\nFCC (FCC Part 15 Subpart B)<br \/>\nDOE (VI)<br \/>\nCEC (VI)<\/td>\n<\/tr>\n<\/tbody>\n<\/table>\n","protected":false},"excerpt":{"rendered":"<p>Dahua PFM320D Series 12V 2A Power Adapter<\/p>\n<p>Dahua PFM320D Series 12V 2A \u0432\u0438\u0441\u043e\u043a\u043e \u043a\u0430\u0432\u0430\u043b\u0438\u0442\u0435\u0442\u0435\u043d \u0430\u0434\u0430\u043f\u0442\u0435\u0440 \u0437\u0430 \u043d\u0430\u043f\u043e\u0458\u0443\u0432\u0430\u045a\u0435 \u0437\u0430 \u0441\u0442\u0430\u0431\u0438\u043b\u043d\u043e \u043d\u0430\u043f\u043e\u0458\u0443\u0432\u0430\u045a\u0435 \u043d\u0430 CCTV \u0438 IP \u0441\u0438\u0441\u0442\u0435\u043c\u0438 \u0437\u0430 \u0432\u0438\u0434\u0435\u043e \u043d\u0430\u0434\u0437\u043e\u0440. \u0421\u043e \u0432\u043b\u0435\u0437\u0435\u043d \u043d\u0430\u043f\u043e\u043d \u043e\u0434 100\u2013240V (50\/60Hz, 0.6A) \u0438 \u0438\u0437\u043b\u0435\u0437 \u043e\u0434 12V 2A \u0441\u043e \u0442\u043e\u043b\u0435\u0440\u0430\u043d\u0446\u0438\u0458\u0430 (+7% \/ \u20133%), \u043e\u0431\u0435\u0437\u0431\u0435\u0434\u0443\u0432\u0430 \u043a\u043e\u043d\u0441\u0442\u0430\u043d\u0442\u043d\u0430 \u0438 \u0431\u0435\u0437\u0431\u0435\u0434\u043d\u0430 \u0440\u0430\u0431\u043e\u0442\u0430 \u043d\u0430 \u043f\u043e\u0432\u0440\u0437\u0430\u043d\u0430\u0442\u0430 \u043e\u043f\u0440\u0435\u043c\u0430.<\/p>\n<p>\u0410\u0434\u0430\u043f\u0442\u0435\u0440\u043e\u0442 \u0435 \u043e\u043f\u0440\u0435\u043c\u0435\u043d \u0441\u043e \u043d\u0430\u043f\u0440\u0435\u0434\u043d\u0438 \u0437\u0430\u0448\u0442\u0438\u0442\u0438, \u0432\u043a\u043b\u0443\u0447\u0443\u0432\u0430\u0458\u045c\u0438 \u0437\u0430\u0448\u0442\u0438\u0442\u0430 \u043e\u0434 \u043f\u0440\u0435\u043d\u0430\u043f\u043e\u043d, \u043f\u0440\u0435\u0433\u0440\u0435\u0432\u0430\u045a\u0435, \u043f\u0440\u0435\u043e\u043f\u0442\u043e\u0432\u0430\u0440\u0443\u0432\u0430\u045a\u0435 \u0438 \u043a\u0440\u0430\u0442\u043e\u043a \u0441\u043f\u043e\u0458. \u041f\u043e\u0434\u0434\u0440\u0436\u0443\u0432\u0430 ESD \u0437\u0430\u0448\u0442\u0438\u0442\u0430 (EN61000-4-2) \u0438 Surge \u0437\u0430\u0448\u0442\u0438\u0442\u0430 (EN61000-4-5), \u0448\u0442\u043e \u0433\u0430\u0440\u0430\u043d\u0442\u0438\u0440\u0430 \u0434\u043e\u043f\u043e\u043b\u043d\u0438\u0442\u0435\u043b\u043d\u0430 \u0441\u0438\u0433\u0443\u0440\u043d\u043e\u0441\u0442 \u043f\u0440\u0438 \u043d\u0435\u0441\u0442\u0430\u0431\u0438\u043b\u043d\u0438 \u0435\u043b\u0435\u043a\u0442\u0440\u0438\u0447\u043d\u0438 \u0443\u0441\u043b\u043e\u0432\u0438.<\/p>\n<p>\u0420\u0430\u0431\u043e\u0442\u0438 \u0432\u043e \u0442\u0435\u043c\u043f\u0435\u0440\u0430\u0442\u0443\u0440\u0435\u043d \u043e\u043f\u0441\u0435\u0433 \u043e\u0434 \u201330\u00b0C \u0434\u043e +70\u00b0C \u0438 \u043f\u0440\u0438 \u0432\u043b\u0430\u0436\u043d\u043e\u0441\u0442 \u0434\u043e 95% RH, \u0448\u0442\u043e \u0433\u043e \u043f\u0440\u0430\u0432\u0438 \u043f\u043e\u0433\u043e\u0434\u0435\u043d \u0437\u0430 \u0440\u0430\u0437\u043b\u0438\u0447\u043d\u0438 \u0440\u0430\u0431\u043e\u0442\u043d\u0438 \u0441\u0440\u0435\u0434\u0438\u043d\u0438.<\/p>\n<p>\u0421\u043e \u043a\u043e\u043c\u043f\u0430\u043a\u0442\u043d\u0438 \u0434\u0438\u043c\u0435\u043d\u0437\u0438\u0438 (104 \u00d7 45 \u00d7 33 mm) \u0438 \u0442\u0435\u0436\u0438\u043d\u0430 \u043e\u0434 170g, \u0430\u0434\u0430\u043f\u0442\u0435\u0440\u043e\u0442 \u043e\u0432\u043e\u0437\u043c\u043e\u0436\u0443\u0432\u0430 \u043b\u0435\u0441\u043d\u0430 \u0438\u043d\u0441\u0442\u0430\u043b\u0430\u0446\u0438\u0458\u0430 (plane installation). \u0414\u043e\u0441\u0442\u0430\u043f\u0435\u043d \u0435 \u0441\u043e \u043f\u0440\u0438\u043a\u043b\u0443\u0447\u043e\u043a 2-pin Euro.<\/p>\n<p>\u0421\u0435\u0440\u0438\u0458\u0430\u0442\u0430 PFM320D \u043f\u043e\u0441\u0435\u0434\u0443\u0432\u0430 \u043c\u0435\u0453\u0443\u043d\u0430\u0440\u043e\u0434\u043d\u0438 \u0441\u0435\u0440\u0442\u0438\u0444\u0438\u043a\u0430\u0442\u0438 \u043a\u0430\u043a\u043e CE, UL, FCC, DOE \u0438 CEC, \u0448\u0442\u043e \u0433\u0430\u0440\u0430\u043d\u0442\u0438\u0440\u0430 \u0443\u0441\u043e\u0433\u043b\u0430\u0441\u0435\u043d\u043e\u0441\u0442 \u0441\u043e \u0433\u043b\u043e\u0431\u0430\u043b\u043d\u0438\u0442\u0435 \u0441\u0442\u0430\u043d\u0434\u0430\u0440\u0434\u0438 \u0437\u0430 \u0431\u0435\u0437\u0431\u0435\u0434\u043d\u043e\u0441\u0442 \u0438 \u0435\u043d\u0435\u0440\u0433\u0435\u0442\u0441\u043a\u0430 \u0435\u0444\u0438\u043a\u0430\u0441\u043d\u043e\u0441\u0442.<\/p>\n<p>\u0418\u0434\u0435\u0430\u043b\u0435\u043d \u0438\u0437\u0431\u043e\u0440 \u0437\u0430 Dahua \u043a\u0430\u043c\u0435\u0440\u0438 \u0438 \u0434\u0440\u0443\u0433\u0430 \u0431\u0435\u0437\u0431\u0435\u0434\u043d\u043e\u0441\u043d\u0430 \u043e\u043f\u0440\u0435\u043c\u0430 \u043a\u043e\u0458\u0430 \u0431\u0430\u0440\u0430 \u0441\u0442\u0430\u0431\u0438\u043b\u043d\u043e 12V 2A \u043d\u0430\u043f\u043e\u0458\u0443\u0432\u0430\u045a\u0435.<\/p>\n<p>\u0413\u0430\u0440\u0430\u043d\u0446\u0438\u0458\u0430 24 \u043c\u0435\u0441\u0435\u0446\u0438<\/p>\n","protected":false},"featured_media":10668,"comment_status":"open","ping_status":"closed","template":"","meta":{"_acf_changed":false},"product_brand":[225],"product_cat":[245],"product_tag":[],"class_list":{"0":"post-10667","1":"product","2":"type-product","3":"status-publish","4":"has-post-thumbnail","6":"product_brand-dahua","7":"product_cat-power-supplies","9":"first","10":"instock","11":"taxable","12":"shipping-taxable","13":"purchasable","14":"product-type-simple"},"acf":[],"yoast_head":"<!-- This site is optimized with the Yoast SEO plugin v27.3 - https:\/\/yoast.com\/product\/yoast-seo-wordpress\/ -->\n<title>Dahua PFM320D 12V 2A Power Adapter \u2013 CE UL Certified<\/title>\n<meta name=\"description\" content=\"Dahua PFM320D Series 12V 2A power adapter with surge and ESD protection, wide 100\u2013240V input, CE\/UL certified, multiple plug types and reliable performance\" \/>\n<meta name=\"robots\" content=\"index, follow, max-snippet:-1, max-image-preview:large, max-video-preview:-1\" \/>\n<link rel=\"canonical\" href=\"https:\/\/alarmplus.mk\/mk\/product\/dahua-pfm320d-series-12v-2a-power-adapter\/\" \/>\n<meta property=\"og:locale\" content=\"mk_MK\" \/>\n<meta property=\"og:type\" content=\"article\" \/>\n<meta property=\"og:title\" content=\"Dahua PFM320D 12V 2A Power Adapter \u2013 CE UL Certified\" \/>\n<meta property=\"og:description\" content=\"Dahua PFM320D Series 12V 2A power adapter with surge and ESD protection, wide 100\u2013240V input, CE\/UL certified, multiple plug types and reliable performance\" \/>\n<meta property=\"og:url\" content=\"https:\/\/alarmplus.mk\/mk\/product\/dahua-pfm320d-series-12v-2a-power-adapter\/\" \/>\n<meta property=\"og:site_name\" content=\"alarmplus.mk\" \/>\n<meta property=\"article:publisher\" content=\"https:\/\/www.facebook.com\/alarmplus.mk\" \/>\n<meta property=\"og:image\" content=\"https:\/\/alarmplus.mk\/wp-content\/uploads\/2026\/02\/Dahua-PFM320D-Series-12V-2A-Power-Adapter.webp\" \/>\n\t<meta property=\"og:image:width\" content=\"800\" \/>\n\t<meta property=\"og:image:height\" content=\"800\" \/>\n\t<meta property=\"og:image:type\" content=\"image\/webp\" \/>\n<meta name=\"twitter:card\" content=\"summary_large_image\" \/>\n<meta name=\"twitter:label1\" content=\"Est. reading time\" \/>\n\t<meta name=\"twitter:data1\" content=\"1 \u043c\u0438\u043d\u0443\u0442\u0430\" \/>\n<script type=\"application\/ld+json\" class=\"yoast-schema-graph\">{\"@context\":\"https:\\\/\\\/schema.org\",\"@graph\":[{\"@type\":\"WebPage\",\"@id\":\"https:\\\/\\\/alarmplus.mk\\\/mk\\\/product\\\/dahua-pfm320d-series-12v-2a-power-adapter\\\/\",\"url\":\"https:\\\/\\\/alarmplus.mk\\\/mk\\\/product\\\/dahua-pfm320d-series-12v-2a-power-adapter\\\/\",\"name\":\"Dahua PFM320D 12V 2A Power Adapter \u2013 CE UL Certified\",\"isPartOf\":{\"@id\":\"https:\\\/\\\/alarmplus.mk\\\/mk\\\/#website\"},\"primaryImageOfPage\":{\"@id\":\"https:\\\/\\\/alarmplus.mk\\\/mk\\\/product\\\/dahua-pfm320d-series-12v-2a-power-adapter\\\/#primaryimage\"},\"image\":{\"@id\":\"https:\\\/\\\/alarmplus.mk\\\/mk\\\/product\\\/dahua-pfm320d-series-12v-2a-power-adapter\\\/#primaryimage\"},\"thumbnailUrl\":\"https:\\\/\\\/alarmplus.mk\\\/wp-content\\\/uploads\\\/2026\\\/02\\\/Dahua-PFM320D-Series-12V-2A-Power-Adapter.webp\",\"datePublished\":\"2026-02-22T21:04:59+00:00\",\"description\":\"Dahua PFM320D Series 12V 2A power adapter with surge and ESD protection, wide 100\u2013240V input, CE\\\/UL certified, multiple plug types and reliable performance\",\"breadcrumb\":{\"@id\":\"https:\\\/\\\/alarmplus.mk\\\/mk\\\/product\\\/dahua-pfm320d-series-12v-2a-power-adapter\\\/#breadcrumb\"},\"inLanguage\":\"mk-MK\",\"potentialAction\":[{\"@type\":\"ReadAction\",\"target\":[\"https:\\\/\\\/alarmplus.mk\\\/mk\\\/product\\\/dahua-pfm320d-series-12v-2a-power-adapter\\\/\"]}]},{\"@type\":\"ImageObject\",\"inLanguage\":\"mk-MK\",\"@id\":\"https:\\\/\\\/alarmplus.mk\\\/mk\\\/product\\\/dahua-pfm320d-series-12v-2a-power-adapter\\\/#primaryimage\",\"url\":\"https:\\\/\\\/alarmplus.mk\\\/wp-content\\\/uploads\\\/2026\\\/02\\\/Dahua-PFM320D-Series-12V-2A-Power-Adapter.webp\",\"contentUrl\":\"https:\\\/\\\/alarmplus.mk\\\/wp-content\\\/uploads\\\/2026\\\/02\\\/Dahua-PFM320D-Series-12V-2A-Power-Adapter.webp\",\"width\":800,\"height\":800,\"caption\":\"Dahua PFM320D Series 12V 2A Power Adapter for CCTV and IP Cameras front side view\"},{\"@type\":\"BreadcrumbList\",\"@id\":\"https:\\\/\\\/alarmplus.mk\\\/mk\\\/product\\\/dahua-pfm320d-series-12v-2a-power-adapter\\\/#breadcrumb\",\"itemListElement\":[{\"@type\":\"ListItem\",\"position\":1,\"name\":\"Home\",\"item\":\"https:\\\/\\\/alarmplus.mk\\\/mk\\\/\"},{\"@type\":\"ListItem\",\"position\":2,\"name\":\"\u041f\u0440\u043e\u0434\u0430\u0432\u043d\u0438\u0446\u0430\",\"item\":\"https:\\\/\\\/alarmplus.mk\\\/mk\\\/shop\\\/\"},{\"@type\":\"ListItem\",\"position\":3,\"name\":\"Dahua PFM320D Series 12V 2A Power Adapter\"}]},{\"@type\":\"WebSite\",\"@id\":\"https:\\\/\\\/alarmplus.mk\\\/mk\\\/#website\",\"url\":\"https:\\\/\\\/alarmplus.mk\\\/mk\\\/\",\"name\":\"alarmplus.mk\",\"description\":\"Best Security Cameras and Alarms\",\"publisher\":{\"@id\":\"https:\\\/\\\/alarmplus.mk\\\/mk\\\/#organization\"},\"alternateName\":\"Alarm Plus\",\"potentialAction\":[{\"@type\":\"SearchAction\",\"target\":{\"@type\":\"EntryPoint\",\"urlTemplate\":\"https:\\\/\\\/alarmplus.mk\\\/mk\\\/?s={search_term_string}\"},\"query-input\":{\"@type\":\"PropertyValueSpecification\",\"valueRequired\":true,\"valueName\":\"search_term_string\"}}],\"inLanguage\":\"mk-MK\"},{\"@type\":\"Organization\",\"@id\":\"https:\\\/\\\/alarmplus.mk\\\/mk\\\/#organization\",\"name\":\"alarmplus.mk\",\"alternateName\":\"Alarm Plus Home & Business Security Solutions\",\"url\":\"https:\\\/\\\/alarmplus.mk\\\/mk\\\/\",\"logo\":{\"@type\":\"ImageObject\",\"inLanguage\":\"mk-MK\",\"@id\":\"https:\\\/\\\/alarmplus.mk\\\/mk\\\/#\\\/schema\\\/logo\\\/image\\\/\",\"url\":\"https:\\\/\\\/alarmplus.mk\\\/wp-content\\\/uploads\\\/2025\\\/05\\\/alarmplus.mk5_-e1747004561767.png\",\"contentUrl\":\"https:\\\/\\\/alarmplus.mk\\\/wp-content\\\/uploads\\\/2025\\\/05\\\/alarmplus.mk5_-e1747004561767.png\",\"width\":477,\"height\":114,\"caption\":\"alarmplus.mk\"},\"image\":{\"@id\":\"https:\\\/\\\/alarmplus.mk\\\/mk\\\/#\\\/schema\\\/logo\\\/image\\\/\"},\"sameAs\":[\"https:\\\/\\\/www.facebook.com\\\/alarmplus.mk\",\"https:\\\/\\\/www.instagram.com\\\/alarmplusmk\"]}]}<\/script>\n<!-- \/ Yoast SEO plugin. -->","yoast_head_json":{"title":"Dahua PFM320D 12V 2A Power Adapter \u2013 CE UL Certified","description":"Dahua PFM320D Series 12V 2A power adapter with surge and ESD protection, wide 100\u2013240V input, CE\/UL certified, multiple plug types and reliable performance","robots":{"index":"index","follow":"follow","max-snippet":"max-snippet:-1","max-image-preview":"max-image-preview:large","max-video-preview":"max-video-preview:-1"},"canonical":"https:\/\/alarmplus.mk\/mk\/product\/dahua-pfm320d-series-12v-2a-power-adapter\/","og_locale":"mk_MK","og_type":"article","og_title":"Dahua PFM320D 12V 2A Power Adapter \u2013 CE UL Certified","og_description":"Dahua PFM320D Series 12V 2A power adapter with surge and ESD protection, wide 100\u2013240V input, CE\/UL certified, multiple plug types and reliable performance","og_url":"https:\/\/alarmplus.mk\/mk\/product\/dahua-pfm320d-series-12v-2a-power-adapter\/","og_site_name":"alarmplus.mk","article_publisher":"https:\/\/www.facebook.com\/alarmplus.mk","og_image":[{"width":800,"height":800,"url":"https:\/\/alarmplus.mk\/wp-content\/uploads\/2026\/02\/Dahua-PFM320D-Series-12V-2A-Power-Adapter.webp","type":"image\/webp"}],"twitter_card":"summary_large_image","twitter_misc":{"Est. reading time":"1 \u043c\u0438\u043d\u0443\u0442\u0430"},"schema":{"@context":"https:\/\/schema.org","@graph":[{"@type":"WebPage","@id":"https:\/\/alarmplus.mk\/mk\/product\/dahua-pfm320d-series-12v-2a-power-adapter\/","url":"https:\/\/alarmplus.mk\/mk\/product\/dahua-pfm320d-series-12v-2a-power-adapter\/","name":"Dahua PFM320D 12V 2A Power Adapter \u2013 CE UL Certified","isPartOf":{"@id":"https:\/\/alarmplus.mk\/mk\/#website"},"primaryImageOfPage":{"@id":"https:\/\/alarmplus.mk\/mk\/product\/dahua-pfm320d-series-12v-2a-power-adapter\/#primaryimage"},"image":{"@id":"https:\/\/alarmplus.mk\/mk\/product\/dahua-pfm320d-series-12v-2a-power-adapter\/#primaryimage"},"thumbnailUrl":"https:\/\/alarmplus.mk\/wp-content\/uploads\/2026\/02\/Dahua-PFM320D-Series-12V-2A-Power-Adapter.webp","datePublished":"2026-02-22T21:04:59+00:00","description":"Dahua PFM320D Series 12V 2A power adapter with surge and ESD protection, wide 100\u2013240V input, CE\/UL certified, multiple plug types and reliable performance","breadcrumb":{"@id":"https:\/\/alarmplus.mk\/mk\/product\/dahua-pfm320d-series-12v-2a-power-adapter\/#breadcrumb"},"inLanguage":"mk-MK","potentialAction":[{"@type":"ReadAction","target":["https:\/\/alarmplus.mk\/mk\/product\/dahua-pfm320d-series-12v-2a-power-adapter\/"]}]},{"@type":"ImageObject","inLanguage":"mk-MK","@id":"https:\/\/alarmplus.mk\/mk\/product\/dahua-pfm320d-series-12v-2a-power-adapter\/#primaryimage","url":"https:\/\/alarmplus.mk\/wp-content\/uploads\/2026\/02\/Dahua-PFM320D-Series-12V-2A-Power-Adapter.webp","contentUrl":"https:\/\/alarmplus.mk\/wp-content\/uploads\/2026\/02\/Dahua-PFM320D-Series-12V-2A-Power-Adapter.webp","width":800,"height":800,"caption":"Dahua PFM320D Series 12V 2A Power Adapter for CCTV and IP Cameras front side view"},{"@type":"BreadcrumbList","@id":"https:\/\/alarmplus.mk\/mk\/product\/dahua-pfm320d-series-12v-2a-power-adapter\/#breadcrumb","itemListElement":[{"@type":"ListItem","position":1,"name":"Home","item":"https:\/\/alarmplus.mk\/mk\/"},{"@type":"ListItem","position":2,"name":"\u041f\u0440\u043e\u0434\u0430\u0432\u043d\u0438\u0446\u0430","item":"https:\/\/alarmplus.mk\/mk\/shop\/"},{"@type":"ListItem","position":3,"name":"Dahua PFM320D Series 12V 2A Power Adapter"}]},{"@type":"WebSite","@id":"https:\/\/alarmplus.mk\/mk\/#website","url":"https:\/\/alarmplus.mk\/mk\/","name":"alarmplus.mk","description":"Best Security Cameras and Alarms","publisher":{"@id":"https:\/\/alarmplus.mk\/mk\/#organization"},"alternateName":"Alarm Plus","potentialAction":[{"@type":"SearchAction","target":{"@type":"EntryPoint","urlTemplate":"https:\/\/alarmplus.mk\/mk\/?s={search_term_string}"},"query-input":{"@type":"PropertyValueSpecification","valueRequired":true,"valueName":"search_term_string"}}],"inLanguage":"mk-MK"},{"@type":"Organization","@id":"https:\/\/alarmplus.mk\/mk\/#organization","name":"alarmplus.mk","alternateName":"Alarm Plus Home & Business Security Solutions","url":"https:\/\/alarmplus.mk\/mk\/","logo":{"@type":"ImageObject","inLanguage":"mk-MK","@id":"https:\/\/alarmplus.mk\/mk\/#\/schema\/logo\/image\/","url":"https:\/\/alarmplus.mk\/wp-content\/uploads\/2025\/05\/alarmplus.mk5_-e1747004561767.png","contentUrl":"https:\/\/alarmplus.mk\/wp-content\/uploads\/2025\/05\/alarmplus.mk5_-e1747004561767.png","width":477,"height":114,"caption":"alarmplus.mk"},"image":{"@id":"https:\/\/alarmplus.mk\/mk\/#\/schema\/logo\/image\/"},"sameAs":["https:\/\/www.facebook.com\/alarmplus.mk","https:\/\/www.instagram.com\/alarmplusmk"]}]}},"jetpack_sharing_enabled":true,"_links":{"self":[{"href":"https:\/\/alarmplus.mk\/mk\/wp-json\/wp\/v2\/product\/10667","targetHints":{"allow":["GET"]}}],"collection":[{"href":"https:\/\/alarmplus.mk\/mk\/wp-json\/wp\/v2\/product"}],"about":[{"href":"https:\/\/alarmplus.mk\/mk\/wp-json\/wp\/v2\/types\/product"}],"replies":[{"embeddable":true,"href":"https:\/\/alarmplus.mk\/mk\/wp-json\/wp\/v2\/comments?post=10667"}],"wp:featuredmedia":[{"embeddable":true,"href":"https:\/\/alarmplus.mk\/mk\/wp-json\/wp\/v2\/media\/10668"}],"wp:attachment":[{"href":"https:\/\/alarmplus.mk\/mk\/wp-json\/wp\/v2\/media?parent=10667"}],"wp:term":[{"taxonomy":"product_brand","embeddable":true,"href":"https:\/\/alarmplus.mk\/mk\/wp-json\/wp\/v2\/product_brand?post=10667"},{"taxonomy":"product_cat","embeddable":true,"href":"https:\/\/alarmplus.mk\/mk\/wp-json\/wp\/v2\/product_cat?post=10667"},{"taxonomy":"product_tag","embeddable":true,"href":"https:\/\/alarmplus.mk\/mk\/wp-json\/wp\/v2\/product_tag?post=10667"}],"curies":[{"name":"wp","href":"https:\/\/api.w.org\/{rel}","templated":true}]}}