{"id":11979,"date":"2026-05-03T20:44:48","date_gmt":"2026-05-03T18:44:48","guid":{"rendered":"https:\/\/alarmplus.mk\/?post_type=product&#038;p=11979"},"modified":"2026-05-03T20:44:48","modified_gmt":"2026-05-03T18:44:48","slug":"dahua-f4c-pv-4mp-fixed-focal-wi-fi-bullet-network-camera","status":"publish","type":"product","link":"https:\/\/alarmplus.mk\/mk\/product\/dahua-f4c-pv-4mp-fixed-focal-wi-fi-bullet-network-camera\/","title":{"rendered":"Dahua F4C-PV 4MP Fixed-focal Wi-Fi Bullet Network Camera"},"content":{"rendered":"<table style=\"width: 100%;border-collapse: collapse;font-family: Arial, sans-serif;font-size: 14px;border: 1px solid #ccc\"><!-- TITLE --><\/p>\n<tbody>\n<tr>\n<th style=\"border: 1px solid #ccc;background: #f2f2f2;padding: 10px;text-align: left;font-size: 15px\" colspan=\"2\">Dahua F4C-PV 4MP Fixed-focal Wi-Fi Bullet Network Camera &#8211; Specifications<\/th>\n<\/tr>\n<p><!-- CAMERA --><\/p>\n<tr>\n<th style=\"border: 1px solid #ccc;background: #e8f4ff;padding: 8px;text-align: left\" colspan=\"2\">Camera<\/th>\n<\/tr>\n<tr>\n<td style=\"border: 1px solid #ccc;padding: 8px\">Image Sensor<\/td>\n<td style=\"border: 1px solid #ccc;padding: 8px\">1\/3&#8243; CMOS<\/td>\n<\/tr>\n<tr>\n<td style=\"border: 1px solid #ccc;padding: 8px\">Max. Resolution<\/td>\n<td style=\"border: 1px solid #ccc;padding: 8px\">2560 (H) \u00d7 1440 (V)<\/td>\n<\/tr>\n<tr>\n<td style=\"border: 1px solid #ccc;padding: 8px\">Electronic Shutter Speed<\/td>\n<td style=\"border: 1px solid #ccc;padding: 8px\">Auto\/Manual 1\/3 s\u20131\/100,000 s<\/td>\n<\/tr>\n<tr>\n<td style=\"border: 1px solid #ccc;padding: 8px\">Illumination Distance<\/td>\n<td style=\"border: 1px solid #ccc;padding: 8px\">Up to 30 m (98.53 ft) (IR)<br \/>\nUp to 30 m (98.53 ft) (Warm light)<\/td>\n<\/tr>\n<tr>\n<td style=\"border: 1px solid #ccc;padding: 8px\">Illuminator On\/Off Control<\/td>\n<td style=\"border: 1px solid #ccc;padding: 8px\">Auto<\/td>\n<\/tr>\n<tr>\n<td style=\"border: 1px solid #ccc;padding: 8px\">Illuminator Number<\/td>\n<td style=\"border: 1px solid #ccc;padding: 8px\">2 (IR LED); 2 (Warm light)<\/td>\n<\/tr>\n<tr>\n<td style=\"border: 1px solid #ccc;padding: 8px\">Max. Aperture<\/td>\n<td style=\"border: 1px solid #ccc;padding: 8px\">F1.6<\/td>\n<\/tr>\n<tr>\n<td style=\"border: 1px solid #ccc;padding: 8px\">Field of View<\/td>\n<td style=\"border: 1px solid #ccc;padding: 8px\">2.8 mm: H: 98\u00b0; V: 55\u00b0; D: 115\u00b0<br \/>\n3.6 mm: H: 78\u00b0; V: 41\u00b0; D: 94\u00b0<\/td>\n<\/tr>\n<p><!-- INTELLIGENCE --><\/p>\n<tr>\n<th style=\"border: 1px solid #ccc;background: #e8f4ff;padding: 8px;text-align: left\" colspan=\"2\">Intelligence<\/th>\n<\/tr>\n<tr>\n<td style=\"border: 1px solid #ccc;padding: 8px\">Human Detection<\/td>\n<td style=\"border: 1px solid #ccc;padding: 8px\">Support the classification and accurate detection of human<\/td>\n<\/tr>\n<p><!-- VIDEO &amp; AUDIO --><\/p>\n<tr>\n<th style=\"border: 1px solid #ccc;background: #e8f4ff;padding: 8px;text-align: left\" colspan=\"2\">Video &amp; Audio<\/th>\n<\/tr>\n<tr>\n<td style=\"border: 1px solid #ccc;padding: 8px\">Video Compression<\/td>\n<td style=\"border: 1px solid #ccc;padding: 8px\">H.264B; H.264; H.264H; H.265<\/td>\n<\/tr>\n<tr>\n<td style=\"border: 1px solid #ccc;padding: 8px\">Video Frame Rate<\/td>\n<td style=\"border: 1px solid #ccc;padding: 8px\">Main stream: 2560 \u00d7 1440@(1\u201325\/30 fps);<br \/>\nsub stream: 640 \u00d7 480@(1\u201325\/30 fps);<br \/>\n*The values above are the max. frame rates of each stream; for multiple streams, the values will be subjected to the total encoding capacity.<\/td>\n<\/tr>\n<tr>\n<td style=\"border: 1px solid #ccc;padding: 8px\">Resolution<\/td>\n<td style=\"border: 1px solid #ccc;padding: 8px\">4M (2560 \u00d7 1440); 3M (2304 \u00d7 1296); 1080p (1920 \u00d7 1080); 1.3M (1280 \u00d7 960); 720p (1280 \u00d7 720)<\/td>\n<\/tr>\n<tr>\n<td style=\"border: 1px solid #ccc;padding: 8px\">Video Bit Rate<\/td>\n<td style=\"border: 1px solid #ccc;padding: 8px\">H.264: 32kbps ~ 4096kbps<br \/>\nH.265: 12kbps ~ 4096kbps<\/td>\n<\/tr>\n<tr>\n<td style=\"border: 1px solid #ccc;padding: 8px\">Day\/Night<\/td>\n<td style=\"border: 1px solid #ccc;padding: 8px\">Auto(ICR)\/Color\/B\/W<\/td>\n<\/tr>\n<tr>\n<td style=\"border: 1px solid #ccc;padding: 8px\">Motion Detection<\/td>\n<td style=\"border: 1px solid #ccc;padding: 8px\">OFF\/ON<\/td>\n<\/tr>\n<tr>\n<td style=\"border: 1px solid #ccc;padding: 8px\">Smart Illumination<\/td>\n<td style=\"border: 1px solid #ccc;padding: 8px\">Yes<\/td>\n<\/tr>\n<tr>\n<td style=\"border: 1px solid #ccc;padding: 8px\">Image Rotation<\/td>\n<td style=\"border: 1px solid #ccc;padding: 8px\">0\u00b0\/180\u00b0<\/td>\n<\/tr>\n<tr>\n<td style=\"border: 1px solid #ccc;padding: 8px\">Built-in MIC<\/td>\n<td style=\"border: 1px solid #ccc;padding: 8px\">Yes, built-in Mic<\/td>\n<\/tr>\n<tr>\n<td style=\"border: 1px solid #ccc;padding: 8px\">Built-in Speaker<\/td>\n<td style=\"border: 1px solid #ccc;padding: 8px\">Yes<\/td>\n<\/tr>\n<tr>\n<td style=\"border: 1px solid #ccc;padding: 8px\">Audio Compression<\/td>\n<td style=\"border: 1px solid #ccc;padding: 8px\">G.711a; G.711Mu; PCM; G.726<\/td>\n<\/tr>\n<p><!-- NETWORK --><\/p>\n<tr>\n<th style=\"border: 1px solid #ccc;background: #e8f4ff;padding: 8px;text-align: left\" colspan=\"2\">Network<\/th>\n<\/tr>\n<tr>\n<td style=\"border: 1px solid #ccc;padding: 8px\">Network Port<\/td>\n<td style=\"border: 1px solid #ccc;padding: 8px\">RJ-45 (10\/100 Base-T)<\/td>\n<\/tr>\n<tr>\n<td style=\"border: 1px solid #ccc;padding: 8px\">Wi-Fi<\/td>\n<td style=\"border: 1px solid #ccc;padding: 8px\">IEEE802.11b\/g\/n 2.4\u20132.4835 GHz; 2.4 G<\/td>\n<\/tr>\n<tr>\n<td style=\"border: 1px solid #ccc;padding: 8px\">Storage<\/td>\n<td style=\"border: 1px solid #ccc;padding: 8px\">Micro SD card (support max. 256 GB)<\/td>\n<\/tr>\n<tr>\n<td style=\"border: 1px solid #ccc;padding: 8px\">Management Software<\/td>\n<td style=\"border: 1px solid #ccc;padding: 8px\">Smart PSS; DSS; DMSS<\/td>\n<\/tr>\n<tr>\n<td style=\"border: 1px solid #ccc;padding: 8px\">Mobile Client<\/td>\n<td style=\"border: 1px solid #ccc;padding: 8px\">iOS;Android<\/td>\n<\/tr>\n<p><!-- GENERAL --><\/p>\n<tr>\n<th style=\"border: 1px solid #ccc;background: #e8f4ff;padding: 8px;text-align: left\" colspan=\"2\">General<\/th>\n<\/tr>\n<tr>\n<td style=\"border: 1px solid #ccc;padding: 8px\">Certifications<\/td>\n<td style=\"border: 1px solid #ccc;padding: 8px\">CE-LVD: EN62368-1;<br \/>\nCE-EMC: Electromagnetic Compatibility Directive 2014\/30\/EU;<br \/>\nCE-RED: Radio Equipment Directive 2014\/53\/EU<\/td>\n<\/tr>\n<tr>\n<td style=\"border: 1px solid #ccc;padding: 8px\">Power Supply<\/td>\n<td style=\"border: 1px solid #ccc;padding: 8px\">12 VDC<\/td>\n<\/tr>\n<tr>\n<td style=\"border: 1px solid #ccc;padding: 8px\">Power Consumption<\/td>\n<td style=\"border: 1px solid #ccc;padding: 8px\">Basic: 2.2 W (12 VDC)<br \/>\nMax. (H.265+warm light intensity): 6.6 W (12 VDC)<\/td>\n<\/tr>\n<tr>\n<td style=\"border: 1px solid #ccc;padding: 8px\">Operating Temperature<\/td>\n<td style=\"border: 1px solid #ccc;padding: 8px\">\u201340 \u00b0C to +60 \u00b0C (\u201340 \u00b0F to +140 \u00b0F)<\/td>\n<\/tr>\n<tr>\n<td style=\"border: 1px solid #ccc;padding: 8px\">Operating Humidity<\/td>\n<td style=\"border: 1px solid #ccc;padding: 8px\">\u226495%<\/td>\n<\/tr>\n<tr>\n<td style=\"border: 1px solid #ccc;padding: 8px\">Protection<\/td>\n<td style=\"border: 1px solid #ccc;padding: 8px\">IP67<\/td>\n<\/tr>\n<tr>\n<td style=\"border: 1px solid #ccc;padding: 8px\">Casing Material<\/td>\n<td style=\"border: 1px solid #ccc;padding: 8px\">Metal + plastic<\/td>\n<\/tr>\n<tr>\n<td style=\"border: 1px solid #ccc;padding: 8px\">Product Dimensions<\/td>\n<td style=\"border: 1px solid #ccc;padding: 8px\">131.0 mm \u00d7 78.4 mm \u00d7 97.2 mm (5.47&#8243; \u00d7 4.80&#8243; \u00d7 3.83&#8243;) (L \u00d7 W \u00d7 H)<\/td>\n<\/tr>\n<tr>\n<td style=\"border: 1px solid #ccc;padding: 8px\">Net Weight<\/td>\n<td style=\"border: 1px solid #ccc;padding: 8px\">254.5 g (0.56 lb)<\/td>\n<\/tr>\n<\/tbody>\n<\/table>\n","protected":false},"excerpt":{"rendered":"<p>Dahua F4C-PV 4MP Fixed-focal Wi-Fi Bullet Network Camera<\/p>\n<p>Dahua F4C-PV 4MP Fixed-focal Wi-Fi Bullet Network Camera \u0435 \u043d\u0430\u043f\u0440\u0435\u0434\u043d\u0430 \u0431\u0435\u0437\u0431\u0435\u0434\u043d\u043e\u0441\u043d\u0430 \u043a\u0430\u043c\u0435\u0440\u0430 \u0434\u0438\u0437\u0430\u0458\u043d\u0438\u0440\u0430\u043d\u0430 \u0437\u0430 \u0432\u0438\u0441\u043e\u043a\u043e\u043a\u0432\u0430\u043b\u0438\u0442\u0435\u0442\u0435\u043d \u0432\u0438\u0434\u0435\u043e \u043d\u0430\u0434\u0437\u043e\u0440 \u0438 \u043f\u0430\u043c\u0435\u0442\u043d\u043e \u043f\u0440\u0435\u043f\u043e\u0437\u043d\u0430\u0432\u0430\u045a\u0435 \u043d\u0430 \u0434\u0432\u0438\u0436\u0435\u045a\u0435. \u0421\u043e 4MP \u0440\u0435\u0437\u043e\u043b\u0443\u0446\u0438\u0458\u0430 (2560 \u00d7 1440), \u043e\u0432\u0430\u0430 \u043a\u0430\u043c\u0435\u0440\u0430 \u043e\u0431\u0435\u0437\u0431\u0435\u0434\u0443\u0432\u0430 \u0458\u0430\u0441\u043d\u0430 \u0438 \u0434\u0435\u0442\u0430\u043b\u043d\u0430 \u0441\u043b\u0438\u043a\u0430 \u043f\u043e\u0433\u043e\u0434\u043d\u0430 \u0437\u0430 \u0434\u043e\u043c\u043e\u0432\u0438, \u0434\u0435\u043b\u043e\u0432\u043d\u0438 \u043e\u0431\u0458\u0435\u043a\u0442\u0438 \u0438 \u043d\u0430\u0434\u0432\u043e\u0440\u0435\u0448\u043d\u0438 \u0438\u043d\u0441\u0442\u0430\u043b\u0430\u0446\u0438\u0438.<\/p>\n<p>\u041a\u0430\u043c\u0435\u0440\u0430\u0442\u0430 \u043a\u043e\u0440\u0438\u0441\u0442\u0438 1\/3&#8243; CMOS \u0441\u0435\u043d\u0437\u043e\u0440 \u0438 \u043f\u043e\u0434\u0434\u0440\u0436\u0443\u0432\u0430 H.265\/H.264 \u043a\u043e\u043c\u043f\u0440\u0435\u0441\u0438\u0458\u0430 \u0437\u0430 \u0435\u0444\u0438\u043a\u0430\u0441\u043d\u043e \u0441\u043a\u043b\u0430\u0434\u0438\u0440\u0430\u045a\u0435 \u043d\u0430 \u0432\u0438\u0434\u0435\u043e \u0441\u043d\u0438\u043c\u043a\u0438. \u0411\u043b\u0430\u0433\u043e\u0434\u0430\u0440\u0435\u043d\u0438\u0435 \u043d\u0430 \u0432\u0433\u0440\u0430\u0434\u0435\u043d\u0430\u0442\u0430 IR \u0438 \u0442\u043e\u043f\u043b\u0430 \u0441\u0432\u0435\u0442\u043b\u0438\u043d\u0430 (\u0434\u043e 30m), \u043e\u0432\u043e\u0437\u043c\u043e\u0436\u0443\u0432\u0430 \u043e\u0434\u043b\u0438\u0447\u043d\u0430 \u0432\u0438\u0434\u043b\u0438\u0432\u043e\u0441\u0442 \u0438 \u0434\u0435\u045a\u0435 \u0438 \u043d\u043e\u045c\u0435.<\/p>\n<p>\u0421\u043e \u0438\u043d\u0442\u0435\u043b\u0438\u0433\u0435\u043d\u0442\u043d\u0430 \u0444\u0443\u043d\u043a\u0446\u0438\u0458\u0430 \u0437\u0430 \u0434\u0435\u0442\u0435\u043a\u0446\u0438\u0458\u0430 \u043d\u0430 \u043b\u0443\u0453\u0435, \u0443\u0440\u0435\u0434\u043e\u0442 \u043f\u0440\u0435\u0446\u0438\u0437\u043d\u043e \u0440\u0430\u0437\u043b\u0438\u043a\u0443\u0432\u0430 \u0447\u043e\u0432\u0435\u0447\u043a\u0438 \u0434\u0432\u0438\u0436\u0435\u045a\u0430 \u043e\u0434 \u0434\u0440\u0443\u0433\u0438 \u043e\u0431\u0458\u0435\u043a\u0442\u0438, \u043d\u0430\u043c\u0430\u043b\u0443\u0432\u0430\u0458\u045c\u0438 \u043b\u0430\u0436\u043d\u0438 \u0430\u043b\u0430\u0440\u043c\u0438. \u041f\u043e\u0434\u0434\u0440\u0436\u0443\u0432\u0430 Wi-Fi \u043f\u043e\u0432\u0440\u0437\u0443\u0432\u0430\u045a\u0435 (2.4GHz), Micro SD \u043a\u0430\u0440\u0442\u0438\u0447\u043a\u0430 \u0434\u043e 256GB \u0438 \u0443\u043f\u0440\u0430\u0432\u0443\u0432\u0430\u045a\u0435 \u043f\u0440\u0435\u043a\u0443 \u043c\u043e\u0431\u0438\u043b\u043d\u0438 \u0430\u043f\u043b\u0438\u043a\u0430\u0446\u0438\u0438 (iOS \u0438 Android).<\/p>\n<p>\u041a\u0430\u043c\u0435\u0440\u0430\u0442\u0430 \u0435 \u043e\u043f\u0440\u0435\u043c\u0435\u043d\u0430 \u0441\u043e IP67 \u0437\u0430\u0448\u0442\u0438\u0442\u0430, \u0448\u0442\u043e \u0458\u0430 \u043f\u0440\u0430\u0432\u0438 \u043e\u0442\u043f\u043e\u0440\u043d\u0430 \u043d\u0430 \u043f\u0440\u0430\u0448\u0438\u043d\u0430 \u0438 \u0432\u043e\u0434\u0430, \u0438\u0434\u0435\u0430\u043b\u043d\u0430 \u0437\u0430 \u043d\u0430\u0434\u0432\u043e\u0440\u0435\u0448\u043d\u0430 \u0443\u043f\u043e\u0442\u0440\u0435\u0431\u0430 \u0432\u043e \u0442\u0435\u0448\u043a\u0438 \u0432\u0440\u0435\u043c\u0435\u043d\u0441\u043a\u0438 \u0443\u0441\u043b\u043e\u0432\u0438 (-40\u00b0C \u0434\u043e +60\u00b0C). \u0414\u043e\u043f\u043e\u043b\u043d\u0438\u0442\u0435\u043b\u043d\u043e, \u0438\u043c\u0430 \u0432\u0433\u0440\u0430\u0434\u0435\u043d \u043c\u0438\u043a\u0440\u043e\u0444\u043e\u043d \u0438 \u0437\u0432\u0443\u0447\u043d\u0438\u043a \u0437\u0430 \u0434\u0432\u043e\u043d\u0430\u0441\u043e\u0447\u043d\u0430 \u043a\u043e\u043c\u0443\u043d\u0438\u043a\u0430\u0446\u0438\u0458\u0430.<\/p>\n<p>Dahua F4C-PV \u0435 \u0441\u0438\u0433\u0443\u0440\u043d\u043e \u0438 \u043c\u043e\u0434\u0435\u0440\u043d\u043e \u0440\u0435\u0448\u0435\u043d\u0438\u0435 \u0437\u0430 \u043f\u0430\u043c\u0435\u0442\u0435\u043d \u0432\u0438\u0434\u0435\u043e \u043d\u0430\u0434\u0437\u043e\u0440 \u0441\u043e \u0432\u0438\u0441\u043e\u043a\u0430 \u0440\u0435\u0437\u043e\u043b\u0443\u0446\u0438\u0458\u0430, \u0441\u0442\u0430\u0431\u0438\u043b\u043d\u0430 \u043f\u043e\u0432\u0440\u0437\u0430\u043d\u043e\u0441\u0442 \u0438 \u043d\u0430\u043f\u0440\u0435\u0434\u043d\u0438 AI \u0444\u0443\u043d\u043a\u0446\u0438\u0438.<\/p>\n<p>\u0413\u0430\u0440\u0430\u043d\u0446\u0438\u0458\u0430 12 \u043c\u0435\u0441\u0435\u0446\u0438<\/p>\n","protected":false},"featured_media":11980,"comment_status":"open","ping_status":"closed","template":"","meta":{"_acf_changed":false},"product_brand":[225],"product_cat":[251],"product_tag":[],"class_list":{"0":"post-11979","1":"product","2":"type-product","3":"status-publish","4":"has-post-thumbnail","6":"product_brand-dahua","7":"product_cat-network-cameras","9":"first","10":"instock","11":"taxable","12":"shipping-taxable","13":"purchasable","14":"product-type-simple"},"acf":[],"yoast_head":"<!-- This site is optimized with the Yoast SEO plugin v27.4 - https:\/\/yoast.com\/product\/yoast-seo-wordpress\/ -->\n<title>Dahua F4C-PV 4MP WiFi Bullet Camera Human Detection IR<\/title>\n<meta name=\"description\" content=\"Dahua F4C-PV 4MP WiFi bullet camera with human detection, IR + warm light night vision, IP67 waterproof design and 256GB storage support.\" \/>\n<meta name=\"robots\" content=\"index, follow, max-snippet:-1, max-image-preview:large, max-video-preview:-1\" \/>\n<link rel=\"canonical\" href=\"https:\/\/alarmplus.mk\/mk\/product\/dahua-f4c-pv-4mp-fixed-focal-wi-fi-bullet-network-camera\/\" \/>\n<meta property=\"og:locale\" content=\"mk_MK\" \/>\n<meta property=\"og:type\" content=\"article\" \/>\n<meta property=\"og:title\" content=\"Dahua F4C-PV 4MP WiFi Bullet Camera Human Detection IR\" \/>\n<meta property=\"og:description\" content=\"Dahua F4C-PV 4MP WiFi bullet camera with human detection, IR + warm light night vision, IP67 waterproof design and 256GB storage support.\" \/>\n<meta property=\"og:url\" content=\"https:\/\/alarmplus.mk\/mk\/product\/dahua-f4c-pv-4mp-fixed-focal-wi-fi-bullet-network-camera\/\" \/>\n<meta property=\"og:site_name\" content=\"alarmplus.mk\" \/>\n<meta property=\"article:publisher\" content=\"https:\/\/www.facebook.com\/alarmplus.mk\" \/>\n<meta property=\"og:image\" content=\"https:\/\/alarmplus.mk\/wp-content\/uploads\/2026\/05\/Dahua-F4C-PV-4MP-Fixed-focal-Wi-Fi-Bullet-Network-Camera.webp\" \/>\n\t<meta property=\"og:image:width\" content=\"800\" \/>\n\t<meta property=\"og:image:height\" content=\"800\" \/>\n\t<meta property=\"og:image:type\" content=\"image\/webp\" \/>\n<meta name=\"twitter:card\" content=\"summary_large_image\" \/>\n<meta name=\"twitter:label1\" content=\"Est. reading time\" \/>\n\t<meta name=\"twitter:data1\" content=\"2 \u043c\u0438\u043d\u0443\u0442\u0438\" \/>\n<script type=\"application\/ld+json\" class=\"yoast-schema-graph\">{\"@context\":\"https:\\\/\\\/schema.org\",\"@graph\":[{\"@type\":\"WebPage\",\"@id\":\"https:\\\/\\\/alarmplus.mk\\\/mk\\\/product\\\/dahua-f4c-pv-4mp-fixed-focal-wi-fi-bullet-network-camera\\\/\",\"url\":\"https:\\\/\\\/alarmplus.mk\\\/mk\\\/product\\\/dahua-f4c-pv-4mp-fixed-focal-wi-fi-bullet-network-camera\\\/\",\"name\":\"Dahua F4C-PV 4MP WiFi Bullet Camera Human Detection IR\",\"isPartOf\":{\"@id\":\"https:\\\/\\\/alarmplus.mk\\\/mk\\\/#website\"},\"primaryImageOfPage\":{\"@id\":\"https:\\\/\\\/alarmplus.mk\\\/mk\\\/product\\\/dahua-f4c-pv-4mp-fixed-focal-wi-fi-bullet-network-camera\\\/#primaryimage\"},\"image\":{\"@id\":\"https:\\\/\\\/alarmplus.mk\\\/mk\\\/product\\\/dahua-f4c-pv-4mp-fixed-focal-wi-fi-bullet-network-camera\\\/#primaryimage\"},\"thumbnailUrl\":\"https:\\\/\\\/alarmplus.mk\\\/wp-content\\\/uploads\\\/2026\\\/05\\\/Dahua-F4C-PV-4MP-Fixed-focal-Wi-Fi-Bullet-Network-Camera.webp\",\"datePublished\":\"2026-05-03T18:44:48+00:00\",\"description\":\"Dahua F4C-PV 4MP WiFi bullet camera with human detection, IR + warm light night vision, IP67 waterproof design and 256GB storage support.\",\"breadcrumb\":{\"@id\":\"https:\\\/\\\/alarmplus.mk\\\/mk\\\/product\\\/dahua-f4c-pv-4mp-fixed-focal-wi-fi-bullet-network-camera\\\/#breadcrumb\"},\"inLanguage\":\"mk-MK\",\"potentialAction\":[{\"@type\":\"ReadAction\",\"target\":[\"https:\\\/\\\/alarmplus.mk\\\/mk\\\/product\\\/dahua-f4c-pv-4mp-fixed-focal-wi-fi-bullet-network-camera\\\/\"]}]},{\"@type\":\"ImageObject\",\"inLanguage\":\"mk-MK\",\"@id\":\"https:\\\/\\\/alarmplus.mk\\\/mk\\\/product\\\/dahua-f4c-pv-4mp-fixed-focal-wi-fi-bullet-network-camera\\\/#primaryimage\",\"url\":\"https:\\\/\\\/alarmplus.mk\\\/wp-content\\\/uploads\\\/2026\\\/05\\\/Dahua-F4C-PV-4MP-Fixed-focal-Wi-Fi-Bullet-Network-Camera.webp\",\"contentUrl\":\"https:\\\/\\\/alarmplus.mk\\\/wp-content\\\/uploads\\\/2026\\\/05\\\/Dahua-F4C-PV-4MP-Fixed-focal-Wi-Fi-Bullet-Network-Camera.webp\",\"width\":800,\"height\":800,\"caption\":\"Dahua F4C-PV 4MP WiFi bullet security camera with IR and warm light night vision IP67 outdoor surveillance system front side view\"},{\"@type\":\"BreadcrumbList\",\"@id\":\"https:\\\/\\\/alarmplus.mk\\\/mk\\\/product\\\/dahua-f4c-pv-4mp-fixed-focal-wi-fi-bullet-network-camera\\\/#breadcrumb\",\"itemListElement\":[{\"@type\":\"ListItem\",\"position\":1,\"name\":\"Home\",\"item\":\"https:\\\/\\\/alarmplus.mk\\\/mk\\\/\"},{\"@type\":\"ListItem\",\"position\":2,\"name\":\"\u041f\u0440\u043e\u0434\u0430\u0432\u043d\u0438\u0446\u0430\",\"item\":\"https:\\\/\\\/alarmplus.mk\\\/mk\\\/shop\\\/\"},{\"@type\":\"ListItem\",\"position\":3,\"name\":\"Dahua F4C-PV 4MP Fixed-focal Wi-Fi Bullet Network Camera\"}]},{\"@type\":\"WebSite\",\"@id\":\"https:\\\/\\\/alarmplus.mk\\\/mk\\\/#website\",\"url\":\"https:\\\/\\\/alarmplus.mk\\\/mk\\\/\",\"name\":\"alarmplus.mk\",\"description\":\"Best Security Cameras and Alarms\",\"publisher\":{\"@id\":\"https:\\\/\\\/alarmplus.mk\\\/mk\\\/#organization\"},\"alternateName\":\"Alarm Plus\",\"potentialAction\":[{\"@type\":\"SearchAction\",\"target\":{\"@type\":\"EntryPoint\",\"urlTemplate\":\"https:\\\/\\\/alarmplus.mk\\\/mk\\\/?s={search_term_string}\"},\"query-input\":{\"@type\":\"PropertyValueSpecification\",\"valueRequired\":true,\"valueName\":\"search_term_string\"}}],\"inLanguage\":\"mk-MK\"},{\"@type\":\"Organization\",\"@id\":\"https:\\\/\\\/alarmplus.mk\\\/mk\\\/#organization\",\"name\":\"alarmplus.mk\",\"alternateName\":\"Alarm Plus Home & Business Security Solutions\",\"url\":\"https:\\\/\\\/alarmplus.mk\\\/mk\\\/\",\"logo\":{\"@type\":\"ImageObject\",\"inLanguage\":\"mk-MK\",\"@id\":\"https:\\\/\\\/alarmplus.mk\\\/mk\\\/#\\\/schema\\\/logo\\\/image\\\/\",\"url\":\"https:\\\/\\\/alarmplus.mk\\\/wp-content\\\/uploads\\\/2025\\\/05\\\/alarmplus.mk5_-e1747004561767.png\",\"contentUrl\":\"https:\\\/\\\/alarmplus.mk\\\/wp-content\\\/uploads\\\/2025\\\/05\\\/alarmplus.mk5_-e1747004561767.png\",\"width\":477,\"height\":114,\"caption\":\"alarmplus.mk\"},\"image\":{\"@id\":\"https:\\\/\\\/alarmplus.mk\\\/mk\\\/#\\\/schema\\\/logo\\\/image\\\/\"},\"sameAs\":[\"https:\\\/\\\/www.facebook.com\\\/alarmplus.mk\",\"https:\\\/\\\/www.instagram.com\\\/alarmplusmk\"]}]}<\/script>\n<!-- \/ Yoast SEO plugin. -->","yoast_head_json":{"title":"Dahua F4C-PV 4MP WiFi Bullet Camera Human Detection IR","description":"Dahua F4C-PV 4MP WiFi bullet camera with human detection, IR + warm light night vision, IP67 waterproof design and 256GB storage support.","robots":{"index":"index","follow":"follow","max-snippet":"max-snippet:-1","max-image-preview":"max-image-preview:large","max-video-preview":"max-video-preview:-1"},"canonical":"https:\/\/alarmplus.mk\/mk\/product\/dahua-f4c-pv-4mp-fixed-focal-wi-fi-bullet-network-camera\/","og_locale":"mk_MK","og_type":"article","og_title":"Dahua F4C-PV 4MP WiFi Bullet Camera Human Detection IR","og_description":"Dahua F4C-PV 4MP WiFi bullet camera with human detection, IR + warm light night vision, IP67 waterproof design and 256GB storage support.","og_url":"https:\/\/alarmplus.mk\/mk\/product\/dahua-f4c-pv-4mp-fixed-focal-wi-fi-bullet-network-camera\/","og_site_name":"alarmplus.mk","article_publisher":"https:\/\/www.facebook.com\/alarmplus.mk","og_image":[{"width":800,"height":800,"url":"https:\/\/alarmplus.mk\/wp-content\/uploads\/2026\/05\/Dahua-F4C-PV-4MP-Fixed-focal-Wi-Fi-Bullet-Network-Camera.webp","type":"image\/webp"}],"twitter_card":"summary_large_image","twitter_misc":{"Est. reading time":"2 \u043c\u0438\u043d\u0443\u0442\u0438"},"schema":{"@context":"https:\/\/schema.org","@graph":[{"@type":"WebPage","@id":"https:\/\/alarmplus.mk\/mk\/product\/dahua-f4c-pv-4mp-fixed-focal-wi-fi-bullet-network-camera\/","url":"https:\/\/alarmplus.mk\/mk\/product\/dahua-f4c-pv-4mp-fixed-focal-wi-fi-bullet-network-camera\/","name":"Dahua F4C-PV 4MP WiFi Bullet Camera Human Detection IR","isPartOf":{"@id":"https:\/\/alarmplus.mk\/mk\/#website"},"primaryImageOfPage":{"@id":"https:\/\/alarmplus.mk\/mk\/product\/dahua-f4c-pv-4mp-fixed-focal-wi-fi-bullet-network-camera\/#primaryimage"},"image":{"@id":"https:\/\/alarmplus.mk\/mk\/product\/dahua-f4c-pv-4mp-fixed-focal-wi-fi-bullet-network-camera\/#primaryimage"},"thumbnailUrl":"https:\/\/alarmplus.mk\/wp-content\/uploads\/2026\/05\/Dahua-F4C-PV-4MP-Fixed-focal-Wi-Fi-Bullet-Network-Camera.webp","datePublished":"2026-05-03T18:44:48+00:00","description":"Dahua F4C-PV 4MP WiFi bullet camera with human detection, IR + warm light night vision, IP67 waterproof design and 256GB storage support.","breadcrumb":{"@id":"https:\/\/alarmplus.mk\/mk\/product\/dahua-f4c-pv-4mp-fixed-focal-wi-fi-bullet-network-camera\/#breadcrumb"},"inLanguage":"mk-MK","potentialAction":[{"@type":"ReadAction","target":["https:\/\/alarmplus.mk\/mk\/product\/dahua-f4c-pv-4mp-fixed-focal-wi-fi-bullet-network-camera\/"]}]},{"@type":"ImageObject","inLanguage":"mk-MK","@id":"https:\/\/alarmplus.mk\/mk\/product\/dahua-f4c-pv-4mp-fixed-focal-wi-fi-bullet-network-camera\/#primaryimage","url":"https:\/\/alarmplus.mk\/wp-content\/uploads\/2026\/05\/Dahua-F4C-PV-4MP-Fixed-focal-Wi-Fi-Bullet-Network-Camera.webp","contentUrl":"https:\/\/alarmplus.mk\/wp-content\/uploads\/2026\/05\/Dahua-F4C-PV-4MP-Fixed-focal-Wi-Fi-Bullet-Network-Camera.webp","width":800,"height":800,"caption":"Dahua F4C-PV 4MP WiFi bullet security camera with IR and warm light night vision IP67 outdoor surveillance system front side view"},{"@type":"BreadcrumbList","@id":"https:\/\/alarmplus.mk\/mk\/product\/dahua-f4c-pv-4mp-fixed-focal-wi-fi-bullet-network-camera\/#breadcrumb","itemListElement":[{"@type":"ListItem","position":1,"name":"Home","item":"https:\/\/alarmplus.mk\/mk\/"},{"@type":"ListItem","position":2,"name":"\u041f\u0440\u043e\u0434\u0430\u0432\u043d\u0438\u0446\u0430","item":"https:\/\/alarmplus.mk\/mk\/shop\/"},{"@type":"ListItem","position":3,"name":"Dahua F4C-PV 4MP Fixed-focal Wi-Fi Bullet Network Camera"}]},{"@type":"WebSite","@id":"https:\/\/alarmplus.mk\/mk\/#website","url":"https:\/\/alarmplus.mk\/mk\/","name":"alarmplus.mk","description":"Best Security Cameras and Alarms","publisher":{"@id":"https:\/\/alarmplus.mk\/mk\/#organization"},"alternateName":"Alarm Plus","potentialAction":[{"@type":"SearchAction","target":{"@type":"EntryPoint","urlTemplate":"https:\/\/alarmplus.mk\/mk\/?s={search_term_string}"},"query-input":{"@type":"PropertyValueSpecification","valueRequired":true,"valueName":"search_term_string"}}],"inLanguage":"mk-MK"},{"@type":"Organization","@id":"https:\/\/alarmplus.mk\/mk\/#organization","name":"alarmplus.mk","alternateName":"Alarm Plus Home & Business Security Solutions","url":"https:\/\/alarmplus.mk\/mk\/","logo":{"@type":"ImageObject","inLanguage":"mk-MK","@id":"https:\/\/alarmplus.mk\/mk\/#\/schema\/logo\/image\/","url":"https:\/\/alarmplus.mk\/wp-content\/uploads\/2025\/05\/alarmplus.mk5_-e1747004561767.png","contentUrl":"https:\/\/alarmplus.mk\/wp-content\/uploads\/2025\/05\/alarmplus.mk5_-e1747004561767.png","width":477,"height":114,"caption":"alarmplus.mk"},"image":{"@id":"https:\/\/alarmplus.mk\/mk\/#\/schema\/logo\/image\/"},"sameAs":["https:\/\/www.facebook.com\/alarmplus.mk","https:\/\/www.instagram.com\/alarmplusmk"]}]}},"jetpack_sharing_enabled":true,"_links":{"self":[{"href":"https:\/\/alarmplus.mk\/mk\/wp-json\/wp\/v2\/product\/11979","targetHints":{"allow":["GET"]}}],"collection":[{"href":"https:\/\/alarmplus.mk\/mk\/wp-json\/wp\/v2\/product"}],"about":[{"href":"https:\/\/alarmplus.mk\/mk\/wp-json\/wp\/v2\/types\/product"}],"replies":[{"embeddable":true,"href":"https:\/\/alarmplus.mk\/mk\/wp-json\/wp\/v2\/comments?post=11979"}],"wp:featuredmedia":[{"embeddable":true,"href":"https:\/\/alarmplus.mk\/mk\/wp-json\/wp\/v2\/media\/11980"}],"wp:attachment":[{"href":"https:\/\/alarmplus.mk\/mk\/wp-json\/wp\/v2\/media?parent=11979"}],"wp:term":[{"taxonomy":"product_brand","embeddable":true,"href":"https:\/\/alarmplus.mk\/mk\/wp-json\/wp\/v2\/product_brand?post=11979"},{"taxonomy":"product_cat","embeddable":true,"href":"https:\/\/alarmplus.mk\/mk\/wp-json\/wp\/v2\/product_cat?post=11979"},{"taxonomy":"product_tag","embeddable":true,"href":"https:\/\/alarmplus.mk\/mk\/wp-json\/wp\/v2\/product_tag?post=11979"}],"curies":[{"name":"wp","href":"https:\/\/api.w.org\/{rel}","templated":true}]}}