{"id":11981,"date":"2026-05-03T20:53:21","date_gmt":"2026-05-03T18:53:21","guid":{"rendered":"https:\/\/alarmplus.mk\/?post_type=product&#038;p=11981"},"modified":"2026-05-03T20:53:21","modified_gmt":"2026-05-03T18:53:21","slug":"dahua-c4k-p-4mp-compact-wi-fi-poe-camera","status":"publish","type":"product","link":"https:\/\/alarmplus.mk\/mk\/product\/dahua-c4k-p-4mp-compact-wi-fi-poe-camera\/","title":{"rendered":"Dahua C4K-P 4MP Compact Wi-Fi &amp; PoE Camera"},"content":{"rendered":"<table style=\"width: 100%;border-collapse: collapse;font-family: Arial, sans-serif;font-size: 14px;border: 1px solid #ccc\"><!-- TITLE --><\/p>\n<tbody>\n<tr>\n<th style=\"border: 1px solid #ccc;background: #f2f2f2;padding: 10px;text-align: left;font-size: 15px\" colspan=\"2\">Dahua C4K-P 4MP Compact Wi-Fi &amp; PoE Camera &#8211; Specifications<\/th>\n<\/tr>\n<p><!-- CAMERA --><\/p>\n<tr>\n<th style=\"border: 1px solid #ccc;background: #e8f4ff;padding: 8px;text-align: left\" colspan=\"2\">Camera<\/th>\n<\/tr>\n<tr>\n<td style=\"border: 1px solid #ccc;padding: 8px\">Image Sensor<\/td>\n<td style=\"border: 1px solid #ccc;padding: 8px\">1\/3&#8243; CMOS<\/td>\n<\/tr>\n<tr>\n<td style=\"border: 1px solid #ccc;padding: 8px\">Max. Resolution<\/td>\n<td style=\"border: 1px solid #ccc;padding: 8px\">2560 (H) \u00d7 1440 (V)<\/td>\n<\/tr>\n<tr>\n<td style=\"border: 1px solid #ccc;padding: 8px\">Illumination Distance<\/td>\n<td style=\"border: 1px solid #ccc;padding: 8px\">Up to 30 m (98.43 ft) (IR)<\/td>\n<\/tr>\n<tr>\n<td style=\"border: 1px solid #ccc;padding: 8px\">Illuminator Number<\/td>\n<td style=\"border: 1px solid #ccc;padding: 8px\">1 (IR LED)<\/td>\n<\/tr>\n<tr>\n<td style=\"border: 1px solid #ccc;padding: 8px\">Angle Adjustment<\/td>\n<td style=\"border: 1px solid #ccc;padding: 8px\">Pan: 0\u00b0 to 360\u00b0<br \/>\nTilt: -10\u00b0 to 100\u00b0<\/td>\n<\/tr>\n<tr>\n<td style=\"border: 1px solid #ccc;padding: 8px\">Lens Type<\/td>\n<td style=\"border: 1px solid #ccc;padding: 8px\">Fixed-focal<\/td>\n<\/tr>\n<tr>\n<td style=\"border: 1px solid #ccc;padding: 8px\">Focal Length<\/td>\n<td style=\"border: 1px solid #ccc;padding: 8px\">2.8 mm; 3.6 mm<\/td>\n<\/tr>\n<tr>\n<td style=\"border: 1px solid #ccc;padding: 8px\">Max. Aperture<\/td>\n<td style=\"border: 1px solid #ccc;padding: 8px\">F2.0<\/td>\n<\/tr>\n<tr>\n<td style=\"border: 1px solid #ccc;padding: 8px\">Field of View<\/td>\n<td style=\"border: 1px solid #ccc;padding: 8px\">2.8 mm: H: 92\u00b0; V: 50\u00b0; D: 107\u00b0<br \/>\n3.6 mm: H: 75\u00b0; V: 41\u00b0; D: 88\u00b0<\/td>\n<\/tr>\n<p><!-- INTELLIGENCE --><\/p>\n<tr>\n<th style=\"border: 1px solid #ccc;background: #e8f4ff;padding: 8px;text-align: left\" colspan=\"2\">Intelligence<\/th>\n<\/tr>\n<tr>\n<td style=\"border: 1px solid #ccc;padding: 8px\">Human Detection<\/td>\n<td style=\"border: 1px solid #ccc;padding: 8px\">Yes<\/td>\n<\/tr>\n<p><!-- AUDIO AND VIDEO --><\/p>\n<tr>\n<th style=\"border: 1px solid #ccc;background: #e8f4ff;padding: 8px;text-align: left\" colspan=\"2\">Audio and Video<\/th>\n<\/tr>\n<tr>\n<td style=\"border: 1px solid #ccc;padding: 8px\">Video Compression<\/td>\n<td style=\"border: 1px solid #ccc;padding: 8px\">H.265; H.264; H.264H; H.264B; MJPEG (Only supported by the sub stream)<\/td>\n<\/tr>\n<tr>\n<td style=\"border: 1px solid #ccc;padding: 8px\">Video Frame Rate<\/td>\n<td style=\"border: 1px solid #ccc;padding: 8px\">Main stream: 2560 \u00d7 1440@(1-25\/30 fps)<br \/>\nSub stream: 640 \u00d7 360@(1-25\/30 fps)<br \/>\n*The values above are the max. frame rates of each stream; for multiple streams, the values will be subjected to the total encoding capacity.<\/td>\n<\/tr>\n<tr>\n<td style=\"border: 1px solid #ccc;padding: 8px\">Video Bit Rate<\/td>\n<td style=\"border: 1px solid #ccc;padding: 8px\">H.264: 24 kbps\u20136144 kbps<br \/>\nH.265: 9 kbps\u20136144 kbps<\/td>\n<\/tr>\n<tr>\n<td style=\"border: 1px solid #ccc;padding: 8px\">Day\/Night<\/td>\n<td style=\"border: 1px solid #ccc;padding: 8px\">Auto(ICR)\/Color\/B\/W<\/td>\n<\/tr>\n<tr>\n<td style=\"border: 1px solid #ccc;padding: 8px\">WDR<\/td>\n<td style=\"border: 1px solid #ccc;padding: 8px\">Yes<\/td>\n<\/tr>\n<tr>\n<td style=\"border: 1px solid #ccc;padding: 8px\">Motion Detection<\/td>\n<td style=\"border: 1px solid #ccc;padding: 8px\">OFF\/ON (4 areas, rectangular)<\/td>\n<\/tr>\n<tr>\n<td style=\"border: 1px solid #ccc;padding: 8px\">Image Rotation<\/td>\n<td style=\"border: 1px solid #ccc;padding: 8px\">0\u00b0\/180\u00b0<\/td>\n<\/tr>\n<tr>\n<td style=\"border: 1px solid #ccc;padding: 8px\">Built-in MIC<\/td>\n<td style=\"border: 1px solid #ccc;padding: 8px\">Yes, built-in Mic<\/td>\n<\/tr>\n<tr>\n<td style=\"border: 1px solid #ccc;padding: 8px\">Built-in Speaker<\/td>\n<td style=\"border: 1px solid #ccc;padding: 8px\">Yes, built-in speaker<\/td>\n<\/tr>\n<tr>\n<td style=\"border: 1px solid #ccc;padding: 8px\">Audio Compression<\/td>\n<td style=\"border: 1px solid #ccc;padding: 8px\">PCM; G.711a; G.711Mu<\/td>\n<\/tr>\n<p><!-- NETWORK --><\/p>\n<tr>\n<th style=\"border: 1px solid #ccc;background: #e8f4ff;padding: 8px;text-align: left\" colspan=\"2\">Network<\/th>\n<\/tr>\n<tr>\n<td style=\"border: 1px solid #ccc;padding: 8px\">Network Port<\/td>\n<td style=\"border: 1px solid #ccc;padding: 8px\">RJ-45 (10\/100 Base-T)<\/td>\n<\/tr>\n<tr>\n<td style=\"border: 1px solid #ccc;padding: 8px\">Wi-Fi<\/td>\n<td style=\"border: 1px solid #ccc;padding: 8px\">IEEE 802.11b\/g\/n\/ax 2.412\u20132.472 GHz, 2.4 G<\/td>\n<\/tr>\n<tr>\n<td style=\"border: 1px solid #ccc;padding: 8px\">Wi-Fi Pairing<\/td>\n<td style=\"border: 1px solid #ccc;padding: 8px\">Bluetooth pairing<\/td>\n<\/tr>\n<tr>\n<td style=\"border: 1px solid #ccc;padding: 8px\">Storage<\/td>\n<td style=\"border: 1px solid #ccc;padding: 8px\">Micro SD card (support max. 256 GB)<\/td>\n<\/tr>\n<tr>\n<td style=\"border: 1px solid #ccc;padding: 8px\">Management Software<\/td>\n<td style=\"border: 1px solid #ccc;padding: 8px\">Smart PSS Lite;DMSS<\/td>\n<\/tr>\n<tr>\n<td style=\"border: 1px solid #ccc;padding: 8px\">Mobile Client<\/td>\n<td style=\"border: 1px solid #ccc;padding: 8px\">iOS;Android<\/td>\n<\/tr>\n<p><!-- FUNCTION --><\/p>\n<tr>\n<th style=\"border: 1px solid #ccc;background: #e8f4ff;padding: 8px;text-align: left\" colspan=\"2\">Function<\/th>\n<\/tr>\n<tr>\n<td style=\"border: 1px solid #ccc;padding: 8px\">Abnormal Sound Alarm<\/td>\n<td style=\"border: 1px solid #ccc;padding: 8px\">Yes<\/td>\n<\/tr>\n<p><!-- GENERAL --><\/p>\n<tr>\n<th style=\"border: 1px solid #ccc;background: #e8f4ff;padding: 8px;text-align: left\" colspan=\"2\">General<\/th>\n<\/tr>\n<tr>\n<td style=\"border: 1px solid #ccc;padding: 8px\">Certifications<\/td>\n<td style=\"border: 1px solid #ccc;padding: 8px\">CE<\/td>\n<\/tr>\n<tr>\n<td style=\"border: 1px solid #ccc;padding: 8px\">Power Supply<\/td>\n<td style=\"border: 1px solid #ccc;padding: 8px\">12 VDC\/PoE<\/td>\n<\/tr>\n<tr>\n<td style=\"border: 1px solid #ccc;padding: 8px\">Power Consumption<\/td>\n<td style=\"border: 1px solid #ccc;padding: 8px\">Basic: 2.04 W (12 VDC); 4.7 W (PoE)<br \/>\nMax.: 2.89 W (12 VDC); 5.85 W (PoE)<\/td>\n<\/tr>\n<tr>\n<td style=\"border: 1px solid #ccc;padding: 8px\">Operating Temperature<\/td>\n<td style=\"border: 1px solid #ccc;padding: 8px\">\u201310 \u00b0C to +45 \u00b0C (+14 \u00b0F to +113 \u00b0F)<\/td>\n<\/tr>\n<tr>\n<td style=\"border: 1px solid #ccc;padding: 8px\">Operating Humidity<\/td>\n<td style=\"border: 1px solid #ccc;padding: 8px\">\u226495% (RH), non-condensing<\/td>\n<\/tr>\n<tr>\n<td style=\"border: 1px solid #ccc;padding: 8px\">Camera Button<\/td>\n<td style=\"border: 1px solid #ccc;padding: 8px\">Reset button<\/td>\n<\/tr>\n<tr>\n<td style=\"border: 1px solid #ccc;padding: 8px\">Casing Material<\/td>\n<td style=\"border: 1px solid #ccc;padding: 8px\">Plastic<\/td>\n<\/tr>\n<tr>\n<td style=\"border: 1px solid #ccc;padding: 8px\">Product Dimensions<\/td>\n<td style=\"border: 1px solid #ccc;padding: 8px\">64 mm \u00d7 100 mm \u00d7 34 mm (2.52&#8243; \u00d7 3.94&#8243; \u00d7 1.34&#8243;) (L \u00d7 W \u00d7 H)<\/td>\n<\/tr>\n<tr>\n<td style=\"border: 1px solid #ccc;padding: 8px\">Net Weight<\/td>\n<td style=\"border: 1px solid #ccc;padding: 8px\">0.11 kg (0.24 lb)<\/td>\n<\/tr>\n<\/tbody>\n<\/table>\n","protected":false},"excerpt":{"rendered":"<p>Dahua C4K-P 4MP Compact Wi-Fi &amp; PoE Camera<\/p>\n<p>Dahua C4K-P 4MP Compact Wi-Fi &amp; PoE Camera \u0435 \u043a\u043e\u043c\u043f\u0430\u043a\u0442\u043d\u0430 \u0438 \u043c\u043e\u045c\u043d\u0430 \u0431\u0435\u0437\u0431\u0435\u0434\u043d\u043e\u0441\u043d\u0430 \u043a\u0430\u043c\u0435\u0440\u0430 \u043a\u043e\u0458\u0430 \u043a\u043e\u043c\u0431\u0438\u043d\u0438\u0440\u0430 \u0432\u0438\u0441\u043e\u043a\u0430 \u0440\u0435\u0437\u043e\u043b\u0443\u0446\u0438\u0458\u0430, \u043f\u0430\u043c\u0435\u0442\u043d\u0438 \u0444\u0443\u043d\u043a\u0446\u0438\u0438 \u0438 \u0444\u043b\u0435\u043a\u0441\u0438\u0431\u0438\u043b\u043d\u0438 \u043e\u043f\u0446\u0438\u0438 \u0437\u0430 \u043f\u043e\u0432\u0440\u0437\u0443\u0432\u0430\u045a\u0435. \u0421\u043e 4MP (2560 \u00d7 1440) \u0440\u0435\u0437\u043e\u043b\u0443\u0446\u0438\u0458\u0430 \u0438 1\/3&#8243; CMOS \u0441\u0435\u043d\u0437\u043e\u0440, \u043e\u0431\u0435\u0437\u0431\u0435\u0434\u0443\u0432\u0430 \u0458\u0430\u0441\u043d\u0430 \u0438 \u0434\u0435\u0442\u0430\u043b\u043d\u0430 \u0432\u0438\u0434\u0435\u043e \u0441\u043b\u0438\u043a\u0430 \u0432\u043e \u0441\u0438\u0442\u0435 \u0443\u0441\u043b\u043e\u0432\u0438.<\/p>\n<p>\u041a\u0430\u043c\u0435\u0440\u0430\u0442\u0430 \u043f\u043e\u0434\u0434\u0440\u0436\u0443\u0432\u0430 \u0438 Wi-Fi (2.4GHz) \u0438 PoE (Power over Ethernet), \u0448\u0442\u043e \u043e\u0432\u043e\u0437\u043c\u043e\u0436\u0443\u0432\u0430 \u043b\u0435\u0441\u043d\u0430 \u0438\u043d\u0441\u0442\u0430\u043b\u0430\u0446\u0438\u0458\u0430 \u0438 \u0441\u0442\u0430\u0431\u0438\u043b\u043d\u0430 \u043c\u0440\u0435\u0436\u043d\u0430 \u043a\u043e\u043d\u0435\u043a\u0446\u0438\u0458\u0430. \u0411\u043b\u0430\u0433\u043e\u0434\u0430\u0440\u0435\u043d\u0438\u0435 \u043d\u0430 IR \u043e\u0441\u0432\u0435\u0442\u043b\u0443\u0432\u0430\u045a\u0435 \u0434\u043e 30 \u043c\u0435\u0442\u0440\u0438, \u043e\u0432\u043e\u0437\u043c\u043e\u0436\u0443\u0432\u0430 \u0441\u0438\u0433\u0443\u0440\u0435\u043d \u043d\u043e\u045c\u0435\u043d \u043d\u0430\u0434\u0437\u043e\u0440, \u0434\u043e\u0434\u0435\u043a\u0430 \u0444\u0443\u043d\u043a\u0446\u0438\u0458\u0430\u0442\u0430 Day\/Night \u0430\u0432\u0442\u043e\u043c\u0430\u0442\u0441\u043a\u0438 \u0441\u0435 \u043f\u0440\u0438\u043b\u0430\u0433\u043e\u0434\u0443\u0432\u0430 \u043d\u0430 \u0443\u0441\u043b\u043e\u0432\u0438\u0442\u0435 \u043d\u0430 \u043e\u0441\u0432\u0435\u0442\u043b\u0443\u0432\u0430\u045a\u0435.<\/p>\n<p>\u0421\u043e \u0432\u0433\u0440\u0430\u0434\u0435\u043d\u0430 \u0434\u0435\u0442\u0435\u043a\u0446\u0438\u0458\u0430 \u043d\u0430 \u043b\u0443\u0453\u0435 \u0438 \u0434\u0435\u0442\u0435\u043a\u0446\u0438\u0458\u0430 \u043d\u0430 \u0434\u0432\u0438\u0436\u0435\u045a\u0435 (\u0434\u043e 4 \u0437\u043e\u043d\u0438), \u043a\u0430\u043c\u0435\u0440\u0430\u0442\u0430 \u043d\u0443\u0434\u0438 \u043d\u0430\u043f\u0440\u0435\u0434\u043d\u0430 \u0430\u043d\u0430\u043b\u0438\u0437\u0430 \u0438 \u043d\u0430\u043c\u0430\u043b\u0443\u0432\u0430\u045a\u0435 \u043d\u0430 \u043b\u0430\u0436\u043d\u0438 \u0430\u043b\u0430\u0440\u043c\u0438. \u041f\u043e\u0434\u0434\u0440\u0436\u0443\u0432\u0430 H.265\/H.264 \u043a\u043e\u043c\u043f\u0440\u0435\u0441\u0438\u0458\u0430 \u0437\u0430 \u043e\u043f\u0442\u0438\u043c\u0430\u043b\u043d\u043e \u043a\u043e\u0440\u0438\u0441\u0442\u0435\u045a\u0435 \u043d\u0430 \u043c\u0435\u043c\u043e\u0440\u0438\u0458\u0430\u0442\u0430, \u0441\u043e \u043c\u043e\u0436\u043d\u043e\u0441\u0442 \u0437\u0430 Micro SD \u043a\u0430\u0440\u0442\u0438\u0447\u043a\u0430 \u0434\u043e 256GB.<\/p>\n<p>\u0414\u043e\u043f\u043e\u043b\u043d\u0438\u0442\u0435\u043b\u043d\u043e, \u043a\u0430\u043c\u0435\u0440\u0430\u0442\u0430 \u0438\u043c\u0430 \u0432\u0433\u0440\u0430\u0434\u0435\u043d \u043c\u0438\u043a\u0440\u043e\u0444\u043e\u043d \u0438 \u0437\u0432\u0443\u0447\u043d\u0438\u043a \u0437\u0430 \u0434\u0432\u043e\u043d\u0430\u0441\u043e\u0447\u043d\u0430 \u043a\u043e\u043c\u0443\u043d\u0438\u043a\u0430\u0446\u0438\u0458\u0430, \u043a\u0430\u043a\u043e \u0438 \u0444\u0443\u043d\u043a\u0446\u0438\u0458\u0430 \u0437\u0430 \u0430\u043b\u0430\u0440\u043c \u043f\u0440\u0438 \u0430\u0431\u043d\u043e\u0440\u043c\u0430\u043b\u0435\u043d \u0437\u0432\u0443\u043a. \u041f\u043e\u0434\u0434\u0440\u0436\u0443\u0432\u0430 \u0443\u043f\u0440\u0430\u0432\u0443\u0432\u0430\u045a\u0435 \u043f\u0440\u0435\u043a\u0443 Smart PSS Lite \u0438 DMSS \u0430\u043f\u043b\u0438\u043a\u0430\u0446\u0438\u0438 (iOS \u0438 Android).<\/p>\n<p>\u0421\u043e \u043a\u043e\u043c\u043f\u0430\u043a\u0442\u0435\u043d \u0434\u0438\u0437\u0430\u0458\u043d, \u043f\u043b\u0430\u0441\u0442\u0438\u0447\u043d\u043e \u043a\u0443\u045c\u0438\u0448\u0442\u0435 \u0438 \u0440\u0430\u0431\u043e\u0442\u0435\u043d \u043e\u043f\u0441\u0435\u0433 \u043e\u0434 -10\u00b0C \u0434\u043e +45\u00b0C, Dahua C4K-P \u0435 \u0438\u0434\u0435\u0430\u043b\u043d\u043e \u0440\u0435\u0448\u0435\u043d\u0438\u0435 \u0437\u0430 \u0432\u043d\u0430\u0442\u0440\u0435\u0448\u043d\u0430 \u0438\u043b\u0438 \u043b\u0435\u0441\u043d\u0430 \u043d\u0430\u0434\u0432\u043e\u0440\u0435\u0448\u043d\u0430 \u0443\u043f\u043e\u0442\u0440\u0435\u0431\u0430 \u0432\u043e \u0434\u043e\u043c\u043e\u0432\u0438, \u043a\u0430\u043d\u0446\u0435\u043b\u0430\u0440\u0438\u0438 \u0438 \u043c\u0430\u043b\u0438 \u0431\u0438\u0437\u043d\u0438\u0441\u0438.<\/p>\n<p>\u0413\u0430\u0440\u0430\u043d\u0446\u0438\u0458\u0430 12 \u043c\u0435\u0441\u0435\u0446\u0438<\/p>\n","protected":false},"featured_media":11982,"comment_status":"open","ping_status":"closed","template":"","meta":{"_acf_changed":false},"product_brand":[225],"product_cat":[251],"product_tag":[],"class_list":{"0":"post-11981","1":"product","2":"type-product","3":"status-publish","4":"has-post-thumbnail","6":"product_brand-dahua","7":"product_cat-network-cameras","9":"first","10":"instock","11":"taxable","12":"shipping-taxable","13":"purchasable","14":"product-type-simple"},"acf":[],"yoast_head":"<!-- This site is optimized with the Yoast SEO plugin v27.4 - https:\/\/yoast.com\/product\/yoast-seo-wordpress\/ -->\n<title>Dahua C4K-P 4MP WiFi PoE Camera Compact Indoor Smart<\/title>\n<meta name=\"description\" content=\"Dahua C4K-P 4MP compact WiFi and PoE camera with human detection, IR night vision, two-way audio and smart security features.\" \/>\n<meta name=\"robots\" content=\"index, follow, max-snippet:-1, max-image-preview:large, max-video-preview:-1\" \/>\n<link rel=\"canonical\" href=\"https:\/\/alarmplus.mk\/mk\/product\/dahua-c4k-p-4mp-compact-wi-fi-poe-camera\/\" \/>\n<meta property=\"og:locale\" content=\"mk_MK\" \/>\n<meta property=\"og:type\" content=\"article\" \/>\n<meta property=\"og:title\" content=\"Dahua C4K-P 4MP WiFi PoE Camera Compact Indoor Smart\" \/>\n<meta property=\"og:description\" content=\"Dahua C4K-P 4MP compact WiFi and PoE camera with human detection, IR night vision, two-way audio and smart security features.\" \/>\n<meta property=\"og:url\" content=\"https:\/\/alarmplus.mk\/mk\/product\/dahua-c4k-p-4mp-compact-wi-fi-poe-camera\/\" \/>\n<meta property=\"og:site_name\" content=\"alarmplus.mk\" \/>\n<meta property=\"article:publisher\" content=\"https:\/\/www.facebook.com\/alarmplus.mk\" \/>\n<meta property=\"og:image\" content=\"https:\/\/alarmplus.mk\/wp-content\/uploads\/2026\/05\/Dahua-C4K-P-4MP-Compact-Wi-Fi-PoE-Camera.webp\" \/>\n\t<meta property=\"og:image:width\" content=\"800\" \/>\n\t<meta property=\"og:image:height\" content=\"800\" \/>\n\t<meta property=\"og:image:type\" content=\"image\/webp\" \/>\n<meta name=\"twitter:card\" content=\"summary_large_image\" \/>\n<meta name=\"twitter:label1\" content=\"Est. reading time\" \/>\n\t<meta name=\"twitter:data1\" content=\"2 \u043c\u0438\u043d\u0443\u0442\u0438\" \/>\n<script type=\"application\/ld+json\" class=\"yoast-schema-graph\">{\"@context\":\"https:\\\/\\\/schema.org\",\"@graph\":[{\"@type\":\"WebPage\",\"@id\":\"https:\\\/\\\/alarmplus.mk\\\/mk\\\/product\\\/dahua-c4k-p-4mp-compact-wi-fi-poe-camera\\\/\",\"url\":\"https:\\\/\\\/alarmplus.mk\\\/mk\\\/product\\\/dahua-c4k-p-4mp-compact-wi-fi-poe-camera\\\/\",\"name\":\"Dahua C4K-P 4MP WiFi PoE Camera Compact Indoor Smart\",\"isPartOf\":{\"@id\":\"https:\\\/\\\/alarmplus.mk\\\/mk\\\/#website\"},\"primaryImageOfPage\":{\"@id\":\"https:\\\/\\\/alarmplus.mk\\\/mk\\\/product\\\/dahua-c4k-p-4mp-compact-wi-fi-poe-camera\\\/#primaryimage\"},\"image\":{\"@id\":\"https:\\\/\\\/alarmplus.mk\\\/mk\\\/product\\\/dahua-c4k-p-4mp-compact-wi-fi-poe-camera\\\/#primaryimage\"},\"thumbnailUrl\":\"https:\\\/\\\/alarmplus.mk\\\/wp-content\\\/uploads\\\/2026\\\/05\\\/Dahua-C4K-P-4MP-Compact-Wi-Fi-PoE-Camera.webp\",\"datePublished\":\"2026-05-03T18:53:21+00:00\",\"description\":\"Dahua C4K-P 4MP compact WiFi and PoE camera with human detection, IR night vision, two-way audio and smart security features.\",\"breadcrumb\":{\"@id\":\"https:\\\/\\\/alarmplus.mk\\\/mk\\\/product\\\/dahua-c4k-p-4mp-compact-wi-fi-poe-camera\\\/#breadcrumb\"},\"inLanguage\":\"mk-MK\",\"potentialAction\":[{\"@type\":\"ReadAction\",\"target\":[\"https:\\\/\\\/alarmplus.mk\\\/mk\\\/product\\\/dahua-c4k-p-4mp-compact-wi-fi-poe-camera\\\/\"]}]},{\"@type\":\"ImageObject\",\"inLanguage\":\"mk-MK\",\"@id\":\"https:\\\/\\\/alarmplus.mk\\\/mk\\\/product\\\/dahua-c4k-p-4mp-compact-wi-fi-poe-camera\\\/#primaryimage\",\"url\":\"https:\\\/\\\/alarmplus.mk\\\/wp-content\\\/uploads\\\/2026\\\/05\\\/Dahua-C4K-P-4MP-Compact-Wi-Fi-PoE-Camera.webp\",\"contentUrl\":\"https:\\\/\\\/alarmplus.mk\\\/wp-content\\\/uploads\\\/2026\\\/05\\\/Dahua-C4K-P-4MP-Compact-Wi-Fi-PoE-Camera.webp\",\"width\":800,\"height\":800,\"caption\":\"Dahua C4K-P 4MP compact WiFi PoE security camera with IR night vision and two way audio front view\"},{\"@type\":\"BreadcrumbList\",\"@id\":\"https:\\\/\\\/alarmplus.mk\\\/mk\\\/product\\\/dahua-c4k-p-4mp-compact-wi-fi-poe-camera\\\/#breadcrumb\",\"itemListElement\":[{\"@type\":\"ListItem\",\"position\":1,\"name\":\"Home\",\"item\":\"https:\\\/\\\/alarmplus.mk\\\/mk\\\/\"},{\"@type\":\"ListItem\",\"position\":2,\"name\":\"\u041f\u0440\u043e\u0434\u0430\u0432\u043d\u0438\u0446\u0430\",\"item\":\"https:\\\/\\\/alarmplus.mk\\\/mk\\\/shop\\\/\"},{\"@type\":\"ListItem\",\"position\":3,\"name\":\"Dahua C4K-P 4MP Compact Wi-Fi &amp; PoE Camera\"}]},{\"@type\":\"WebSite\",\"@id\":\"https:\\\/\\\/alarmplus.mk\\\/mk\\\/#website\",\"url\":\"https:\\\/\\\/alarmplus.mk\\\/mk\\\/\",\"name\":\"alarmplus.mk\",\"description\":\"Best Security Cameras and Alarms\",\"publisher\":{\"@id\":\"https:\\\/\\\/alarmplus.mk\\\/mk\\\/#organization\"},\"alternateName\":\"Alarm Plus\",\"potentialAction\":[{\"@type\":\"SearchAction\",\"target\":{\"@type\":\"EntryPoint\",\"urlTemplate\":\"https:\\\/\\\/alarmplus.mk\\\/mk\\\/?s={search_term_string}\"},\"query-input\":{\"@type\":\"PropertyValueSpecification\",\"valueRequired\":true,\"valueName\":\"search_term_string\"}}],\"inLanguage\":\"mk-MK\"},{\"@type\":\"Organization\",\"@id\":\"https:\\\/\\\/alarmplus.mk\\\/mk\\\/#organization\",\"name\":\"alarmplus.mk\",\"alternateName\":\"Alarm Plus Home & Business Security Solutions\",\"url\":\"https:\\\/\\\/alarmplus.mk\\\/mk\\\/\",\"logo\":{\"@type\":\"ImageObject\",\"inLanguage\":\"mk-MK\",\"@id\":\"https:\\\/\\\/alarmplus.mk\\\/mk\\\/#\\\/schema\\\/logo\\\/image\\\/\",\"url\":\"https:\\\/\\\/alarmplus.mk\\\/wp-content\\\/uploads\\\/2025\\\/05\\\/alarmplus.mk5_-e1747004561767.png\",\"contentUrl\":\"https:\\\/\\\/alarmplus.mk\\\/wp-content\\\/uploads\\\/2025\\\/05\\\/alarmplus.mk5_-e1747004561767.png\",\"width\":477,\"height\":114,\"caption\":\"alarmplus.mk\"},\"image\":{\"@id\":\"https:\\\/\\\/alarmplus.mk\\\/mk\\\/#\\\/schema\\\/logo\\\/image\\\/\"},\"sameAs\":[\"https:\\\/\\\/www.facebook.com\\\/alarmplus.mk\",\"https:\\\/\\\/www.instagram.com\\\/alarmplusmk\"]}]}<\/script>\n<!-- \/ Yoast SEO plugin. -->","yoast_head_json":{"title":"Dahua C4K-P 4MP WiFi PoE Camera Compact Indoor Smart","description":"Dahua C4K-P 4MP compact WiFi and PoE camera with human detection, IR night vision, two-way audio and smart security features.","robots":{"index":"index","follow":"follow","max-snippet":"max-snippet:-1","max-image-preview":"max-image-preview:large","max-video-preview":"max-video-preview:-1"},"canonical":"https:\/\/alarmplus.mk\/mk\/product\/dahua-c4k-p-4mp-compact-wi-fi-poe-camera\/","og_locale":"mk_MK","og_type":"article","og_title":"Dahua C4K-P 4MP WiFi PoE Camera Compact Indoor Smart","og_description":"Dahua C4K-P 4MP compact WiFi and PoE camera with human detection, IR night vision, two-way audio and smart security features.","og_url":"https:\/\/alarmplus.mk\/mk\/product\/dahua-c4k-p-4mp-compact-wi-fi-poe-camera\/","og_site_name":"alarmplus.mk","article_publisher":"https:\/\/www.facebook.com\/alarmplus.mk","og_image":[{"width":800,"height":800,"url":"https:\/\/alarmplus.mk\/wp-content\/uploads\/2026\/05\/Dahua-C4K-P-4MP-Compact-Wi-Fi-PoE-Camera.webp","type":"image\/webp"}],"twitter_card":"summary_large_image","twitter_misc":{"Est. reading time":"2 \u043c\u0438\u043d\u0443\u0442\u0438"},"schema":{"@context":"https:\/\/schema.org","@graph":[{"@type":"WebPage","@id":"https:\/\/alarmplus.mk\/mk\/product\/dahua-c4k-p-4mp-compact-wi-fi-poe-camera\/","url":"https:\/\/alarmplus.mk\/mk\/product\/dahua-c4k-p-4mp-compact-wi-fi-poe-camera\/","name":"Dahua C4K-P 4MP WiFi PoE Camera Compact Indoor Smart","isPartOf":{"@id":"https:\/\/alarmplus.mk\/mk\/#website"},"primaryImageOfPage":{"@id":"https:\/\/alarmplus.mk\/mk\/product\/dahua-c4k-p-4mp-compact-wi-fi-poe-camera\/#primaryimage"},"image":{"@id":"https:\/\/alarmplus.mk\/mk\/product\/dahua-c4k-p-4mp-compact-wi-fi-poe-camera\/#primaryimage"},"thumbnailUrl":"https:\/\/alarmplus.mk\/wp-content\/uploads\/2026\/05\/Dahua-C4K-P-4MP-Compact-Wi-Fi-PoE-Camera.webp","datePublished":"2026-05-03T18:53:21+00:00","description":"Dahua C4K-P 4MP compact WiFi and PoE camera with human detection, IR night vision, two-way audio and smart security features.","breadcrumb":{"@id":"https:\/\/alarmplus.mk\/mk\/product\/dahua-c4k-p-4mp-compact-wi-fi-poe-camera\/#breadcrumb"},"inLanguage":"mk-MK","potentialAction":[{"@type":"ReadAction","target":["https:\/\/alarmplus.mk\/mk\/product\/dahua-c4k-p-4mp-compact-wi-fi-poe-camera\/"]}]},{"@type":"ImageObject","inLanguage":"mk-MK","@id":"https:\/\/alarmplus.mk\/mk\/product\/dahua-c4k-p-4mp-compact-wi-fi-poe-camera\/#primaryimage","url":"https:\/\/alarmplus.mk\/wp-content\/uploads\/2026\/05\/Dahua-C4K-P-4MP-Compact-Wi-Fi-PoE-Camera.webp","contentUrl":"https:\/\/alarmplus.mk\/wp-content\/uploads\/2026\/05\/Dahua-C4K-P-4MP-Compact-Wi-Fi-PoE-Camera.webp","width":800,"height":800,"caption":"Dahua C4K-P 4MP compact WiFi PoE security camera with IR night vision and two way audio front view"},{"@type":"BreadcrumbList","@id":"https:\/\/alarmplus.mk\/mk\/product\/dahua-c4k-p-4mp-compact-wi-fi-poe-camera\/#breadcrumb","itemListElement":[{"@type":"ListItem","position":1,"name":"Home","item":"https:\/\/alarmplus.mk\/mk\/"},{"@type":"ListItem","position":2,"name":"\u041f\u0440\u043e\u0434\u0430\u0432\u043d\u0438\u0446\u0430","item":"https:\/\/alarmplus.mk\/mk\/shop\/"},{"@type":"ListItem","position":3,"name":"Dahua C4K-P 4MP Compact Wi-Fi &amp; PoE Camera"}]},{"@type":"WebSite","@id":"https:\/\/alarmplus.mk\/mk\/#website","url":"https:\/\/alarmplus.mk\/mk\/","name":"alarmplus.mk","description":"Best Security Cameras and Alarms","publisher":{"@id":"https:\/\/alarmplus.mk\/mk\/#organization"},"alternateName":"Alarm Plus","potentialAction":[{"@type":"SearchAction","target":{"@type":"EntryPoint","urlTemplate":"https:\/\/alarmplus.mk\/mk\/?s={search_term_string}"},"query-input":{"@type":"PropertyValueSpecification","valueRequired":true,"valueName":"search_term_string"}}],"inLanguage":"mk-MK"},{"@type":"Organization","@id":"https:\/\/alarmplus.mk\/mk\/#organization","name":"alarmplus.mk","alternateName":"Alarm Plus Home & Business Security Solutions","url":"https:\/\/alarmplus.mk\/mk\/","logo":{"@type":"ImageObject","inLanguage":"mk-MK","@id":"https:\/\/alarmplus.mk\/mk\/#\/schema\/logo\/image\/","url":"https:\/\/alarmplus.mk\/wp-content\/uploads\/2025\/05\/alarmplus.mk5_-e1747004561767.png","contentUrl":"https:\/\/alarmplus.mk\/wp-content\/uploads\/2025\/05\/alarmplus.mk5_-e1747004561767.png","width":477,"height":114,"caption":"alarmplus.mk"},"image":{"@id":"https:\/\/alarmplus.mk\/mk\/#\/schema\/logo\/image\/"},"sameAs":["https:\/\/www.facebook.com\/alarmplus.mk","https:\/\/www.instagram.com\/alarmplusmk"]}]}},"jetpack_sharing_enabled":true,"_links":{"self":[{"href":"https:\/\/alarmplus.mk\/mk\/wp-json\/wp\/v2\/product\/11981","targetHints":{"allow":["GET"]}}],"collection":[{"href":"https:\/\/alarmplus.mk\/mk\/wp-json\/wp\/v2\/product"}],"about":[{"href":"https:\/\/alarmplus.mk\/mk\/wp-json\/wp\/v2\/types\/product"}],"replies":[{"embeddable":true,"href":"https:\/\/alarmplus.mk\/mk\/wp-json\/wp\/v2\/comments?post=11981"}],"wp:featuredmedia":[{"embeddable":true,"href":"https:\/\/alarmplus.mk\/mk\/wp-json\/wp\/v2\/media\/11982"}],"wp:attachment":[{"href":"https:\/\/alarmplus.mk\/mk\/wp-json\/wp\/v2\/media?parent=11981"}],"wp:term":[{"taxonomy":"product_brand","embeddable":true,"href":"https:\/\/alarmplus.mk\/mk\/wp-json\/wp\/v2\/product_brand?post=11981"},{"taxonomy":"product_cat","embeddable":true,"href":"https:\/\/alarmplus.mk\/mk\/wp-json\/wp\/v2\/product_cat?post=11981"},{"taxonomy":"product_tag","embeddable":true,"href":"https:\/\/alarmplus.mk\/mk\/wp-json\/wp\/v2\/product_tag?post=11981"}],"curies":[{"name":"wp","href":"https:\/\/api.w.org\/{rel}","templated":true}]}}