{"id":5658,"date":"2025-04-10T17:06:11","date_gmt":"2025-04-10T17:06:11","guid":{"rendered":"https:\/\/alarmplus.mk\/?post_type=product&#038;p=5658"},"modified":"2026-02-15T17:52:11","modified_gmt":"2026-02-15T16:52:11","slug":"imou-ranger-2c-3mp","status":"publish","type":"product","link":"https:\/\/alarmplus.mk\/mk\/product\/imou-ranger-2c-3mp\/","title":{"rendered":"IMOU Ranger 2C IPC-K2ECP-3H1W 3MP"},"content":{"rendered":"<table style=\"width: 100%;border-collapse: collapse;font-family: Arial, sans-serif;font-size: 14px\"><!-- HEADER --><\/p>\n<tbody>\n<tr style=\"background-color: #f2f2f2\">\n<th style=\"border: 1px solid #ccc;padding: 8px;text-align: left\" colspan=\"2\">IMOU Ranger 2C IPC-K2ECP-3H1W 3MP Camera \u2013 Technical Specifications<\/th>\n<\/tr>\n<p><!-- CAMERA --><\/p>\n<tr style=\"background-color: #e8f4ff\">\n<td style=\"border: 1px solid #ccc;padding: 8px;width: 30%\"><strong>Image Sensor<\/strong><\/td>\n<td style=\"border: 1px solid #ccc;padding: 8px\">1\/2.8\u201d Progressive CMOS<\/td>\n<\/tr>\n<tr>\n<td style=\"border: 1px solid #ccc;padding: 8px\"><strong>Maximum Resolution<\/strong><\/td>\n<td style=\"border: 1px solid #ccc;padding: 8px\">3 MP (2304 \u00d7 1296)<\/td>\n<\/tr>\n<tr style=\"background-color: #e8f4ff\">\n<td style=\"border: 1px solid #ccc;padding: 8px\"><strong>Night Vision<\/strong><\/td>\n<td style=\"border: 1px solid #ccc;padding: 8px\">Up to 10 m (33 ft)<\/td>\n<\/tr>\n<tr>\n<td style=\"border: 1px solid #ccc;padding: 8px\"><strong>Lens<\/strong><\/td>\n<td style=\"border: 1px solid #ccc;padding: 8px\">3.6 mm Fixed Lens<\/td>\n<\/tr>\n<tr style=\"background-color: #e8f4ff\">\n<td style=\"border: 1px solid #ccc;padding: 8px\"><strong>Field of View<\/strong><\/td>\n<td style=\"border: 1px solid #ccc;padding: 8px\">83\u00b0 (H), 46\u00b0 (V), 100\u00b0 (D)<\/td>\n<\/tr>\n<tr>\n<td style=\"border: 1px solid #ccc;padding: 8px\"><strong>Pan \/ Tilt<\/strong><\/td>\n<td style=\"border: 1px solid #ccc;padding: 8px\">355\u00b0 Pan &amp; -5\u00b0~80\u00b0 Tilt<\/td>\n<\/tr>\n<p><!-- NETWORK --><\/p>\n<tr style=\"background-color: #f2f2f2\">\n<th style=\"border: 1px solid #ccc;padding: 8px;text-align: left\" colspan=\"2\">Network<\/th>\n<\/tr>\n<tr style=\"background-color: #e8f4ff\">\n<td style=\"border: 1px solid #ccc;padding: 8px\"><strong>Wi-Fi<\/strong><\/td>\n<td style=\"border: 1px solid #ccc;padding: 8px\">IEEE 802.11b\/g\/n\/ax, Wi-Fi 6, up to 50 m Open Field<\/td>\n<\/tr>\n<tr>\n<td style=\"border: 1px solid #ccc;padding: 8px\"><strong>Mobile App<\/strong><\/td>\n<td style=\"border: 1px solid #ccc;padding: 8px\">Imou App (iOS, Android)<\/td>\n<\/tr>\n<tr style=\"background-color: #e8f4ff\">\n<td style=\"border: 1px solid #ccc;padding: 8px\"><strong>ONVIF<\/strong><\/td>\n<td style=\"border: 1px solid #ccc;padding: 8px\">Supported<\/td>\n<\/tr>\n<p><!-- VIDEO &amp; AUDIO --><\/p>\n<tr style=\"background-color: #f2f2f2\">\n<th style=\"border: 1px solid #ccc;padding: 8px;text-align: left\" colspan=\"2\">Video &amp; Audio<\/th>\n<\/tr>\n<tr style=\"background-color: #e8f4ff\">\n<td style=\"border: 1px solid #ccc;padding: 8px\"><strong>Video Compression<\/strong><\/td>\n<td style=\"border: 1px solid #ccc;padding: 8px\">H.265 \/ H.264<\/td>\n<\/tr>\n<tr>\n<td style=\"border: 1px solid #ccc;padding: 8px\"><strong>Frame Rate<\/strong><\/td>\n<td style=\"border: 1px solid #ccc;padding: 8px\">Up to 25 \/ 30 fps<\/td>\n<\/tr>\n<tr style=\"background-color: #e8f4ff\">\n<td style=\"border: 1px solid #ccc;padding: 8px\"><strong>Digital Zoom<\/strong><\/td>\n<td style=\"border: 1px solid #ccc;padding: 8px\">8\u00d7 Digital Zoom<\/td>\n<\/tr>\n<tr>\n<td style=\"border: 1px solid #ccc;padding: 8px\"><strong>Audio<\/strong><\/td>\n<td style=\"border: 1px solid #ccc;padding: 8px\">Two-way Audio, Built-in Microphone &amp; Speaker<\/td>\n<\/tr>\n<p><!-- AUX INTERFACE --><\/p>\n<tr style=\"background-color: #f2f2f2\">\n<th style=\"border: 1px solid #ccc;padding: 8px;text-align: left\" colspan=\"2\">Auxiliary Interface<\/th>\n<\/tr>\n<tr style=\"background-color: #e8f4ff\">\n<td style=\"border: 1px solid #ccc;padding: 8px\"><strong>Storage<\/strong><\/td>\n<td style=\"border: 1px solid #ccc;padding: 8px\">Micro SD Card Slot (up to 512 GB)<\/td>\n<\/tr>\n<tr>\n<td style=\"border: 1px solid #ccc;padding: 8px\"><strong>Controls<\/strong><\/td>\n<td style=\"border: 1px solid #ccc;padding: 8px\">Reset Button<\/td>\n<\/tr>\n<p><!-- NOTICE MANAGEMENT --><\/p>\n<tr style=\"background-color: #f2f2f2\">\n<th style=\"border: 1px solid #ccc;padding: 8px;text-align: left\" colspan=\"2\">Notice Management<\/th>\n<\/tr>\n<tr style=\"background-color: #e8f4ff\">\n<td style=\"border: 1px solid #ccc;padding: 8px\"><strong>Motion Detection<\/strong><\/td>\n<td style=\"border: 1px solid #ccc;padding: 8px\">Supported<\/td>\n<\/tr>\n<tr>\n<td style=\"border: 1px solid #ccc;padding: 8px\"><strong>Human Detection<\/strong><\/td>\n<td style=\"border: 1px solid #ccc;padding: 8px\">Supported<\/td>\n<\/tr>\n<tr style=\"background-color: #e8f4ff\">\n<td style=\"border: 1px solid #ccc;padding: 8px\"><strong>Configurable Region<\/strong><\/td>\n<td style=\"border: 1px solid #ccc;padding: 8px\">Supported<\/td>\n<\/tr>\n<tr>\n<td style=\"border: 1px solid #ccc;padding: 8px\"><strong>Abnormal Sound Alarm<\/strong><\/td>\n<td style=\"border: 1px solid #ccc;padding: 8px\">Supported<\/td>\n<\/tr>\n<p><!-- GENERAL --><\/p>\n<tr style=\"background-color: #f2f2f2\">\n<th style=\"border: 1px solid #ccc;padding: 8px;text-align: left\" colspan=\"2\">General<\/th>\n<\/tr>\n<tr style=\"background-color: #e8f4ff\">\n<td style=\"border: 1px solid #ccc;padding: 8px\"><strong>Power Supply<\/strong><\/td>\n<td style=\"border: 1px solid #ccc;padding: 8px\">DC 5V \/ 1A<\/td>\n<\/tr>\n<tr>\n<td style=\"border: 1px solid #ccc;padding: 8px\"><strong>Power Consumption<\/strong><\/td>\n<td style=\"border: 1px solid #ccc;padding: 8px\">&lt; 3.7 W<\/td>\n<\/tr>\n<tr style=\"background-color: #e8f4ff\">\n<td style=\"border: 1px solid #ccc;padding: 8px\"><strong>Working Environment<\/strong><\/td>\n<td style=\"border: 1px solid #ccc;padding: 8px\">-10\u00b0C ~ +45\u00b0C, Less than 95% RH<\/td>\n<\/tr>\n<tr>\n<td style=\"border: 1px solid #ccc;padding: 8px\"><strong>Dimensions<\/strong><\/td>\n<td style=\"border: 1px solid #ccc;padding: 8px\">106.2 \u00d7 77.4 \u00d7 77.4 mm (4.18 \u00d7 3.05 \u00d7 3.05 in)<\/td>\n<\/tr>\n<tr style=\"background-color: #e8f4ff\">\n<td style=\"border: 1px solid #ccc;padding: 8px\"><strong>Weight<\/strong><\/td>\n<td style=\"border: 1px solid #ccc;padding: 8px\">197 g (0.43 lb)<\/td>\n<\/tr>\n<tr>\n<td style=\"border: 1px solid #ccc;padding: 8px\"><strong>Certification<\/strong><\/td>\n<td style=\"border: 1px solid #ccc;padding: 8px\">CE<\/td>\n<\/tr>\n<p><!-- BOX CONTENT --><\/p>\n<tr style=\"background-color: #f2f2f2\">\n<th style=\"border: 1px solid #ccc;padding: 8px;text-align: left\" colspan=\"2\">What\u2019s in the Box<\/th>\n<\/tr>\n<tr style=\"background-color: #e8f4ff\">\n<td style=\"border: 1px solid #ccc;padding: 8px\"><strong>Included Items<\/strong><\/td>\n<td style=\"border: 1px solid #ccc;padding: 8px\">1\u00d7 Camera<br \/>\n1\u00d7 Quick Start Guide<br \/>\n1\u00d7 Power Adapter<br \/>\n1\u00d7 Power Cable<br \/>\n1\u00d7 Screw Package<br \/>\n1\u00d7 Mounting Plate<br \/>\n1\u00d7 Installation Position Map<\/td>\n<\/tr>\n<\/tbody>\n<\/table>\n","protected":false},"excerpt":{"rendered":"<p>IMOU Ranger 2C IPC-K2ECP-3H1W 3MP<\/p>\n<p>IMOU Ranger 2C IPC-K2ECP-3H1W 3MP \u043a\u0430\u043c\u0435\u0440\u0430 \u0435 \u043d\u0430\u043f\u0440\u0435\u0434\u043d\u0430 \u0432\u043d\u0430\u0442\u0440\u0435\u0448\u043d\u0430 Wi-Fi \u0431\u0435\u0437\u0431\u0435\u0434\u043d\u043e\u0441\u043d\u0430 \u043a\u0430\u043c\u0435\u0440\u0430 \u0441\u043e \u0432\u0438\u0441\u043e\u043a\u0430 \u0440\u0435\u0437\u043e\u043b\u0443\u0446\u0438\u0458\u0430 \u0438 \u043f\u0430\u043d\u043e\u0440\u0430\u043c\u0441\u043a\u043e \u0441\u043b\u0435\u0434\u0435\u045a\u0435. \u0421\u043e 3MP \u0441\u0435\u043d\u0437\u043e\u0440 (2304 \u00d7 1296) \u0438 1\/2.8\u201d Progressive CMOS, \u043a\u0430\u043c\u0435\u0440\u0430\u0442\u0430 \u043e\u0431\u0435\u0437\u0431\u0435\u0434\u0443\u0432\u0430 \u0458\u0430\u0441\u043d\u0430 \u0438 \u0434\u0435\u0442\u0430\u043b\u043d\u0430 \u0441\u043b\u0438\u043a\u0430, \u0434\u0435\u045a\u0435 \u0438 \u043d\u043e\u045c\u0435.<\/p>\n<p>\u041a\u0430\u043c\u0435\u0440\u0430\u0442\u0430 \u043d\u0443\u0434\u0438 \u043f\u0430\u043d\u043e\u0440\u0430\u043c\u0430 355\u00b0 \u0438 \u043d\u0430\u043a\u043b\u043e\u043d -5\u00b0~80\u00b0, \u0441\u043e \u043d\u043e\u045c\u043d\u043e \u0433\u043b\u0435\u0434\u0430\u045a\u0435 \u0434\u043e 10 \u043c\u0435\u0442\u0440\u0438 \u0438 \u0432\u0433\u0440\u0430\u0434\u0435\u043d \u043c\u0438\u043a\u0440\u043e\u0444\u043e\u043d \u0438 \u0437\u0432\u0443\u0447\u043d\u0438\u043a \u0437\u0430 \u0434\u0432\u043e\u043d\u0430\u0441\u043e\u0447\u043d\u0430 \u043a\u043e\u043c\u0443\u043d\u0438\u043a\u0430\u0446\u0438\u0458\u0430. \u0414\u043e\u043f\u043e\u043b\u043d\u0438\u0442\u0435\u043b\u043d\u043e, \u0444\u0443\u043d\u043a\u0446\u0438\u0438\u0442\u0435 \u0434\u0435\u0442\u0435\u043a\u0446\u0438\u0458\u0430 \u043d\u0430 \u0434\u0432\u0438\u0436\u0435\u045a\u0435, \u0434\u0435\u0442\u0435\u043a\u0446\u0438\u0458\u0430 \u043d\u0430 \u043b\u0443\u0453\u0435 \u0438 \u0430\u043b\u0430\u0440\u043c \u0437\u0430 \u043d\u0435\u043d\u043e\u0440\u043c\u0430\u043b\u0435\u043d \u0437\u0432\u0443\u043a, \u043a\u0430\u043a\u043e \u0438 \u043a\u043e\u043d\u0444\u0438\u0433\u0443\u0440\u0438\u0440\u0430\u0447\u043a\u0438 \u0437\u043e\u043d\u0438, \u043e\u0431\u0435\u0437\u0431\u0435\u0434\u0443\u0432\u0430\u0430\u0442 \u043f\u0440\u0435\u0446\u0438\u0437\u0435\u043d \u0438 \u0441\u0438\u0433\u0443\u0440\u0435\u043d \u043d\u0430\u0434\u0437\u043e\u0440 \u043d\u0430 \u0434\u043e\u043c\u043e\u0432\u0438, \u043a\u0430\u043d\u0446\u0435\u043b\u0430\u0440\u0438\u0438 \u0438 \u043c\u0430\u0433\u0430\u0446\u0438\u043d\u0438.<\/p>\n<p>\u041f\u043e\u0434\u0434\u0440\u0436\u0430\u043d\u0438 \u0441\u0435 Wi-Fi 6 \u0438 ONVIF, \u043a\u0430\u043a\u043e \u0438 \u0443\u043f\u0440\u0430\u0432\u0443\u0432\u0430\u045a\u0435 \u043f\u0440\u0435\u043a\u0443 Imou \u0430\u043f\u043b\u0438\u043a\u0430\u0446\u0438\u0458\u0430 (iOS, Android). \u041a\u0430\u043c\u0435\u0440\u0430\u0442\u0430 \u0438\u043c\u0430 microSD \u0441\u043b\u043e\u0442 \u0434\u043e 512GB, DC 5V1A \u043d\u0430\u043f\u043e\u0458\u0443\u0432\u0430\u045a\u0435 \u0438 \u0435 \u043b\u0435\u0441\u043d\u0430 \u0438 \u043a\u043e\u043c\u043f\u0430\u043a\u0442\u043d\u0430 \u0441\u043e \u0434\u0438\u043c\u0435\u043d\u0437\u0438\u0438 106.2 \u00d7 77.4 \u00d7 77.4 mm.<\/p>\n<p>\u0413\u0430\u0440\u0430\u043d\u0446\u0438\u0458\u0430 36 \u043c\u0435\u0441\u0435\u0446\u0438<\/p>\n","protected":false},"featured_media":9033,"comment_status":"open","ping_status":"closed","template":"","meta":{"_acf_changed":false},"product_brand":[287],"product_cat":[251],"product_tag":[],"class_list":{"0":"post-5658","1":"product","2":"type-product","3":"status-publish","4":"has-post-thumbnail","6":"product_brand-imou","7":"product_cat-network-cameras","9":"first","10":"outofstock","11":"sale","12":"taxable","13":"shipping-taxable","14":"purchasable","15":"product-type-simple"},"acf":[],"yoast_head":"<!-- This site is optimized with the Yoast SEO plugin v27.3 - https:\/\/yoast.com\/product\/yoast-seo-wordpress\/ -->\n<title>IMOU Ranger 2C 3MP Outdoor Wi-Fi Security Camera | Pan &amp; Tilt<\/title>\n<meta name=\"description\" content=\"IMOU Ranger 2C 3MP outdoor security camera with Wi-Fi 6, pan &amp; tilt, night vision up to 10m, two-way audio, motion &amp; human detection, and microSD\" \/>\n<meta name=\"robots\" content=\"index, follow, max-snippet:-1, max-image-preview:large, max-video-preview:-1\" \/>\n<link rel=\"canonical\" href=\"https:\/\/alarmplus.mk\/mk\/product\/imou-ranger-2c-3mp\/\" \/>\n<meta property=\"og:locale\" content=\"mk_MK\" \/>\n<meta property=\"og:type\" content=\"article\" \/>\n<meta property=\"og:title\" content=\"IMOU Ranger 2C 3MP Outdoor Wi-Fi Security Camera | Pan &amp; Tilt\" \/>\n<meta property=\"og:description\" content=\"IMOU Ranger 2C 3MP outdoor security camera with Wi-Fi 6, pan &amp; tilt, night vision up to 10m, two-way audio, motion &amp; human detection, and microSD\" \/>\n<meta property=\"og:url\" content=\"https:\/\/alarmplus.mk\/mk\/product\/imou-ranger-2c-3mp\/\" \/>\n<meta property=\"og:site_name\" content=\"alarmplus.mk\" \/>\n<meta property=\"article:publisher\" content=\"https:\/\/www.facebook.com\/alarmplus.mk\" \/>\n<meta property=\"article:modified_time\" content=\"2026-02-15T16:52:11+00:00\" \/>\n<meta property=\"og:image\" content=\"https:\/\/alarmplus.mk\/wp-content\/uploads\/2025\/04\/IMOU-Ranger-2C-IPC-K2ECP-3H1W-3MP-1.webp\" \/>\n\t<meta property=\"og:image:width\" content=\"800\" \/>\n\t<meta property=\"og:image:height\" content=\"800\" \/>\n\t<meta property=\"og:image:type\" content=\"image\/webp\" \/>\n<meta name=\"twitter:card\" content=\"summary_large_image\" \/>\n<meta name=\"twitter:label1\" content=\"Est. reading time\" \/>\n\t<meta name=\"twitter:data1\" content=\"2 \u043c\u0438\u043d\u0443\u0442\u0438\" \/>\n<script type=\"application\/ld+json\" class=\"yoast-schema-graph\">{\"@context\":\"https:\\\/\\\/schema.org\",\"@graph\":[{\"@type\":\"WebPage\",\"@id\":\"https:\\\/\\\/alarmplus.mk\\\/mk\\\/product\\\/imou-ranger-2c-3mp\\\/\",\"url\":\"https:\\\/\\\/alarmplus.mk\\\/mk\\\/product\\\/imou-ranger-2c-3mp\\\/\",\"name\":\"IMOU Ranger 2C 3MP Outdoor Wi-Fi Security Camera | Pan & Tilt\",\"isPartOf\":{\"@id\":\"https:\\\/\\\/alarmplus.mk\\\/mk\\\/#website\"},\"primaryImageOfPage\":{\"@id\":\"https:\\\/\\\/alarmplus.mk\\\/mk\\\/product\\\/imou-ranger-2c-3mp\\\/#primaryimage\"},\"image\":{\"@id\":\"https:\\\/\\\/alarmplus.mk\\\/mk\\\/product\\\/imou-ranger-2c-3mp\\\/#primaryimage\"},\"thumbnailUrl\":\"https:\\\/\\\/alarmplus.mk\\\/wp-content\\\/uploads\\\/2025\\\/04\\\/IMOU-Ranger-2C-IPC-K2ECP-3H1W-3MP-1.webp\",\"datePublished\":\"2025-04-10T17:06:11+00:00\",\"dateModified\":\"2026-02-15T16:52:11+00:00\",\"description\":\"IMOU Ranger 2C 3MP outdoor security camera with Wi-Fi 6, pan & tilt, night vision up to 10m, two-way audio, motion & human detection, and microSD\",\"breadcrumb\":{\"@id\":\"https:\\\/\\\/alarmplus.mk\\\/mk\\\/product\\\/imou-ranger-2c-3mp\\\/#breadcrumb\"},\"inLanguage\":\"mk-MK\",\"potentialAction\":[{\"@type\":\"ReadAction\",\"target\":[\"https:\\\/\\\/alarmplus.mk\\\/mk\\\/product\\\/imou-ranger-2c-3mp\\\/\"]}]},{\"@type\":\"ImageObject\",\"inLanguage\":\"mk-MK\",\"@id\":\"https:\\\/\\\/alarmplus.mk\\\/mk\\\/product\\\/imou-ranger-2c-3mp\\\/#primaryimage\",\"url\":\"https:\\\/\\\/alarmplus.mk\\\/wp-content\\\/uploads\\\/2025\\\/04\\\/IMOU-Ranger-2C-IPC-K2ECP-3H1W-3MP-1.webp\",\"contentUrl\":\"https:\\\/\\\/alarmplus.mk\\\/wp-content\\\/uploads\\\/2025\\\/04\\\/IMOU-Ranger-2C-IPC-K2ECP-3H1W-3MP-1.webp\",\"width\":800,\"height\":800,\"caption\":\"IMOU Ranger 2C IPC-K2ECP-3H1W 3MP front view\"},{\"@type\":\"BreadcrumbList\",\"@id\":\"https:\\\/\\\/alarmplus.mk\\\/mk\\\/product\\\/imou-ranger-2c-3mp\\\/#breadcrumb\",\"itemListElement\":[{\"@type\":\"ListItem\",\"position\":1,\"name\":\"Home\",\"item\":\"https:\\\/\\\/alarmplus.mk\\\/mk\\\/\"},{\"@type\":\"ListItem\",\"position\":2,\"name\":\"\u041f\u0440\u043e\u0434\u0430\u0432\u043d\u0438\u0446\u0430\",\"item\":\"https:\\\/\\\/alarmplus.mk\\\/mk\\\/shop\\\/\"},{\"@type\":\"ListItem\",\"position\":3,\"name\":\"IMOU Ranger 2C IPC-K2ECP-3H1W 3MP\"}]},{\"@type\":\"WebSite\",\"@id\":\"https:\\\/\\\/alarmplus.mk\\\/mk\\\/#website\",\"url\":\"https:\\\/\\\/alarmplus.mk\\\/mk\\\/\",\"name\":\"alarmplus.mk\",\"description\":\"Best Security Cameras and Alarms\",\"publisher\":{\"@id\":\"https:\\\/\\\/alarmplus.mk\\\/mk\\\/#organization\"},\"alternateName\":\"Alarm Plus\",\"potentialAction\":[{\"@type\":\"SearchAction\",\"target\":{\"@type\":\"EntryPoint\",\"urlTemplate\":\"https:\\\/\\\/alarmplus.mk\\\/mk\\\/?s={search_term_string}\"},\"query-input\":{\"@type\":\"PropertyValueSpecification\",\"valueRequired\":true,\"valueName\":\"search_term_string\"}}],\"inLanguage\":\"mk-MK\"},{\"@type\":\"Organization\",\"@id\":\"https:\\\/\\\/alarmplus.mk\\\/mk\\\/#organization\",\"name\":\"alarmplus.mk\",\"alternateName\":\"Alarm Plus Home & Business Security Solutions\",\"url\":\"https:\\\/\\\/alarmplus.mk\\\/mk\\\/\",\"logo\":{\"@type\":\"ImageObject\",\"inLanguage\":\"mk-MK\",\"@id\":\"https:\\\/\\\/alarmplus.mk\\\/mk\\\/#\\\/schema\\\/logo\\\/image\\\/\",\"url\":\"https:\\\/\\\/alarmplus.mk\\\/wp-content\\\/uploads\\\/2025\\\/05\\\/alarmplus.mk5_-e1747004561767.png\",\"contentUrl\":\"https:\\\/\\\/alarmplus.mk\\\/wp-content\\\/uploads\\\/2025\\\/05\\\/alarmplus.mk5_-e1747004561767.png\",\"width\":477,\"height\":114,\"caption\":\"alarmplus.mk\"},\"image\":{\"@id\":\"https:\\\/\\\/alarmplus.mk\\\/mk\\\/#\\\/schema\\\/logo\\\/image\\\/\"},\"sameAs\":[\"https:\\\/\\\/www.facebook.com\\\/alarmplus.mk\",\"https:\\\/\\\/www.instagram.com\\\/alarmplusmk\"]}]}<\/script>\n<!-- \/ Yoast SEO plugin. -->","yoast_head_json":{"title":"IMOU Ranger 2C 3MP Outdoor Wi-Fi Security Camera | Pan & Tilt","description":"IMOU Ranger 2C 3MP outdoor security camera with Wi-Fi 6, pan & tilt, night vision up to 10m, two-way audio, motion & human detection, and microSD","robots":{"index":"index","follow":"follow","max-snippet":"max-snippet:-1","max-image-preview":"max-image-preview:large","max-video-preview":"max-video-preview:-1"},"canonical":"https:\/\/alarmplus.mk\/mk\/product\/imou-ranger-2c-3mp\/","og_locale":"mk_MK","og_type":"article","og_title":"IMOU Ranger 2C 3MP Outdoor Wi-Fi Security Camera | Pan & Tilt","og_description":"IMOU Ranger 2C 3MP outdoor security camera with Wi-Fi 6, pan & tilt, night vision up to 10m, two-way audio, motion & human detection, and microSD","og_url":"https:\/\/alarmplus.mk\/mk\/product\/imou-ranger-2c-3mp\/","og_site_name":"alarmplus.mk","article_publisher":"https:\/\/www.facebook.com\/alarmplus.mk","article_modified_time":"2026-02-15T16:52:11+00:00","og_image":[{"width":800,"height":800,"url":"https:\/\/alarmplus.mk\/wp-content\/uploads\/2025\/04\/IMOU-Ranger-2C-IPC-K2ECP-3H1W-3MP-1.webp","type":"image\/webp"}],"twitter_card":"summary_large_image","twitter_misc":{"Est. reading time":"2 \u043c\u0438\u043d\u0443\u0442\u0438"},"schema":{"@context":"https:\/\/schema.org","@graph":[{"@type":"WebPage","@id":"https:\/\/alarmplus.mk\/mk\/product\/imou-ranger-2c-3mp\/","url":"https:\/\/alarmplus.mk\/mk\/product\/imou-ranger-2c-3mp\/","name":"IMOU Ranger 2C 3MP Outdoor Wi-Fi Security Camera | Pan & Tilt","isPartOf":{"@id":"https:\/\/alarmplus.mk\/mk\/#website"},"primaryImageOfPage":{"@id":"https:\/\/alarmplus.mk\/mk\/product\/imou-ranger-2c-3mp\/#primaryimage"},"image":{"@id":"https:\/\/alarmplus.mk\/mk\/product\/imou-ranger-2c-3mp\/#primaryimage"},"thumbnailUrl":"https:\/\/alarmplus.mk\/wp-content\/uploads\/2025\/04\/IMOU-Ranger-2C-IPC-K2ECP-3H1W-3MP-1.webp","datePublished":"2025-04-10T17:06:11+00:00","dateModified":"2026-02-15T16:52:11+00:00","description":"IMOU Ranger 2C 3MP outdoor security camera with Wi-Fi 6, pan & tilt, night vision up to 10m, two-way audio, motion & human detection, and microSD","breadcrumb":{"@id":"https:\/\/alarmplus.mk\/mk\/product\/imou-ranger-2c-3mp\/#breadcrumb"},"inLanguage":"mk-MK","potentialAction":[{"@type":"ReadAction","target":["https:\/\/alarmplus.mk\/mk\/product\/imou-ranger-2c-3mp\/"]}]},{"@type":"ImageObject","inLanguage":"mk-MK","@id":"https:\/\/alarmplus.mk\/mk\/product\/imou-ranger-2c-3mp\/#primaryimage","url":"https:\/\/alarmplus.mk\/wp-content\/uploads\/2025\/04\/IMOU-Ranger-2C-IPC-K2ECP-3H1W-3MP-1.webp","contentUrl":"https:\/\/alarmplus.mk\/wp-content\/uploads\/2025\/04\/IMOU-Ranger-2C-IPC-K2ECP-3H1W-3MP-1.webp","width":800,"height":800,"caption":"IMOU Ranger 2C IPC-K2ECP-3H1W 3MP front view"},{"@type":"BreadcrumbList","@id":"https:\/\/alarmplus.mk\/mk\/product\/imou-ranger-2c-3mp\/#breadcrumb","itemListElement":[{"@type":"ListItem","position":1,"name":"Home","item":"https:\/\/alarmplus.mk\/mk\/"},{"@type":"ListItem","position":2,"name":"\u041f\u0440\u043e\u0434\u0430\u0432\u043d\u0438\u0446\u0430","item":"https:\/\/alarmplus.mk\/mk\/shop\/"},{"@type":"ListItem","position":3,"name":"IMOU Ranger 2C IPC-K2ECP-3H1W 3MP"}]},{"@type":"WebSite","@id":"https:\/\/alarmplus.mk\/mk\/#website","url":"https:\/\/alarmplus.mk\/mk\/","name":"alarmplus.mk","description":"Best Security Cameras and Alarms","publisher":{"@id":"https:\/\/alarmplus.mk\/mk\/#organization"},"alternateName":"Alarm Plus","potentialAction":[{"@type":"SearchAction","target":{"@type":"EntryPoint","urlTemplate":"https:\/\/alarmplus.mk\/mk\/?s={search_term_string}"},"query-input":{"@type":"PropertyValueSpecification","valueRequired":true,"valueName":"search_term_string"}}],"inLanguage":"mk-MK"},{"@type":"Organization","@id":"https:\/\/alarmplus.mk\/mk\/#organization","name":"alarmplus.mk","alternateName":"Alarm Plus Home & Business Security Solutions","url":"https:\/\/alarmplus.mk\/mk\/","logo":{"@type":"ImageObject","inLanguage":"mk-MK","@id":"https:\/\/alarmplus.mk\/mk\/#\/schema\/logo\/image\/","url":"https:\/\/alarmplus.mk\/wp-content\/uploads\/2025\/05\/alarmplus.mk5_-e1747004561767.png","contentUrl":"https:\/\/alarmplus.mk\/wp-content\/uploads\/2025\/05\/alarmplus.mk5_-e1747004561767.png","width":477,"height":114,"caption":"alarmplus.mk"},"image":{"@id":"https:\/\/alarmplus.mk\/mk\/#\/schema\/logo\/image\/"},"sameAs":["https:\/\/www.facebook.com\/alarmplus.mk","https:\/\/www.instagram.com\/alarmplusmk"]}]}},"jetpack_sharing_enabled":true,"_links":{"self":[{"href":"https:\/\/alarmplus.mk\/mk\/wp-json\/wp\/v2\/product\/5658","targetHints":{"allow":["GET"]}}],"collection":[{"href":"https:\/\/alarmplus.mk\/mk\/wp-json\/wp\/v2\/product"}],"about":[{"href":"https:\/\/alarmplus.mk\/mk\/wp-json\/wp\/v2\/types\/product"}],"replies":[{"embeddable":true,"href":"https:\/\/alarmplus.mk\/mk\/wp-json\/wp\/v2\/comments?post=5658"}],"wp:featuredmedia":[{"embeddable":true,"href":"https:\/\/alarmplus.mk\/mk\/wp-json\/wp\/v2\/media\/9033"}],"wp:attachment":[{"href":"https:\/\/alarmplus.mk\/mk\/wp-json\/wp\/v2\/media?parent=5658"}],"wp:term":[{"taxonomy":"product_brand","embeddable":true,"href":"https:\/\/alarmplus.mk\/mk\/wp-json\/wp\/v2\/product_brand?post=5658"},{"taxonomy":"product_cat","embeddable":true,"href":"https:\/\/alarmplus.mk\/mk\/wp-json\/wp\/v2\/product_cat?post=5658"},{"taxonomy":"product_tag","embeddable":true,"href":"https:\/\/alarmplus.mk\/mk\/wp-json\/wp\/v2\/product_tag?post=5658"}],"curies":[{"name":"wp","href":"https:\/\/api.w.org\/{rel}","templated":true}]}}