{"id":5669,"date":"2025-04-10T21:22:27","date_gmt":"2025-04-10T21:22:27","guid":{"rendered":"https:\/\/alarmplus.mk\/?post_type=product&#038;p=5669"},"modified":"2026-01-08T18:21:56","modified_gmt":"2026-01-08T17:21:56","slug":"dvc-dvr-5mp-8-channel","status":"publish","type":"product","link":"https:\/\/alarmplus.mk\/mk\/product\/dvc-dvr-5mp-8-channel\/","title":{"rendered":"DVC DRA-0851HAN2 DVR 8 Channel 5MP"},"content":{"rendered":"<table style=\"width: 100%;border-collapse: collapse;font-family: Arial, sans-serif;font-size: 14px\">\n<thead>\n<tr>\n<th style=\"border: 1px solid #ccc;background: #d9d9d9;padding: 10px;text-align: left\" colspan=\"2\">DVC DRA-0851HAN2 DVR 8 Channel 5MP &#8211; Specifications<\/th>\n<\/tr>\n<\/thead>\n<tbody><!-- General --><\/p>\n<tr>\n<td style=\"border: 1px solid #ccc;background: #e8f4ff;padding: 8px;font-weight: bold\" colspan=\"2\">General<\/td>\n<\/tr>\n<tr>\n<td style=\"border: 1px solid #ccc;padding: 8px\">Manufacturer<\/td>\n<td style=\"border: 1px solid #ccc;padding: 8px\">DVC<\/td>\n<\/tr>\n<tr>\n<td style=\"border: 1px solid #ccc;padding: 8px\">Technology<\/td>\n<td style=\"border: 1px solid #ccc;padding: 8px\">HD video<\/td>\n<\/tr>\n<tr>\n<td style=\"border: 1px solid #ccc;padding: 8px\">Supported IP camera manufacturers<\/td>\n<td style=\"border: 1px solid #ccc;padding: 8px\">DVC IP<\/td>\n<\/tr>\n<tr>\n<td style=\"border: 1px solid #ccc;padding: 8px\">Processor<\/td>\n<td style=\"border: 1px solid #ccc;padding: 8px\">Novatek<\/td>\n<\/tr>\n<p><!-- Video &amp; Recording --><\/p>\n<tr>\n<td style=\"border: 1px solid #ccc;background: #e8f4ff;padding: 8px;font-weight: bold\" colspan=\"2\">Video &amp; Recording<\/td>\n<\/tr>\n<tr>\n<td style=\"border: 1px solid #ccc;padding: 8px\">Compression<\/td>\n<td style=\"border: 1px solid #ccc;padding: 8px\">H.264, H.265, H.265+<\/td>\n<\/tr>\n<tr>\n<td style=\"border: 1px solid #ccc;padding: 8px\">Number of cameras<\/td>\n<td style=\"border: 1px solid #ccc;padding: 8px\">8 analogue (AHD\/TVI\/CVI) + 4 IP<\/td>\n<\/tr>\n<tr>\n<td style=\"border: 1px solid #ccc;padding: 8px\">Max resolution<\/td>\n<td style=\"border: 1px solid #ccc;padding: 8px\">5Mpx Lite<\/td>\n<\/tr>\n<tr>\n<td style=\"border: 1px solid #ccc;padding: 8px\">Recording 5Mpx Lite<\/td>\n<td style=\"border: 1px solid #ccc;padding: 8px\">5Mpx LITE@10fps<\/td>\n<\/tr>\n<tr>\n<td style=\"border: 1px solid #ccc;padding: 8px\">Recording 4Mpx Lite<\/td>\n<td style=\"border: 1px solid #ccc;padding: 8px\">4Mpx LITE@12fps<\/td>\n<\/tr>\n<tr>\n<td style=\"border: 1px solid #ccc;padding: 8px\">Recording 2Mpx<\/td>\n<td style=\"border: 1px solid #ccc;padding: 8px\">2Mpx@12fps<\/td>\n<\/tr>\n<tr>\n<td style=\"border: 1px solid #ccc;padding: 8px\">Recording 2Mpx Lite<\/td>\n<td style=\"border: 1px solid #ccc;padding: 8px\">2Mpx LITE@25fps<\/td>\n<\/tr>\n<tr>\n<td style=\"border: 1px solid #ccc;padding: 8px\">Recording 1Mpx<\/td>\n<td style=\"border: 1px solid #ccc;padding: 8px\">1Mpx@25fps<\/td>\n<\/tr>\n<tr>\n<td style=\"border: 1px solid #ccc;padding: 8px\">Recording WD1<\/td>\n<td style=\"border: 1px solid #ccc;padding: 8px\">WD1@25fps<\/td>\n<\/tr>\n<tr>\n<td style=\"border: 1px solid #ccc;padding: 8px\">Recording IP<\/td>\n<td style=\"border: 1px solid #ccc;padding: 8px\">5Mpx, 4Mpx, 3Mpx, 2Mpx@25fps<\/td>\n<\/tr>\n<tr>\n<td style=\"border: 1px solid #ccc;padding: 8px\">Dual stream<\/td>\n<td style=\"border: 1px solid #ccc;padding: 8px\">Yes<\/td>\n<\/tr>\n<p><!-- Video Outputs --><\/p>\n<tr>\n<td style=\"border: 1px solid #ccc;background: #e8f4ff;padding: 8px;font-weight: bold\" colspan=\"2\">Video Outputs<\/td>\n<\/tr>\n<tr>\n<td style=\"border: 1px solid #ccc;padding: 8px\">BNC output<\/td>\n<td style=\"border: 1px solid #ccc;padding: 8px\">Yes<\/td>\n<\/tr>\n<tr>\n<td style=\"border: 1px solid #ccc;padding: 8px\">VGA output<\/td>\n<td style=\"border: 1px solid #ccc;padding: 8px\">1920 \u00d7 1080<\/td>\n<\/tr>\n<tr>\n<td style=\"border: 1px solid #ccc;padding: 8px\">HDMI output<\/td>\n<td style=\"border: 1px solid #ccc;padding: 8px\">Yes<\/td>\n<\/tr>\n<tr>\n<td style=\"border: 1px solid #ccc;padding: 8px\">Spot output<\/td>\n<td style=\"border: 1px solid #ccc;padding: 8px\">BNC<\/td>\n<\/tr>\n<p><!-- Audio &amp; Alarm --><\/p>\n<tr>\n<td style=\"border: 1px solid #ccc;background: #e8f4ff;padding: 8px;font-weight: bold\" colspan=\"2\">Audio &amp; Alarm<\/td>\n<\/tr>\n<tr>\n<td style=\"border: 1px solid #ccc;padding: 8px\">Audio inputs<\/td>\n<td style=\"border: 1px solid #ccc;padding: 8px\">8 \u00d7 In<\/td>\n<\/tr>\n<tr>\n<td style=\"border: 1px solid #ccc;padding: 8px\">Audio output<\/td>\n<td style=\"border: 1px solid #ccc;padding: 8px\">1 \u00d7 Out<\/td>\n<\/tr>\n<tr>\n<td style=\"border: 1px solid #ccc;padding: 8px\">Alarm inputs \/ outputs<\/td>\n<td style=\"border: 1px solid #ccc;padding: 8px\">8<\/td>\n<\/tr>\n<tr>\n<td style=\"border: 1px solid #ccc;padding: 8px\">Alarm output<\/td>\n<td style=\"border: 1px solid #ccc;padding: 8px\">2<\/td>\n<\/tr>\n<p><!-- Storage --><\/p>\n<tr>\n<td style=\"border: 1px solid #ccc;background: #e8f4ff;padding: 8px;font-weight: bold\" colspan=\"2\">Storage<\/td>\n<\/tr>\n<tr>\n<td style=\"border: 1px solid #ccc;padding: 8px\">HDD<\/td>\n<td style=\"border: 1px solid #ccc;padding: 8px\">1 \u00d7 SATA, 1 \u00d7 eSATA (2 \u00d7 8 TB max.)<\/td>\n<\/tr>\n<p><!-- Network --><\/p>\n<tr>\n<td style=\"border: 1px solid #ccc;background: #e8f4ff;padding: 8px;font-weight: bold\" colspan=\"2\">Network<\/td>\n<\/tr>\n<tr>\n<td style=\"border: 1px solid #ccc;padding: 8px\">LAN<\/td>\n<td style=\"border: 1px solid #ccc;padding: 8px\">10\/100 Mbps RJ-45<\/td>\n<\/tr>\n<tr>\n<td style=\"border: 1px solid #ccc;padding: 8px\">Network access<\/td>\n<td style=\"border: 1px solid #ccc;padding: 8px\">IE, NVMS1000<\/td>\n<\/tr>\n<tr>\n<td style=\"border: 1px solid #ccc;padding: 8px\">Mobile access<\/td>\n<td style=\"border: 1px solid #ccc;padding: 8px\">Android, iOS<\/td>\n<\/tr>\n<tr>\n<td style=\"border: 1px solid #ccc;padding: 8px\">Max. IP camera bit rate<\/td>\n<td style=\"border: 1px solid #ccc;padding: 8px\">6 Mbps per channel<\/td>\n<\/tr>\n<tr>\n<td style=\"border: 1px solid #ccc;padding: 8px\">AHD to IP channels<\/td>\n<td style=\"border: 1px solid #ccc;padding: 8px\">8<\/td>\n<\/tr>\n<p><!-- Control &amp; Analytics --><\/p>\n<tr>\n<td style=\"border: 1px solid #ccc;background: #e8f4ff;padding: 8px;font-weight: bold\" colspan=\"2\">Control &amp; Analytics<\/td>\n<\/tr>\n<tr>\n<td style=\"border: 1px solid #ccc;padding: 8px\">DVR control<\/td>\n<td style=\"border: 1px solid #ccc;padding: 8px\">Web browser, mouse<\/td>\n<\/tr>\n<tr>\n<td style=\"border: 1px solid #ccc;padding: 8px\">RS485<\/td>\n<td style=\"border: 1px solid #ccc;padding: 8px\">Yes<\/td>\n<\/tr>\n<tr>\n<td style=\"border: 1px solid #ccc;padding: 8px\">Video analytics<\/td>\n<td style=\"border: 1px solid #ccc;padding: 8px\">HD + IP cameras<\/td>\n<\/tr>\n<p><!-- Physical &amp; Power --><\/p>\n<tr>\n<td style=\"border: 1px solid #ccc;background: #e8f4ff;padding: 8px;font-weight: bold\" colspan=\"2\">Physical &amp; Power<\/td>\n<\/tr>\n<tr>\n<td style=\"border: 1px solid #ccc;padding: 8px\">Power supply<\/td>\n<td style=\"border: 1px solid #ccc;padding: 8px\">12V DC<\/td>\n<\/tr>\n<tr>\n<td style=\"border: 1px solid #ccc;padding: 8px\">Consumption<\/td>\n<td style=\"border: 1px solid #ccc;padding: 8px\">&lt;12W (without HDD)<\/td>\n<\/tr>\n<tr>\n<td style=\"border: 1px solid #ccc;padding: 8px\">Fan<\/td>\n<td style=\"border: 1px solid #ccc;padding: 8px\">No<\/td>\n<\/tr>\n<tr>\n<td style=\"border: 1px solid #ccc;padding: 8px\">Dimensions<\/td>\n<td style=\"border: 1px solid #ccc;padding: 8px\">300 \u00d7 248 \u00d7 52 mm<\/td>\n<\/tr>\n<tr>\n<td style=\"border: 1px solid #ccc;padding: 8px\">Operating temperature<\/td>\n<td style=\"border: 1px solid #ccc;padding: 8px\">-10\u00b0C to 50\u00b0C<\/td>\n<\/tr>\n<tr>\n<td style=\"border: 1px solid #ccc;padding: 8px\">Operating humidity<\/td>\n<td style=\"border: 1px solid #ccc;padding: 8px\">10% \u2013 90%<\/td>\n<\/tr>\n<\/tbody>\n<\/table>\n","protected":false},"excerpt":{"rendered":"<p>DVC DRA-0851HAN2 DVR 8 Channel 5MP<\/p>\n<p>DVC DRA-0851HAN2 \u0435 8-\u043a\u0430\u043d\u0430\u043b\u0435\u043d 5MP DVR \u0432\u0438\u0434\u0435\u043e \u0440\u0435\u043a\u043e\u0440\u0434\u0435\u0440, \u0434\u0438\u0437\u0430\u0458\u043d\u0438\u0440\u0430\u043d \u0437\u0430 \u0441\u0438\u0433\u0443\u0440\u043d\u0438 \u0438 \u043f\u0440\u043e\u0444\u0435\u0441\u0438\u043e\u043d\u0430\u043b\u043d\u0438 \u0441\u0438\u0441\u0442\u0435\u043c\u0438 \u0437\u0430 \u0432\u0438\u0434\u0435\u043e \u043d\u0430\u0434\u0437\u043e\u0440 \u0432\u043e \u0434\u043e\u043c\u043e\u0432\u0438, \u0434\u0435\u043b\u043e\u0432\u043d\u0438 \u043e\u0431\u0458\u0435\u043a\u0442\u0438, \u043c\u0430\u0433\u0430\u0446\u0438\u043d\u0438 \u0438 \u0438\u043d\u0434\u0443\u0441\u0442\u0440\u0438\u0441\u043a\u0438 \u0441\u0440\u0435\u0434\u0438\u043d\u0438. \u0423\u0440\u0435\u0434\u043e\u0442 \u043f\u043e\u0434\u0434\u0440\u0436\u0443\u0432\u0430 \u043f\u043e\u0432\u0440\u0437\u0443\u0432\u0430\u045a\u0435 \u043d\u0430 8 \u0430\u043d\u0430\u043b\u043e\u0433\u043d\u0438 HD \u043a\u0430\u043c\u0435\u0440\u0438 (AHD\/TVI\/CVI), \u043a\u0430\u043a\u043e \u0438 \u0434\u043e\u043f\u043e\u043b\u043d\u0438\u0442\u0435\u043b\u043d\u0438 IP \u043a\u0430\u043c\u0435\u0440\u0438, \u043e\u0432\u043e\u0437\u043c\u043e\u0436\u0443\u0432\u0430\u0458\u045c\u0438 \u0444\u043b\u0435\u043a\u0441\u0438\u0431\u0438\u043b\u043d\u0430 \u043a\u043e\u043d\u0444\u0438\u0433\u0443\u0440\u0430\u0446\u0438\u0458\u0430 \u0438 \u043b\u0435\u0441\u043d\u0430 \u043d\u0430\u0434\u0433\u0440\u0430\u0434\u0431\u0430 \u043d\u0430 \u043f\u043e\u0441\u0442\u043e\u0435\u0447\u043a\u0438\u0442\u0435 \u0441\u0438\u0441\u0442\u0435\u043c\u0438 \u0431\u0435\u0437 \u0446\u0435\u043b\u043e\u0441\u043d\u0430 \u0437\u0430\u043c\u0435\u043d\u0430 \u043d\u0430 \u043e\u043f\u0440\u0435\u043c\u0430\u0442\u0430.<\/p>\n<p>\u0421\u043e \u043f\u043e\u0434\u0434\u0440\u0448\u043a\u0430 \u0437\u0430 5MP Lite \u0440\u0435\u0437\u043e\u043b\u0443\u0446\u0438\u0458\u0430 \u0438 \u043d\u0430\u043f\u0440\u0435\u0434\u043d\u0430 H.265+ \u043a\u043e\u043c\u043f\u0440\u0435\u0441\u0438\u0458\u0430, DVR \u0443\u0440\u0435\u0434\u043e\u0442 \u043e\u0432\u043e\u0437\u043c\u043e\u0436\u0443\u0432\u0430 \u0458\u0430\u0441\u0435\u043d \u0438 \u0441\u0442\u0430\u0431\u0438\u043b\u0435\u043d \u0432\u0438\u0434\u0435\u043e \u0437\u0430\u043f\u0438\u0441 \u0441\u043e \u0437\u043d\u0430\u0447\u0438\u0442\u0435\u043b\u043d\u043e \u043d\u0430\u043c\u0430\u043b\u0435\u043d\u0430 \u043f\u043e\u0442\u0440\u043e\u0448\u0443\u0432\u0430\u0447\u043a\u0430 \u043d\u0430 \u043f\u0440\u043e\u0441\u0442\u043e\u0440 \u0437\u0430 \u0441\u043a\u043b\u0430\u0434\u0438\u0440\u0430\u045a\u0435. Dual-stream \u0442\u0435\u0445\u043d\u043e\u043b\u043e\u0433\u0438\u0458\u0430\u0442\u0430 \u043e\u0432\u043e\u0437\u043c\u043e\u0436\u0443\u0432\u0430 \u0438\u0441\u0442\u043e\u0432\u0440\u0435\u043c\u0435\u043d\u043e \u043b\u043e\u043a\u0430\u043b\u043d\u043e \u0441\u043d\u0438\u043c\u0430\u045a\u0435 \u0441\u043e \u0432\u0438\u0441\u043e\u043a \u043a\u0432\u0430\u043b\u0438\u0442\u0435\u0442 \u0438 \u0434\u0430\u043b\u0435\u0447\u0438\u043d\u0441\u043a\u0438 \u043f\u0440\u0438\u0441\u0442\u0430\u043f \u0441\u043e \u043e\u043f\u0442\u0438\u043c\u0438\u0437\u0438\u0440\u0430\u043d \u043f\u0440\u043e\u0442\u043e\u043a \u043d\u0430 \u043f\u043e\u0434\u0430\u0442\u043e\u0446\u0438.<\/p>\n<p>DVC DRA-0851HAN2 \u0440\u0430\u0441\u043f\u043e\u043b\u0430\u0433\u0430 \u0441\u043e HDMI \u0438 VGA \u0432\u0438\u0434\u0435\u043e \u0438\u0437\u043b\u0435\u0437\u0438 \u0437\u0430 \u043f\u043e\u0432\u0440\u0437\u0443\u0432\u0430\u045a\u0435 \u0441\u043e \u0440\u0430\u0437\u043b\u0438\u0447\u043d\u0438 \u043c\u043e\u043d\u0438\u0442\u043e\u0440\u0438, \u043a\u0430\u043a\u043e \u0438 BNC spot \u0438\u0437\u043b\u0435\u0437 \u0437\u0430 \u0434\u043e\u043f\u043e\u043b\u043d\u0438\u0442\u0435\u043b\u0435\u043d \u043f\u0440\u0435\u0433\u043b\u0435\u0434. \u041f\u043e\u0434\u0434\u0440\u0436\u0443\u0432\u0430 8 \u0430\u0443\u0434\u0438\u043e \u0432\u043b\u0435\u0437\u043e\u0432\u0438 \u0438 1 \u0430\u0443\u0434\u0438\u043e \u0438\u0437\u043b\u0435\u0437, \u043a\u0430\u043a\u043e \u0438 \u0430\u043b\u0430\u0440\u043c\u043d\u0438 \u0432\u043b\u0435\u0437\u043e\u0432\u0438 \u0438 \u0438\u0437\u043b\u0435\u0437\u0438, \u0448\u0442\u043e \u043e\u0432\u043e\u0437\u043c\u043e\u0436\u0443\u0432\u0430 \u0438\u043d\u0442\u0435\u0433\u0440\u0430\u0446\u0438\u0458\u0430 \u0441\u043e \u043d\u0430\u0434\u0432\u043e\u0440\u0435\u0448\u043d\u0438 \u0430\u043b\u0430\u0440\u043c\u043d\u0438 \u0443\u0440\u0435\u0434\u0438 \u0438 \u0441\u0435\u043d\u0437\u043e\u0440\u0438.<\/p>\n<p>\u0413\u0430\u0440\u0430\u043d\u0446\u0438\u0458\u0430 3 \u0433\u043e\u0434\u0438\u043d\u0438<\/p>\n","protected":false},"featured_media":9707,"comment_status":"open","ping_status":"closed","template":"","meta":{"_acf_changed":false},"product_brand":[227],"product_cat":[238],"product_tag":[],"class_list":{"0":"post-5669","1":"product","2":"type-product","3":"status-publish","4":"has-post-thumbnail","6":"product_brand-dvc","7":"product_cat-dvr-ahd","9":"first","10":"instock","11":"sale","12":"taxable","13":"shipping-taxable","14":"purchasable","15":"product-type-simple"},"acf":[],"yoast_head":"<!-- This site is optimized with the Yoast SEO plugin v27.3 - https:\/\/yoast.com\/product\/yoast-seo-wordpress\/ -->\n<title>DVC DRA-0851HAN2 5MP 8 Channel DVR Recorder with H.265<\/title>\n<meta name=\"description\" content=\"DVC DRA-0851HAN2 8-channel DVR supports 5MP Lite recording, H.265+ compression, HDMI\/VGA output, IP camera expansion, audio and alarm inputs\" \/>\n<meta name=\"robots\" content=\"index, follow, max-snippet:-1, max-image-preview:large, max-video-preview:-1\" \/>\n<link rel=\"canonical\" href=\"https:\/\/alarmplus.mk\/mk\/product\/dvc-dvr-5mp-8-channel\/\" \/>\n<meta property=\"og:locale\" content=\"mk_MK\" \/>\n<meta property=\"og:type\" content=\"article\" \/>\n<meta property=\"og:title\" content=\"DVC DRA-0851HAN2 5MP 8 Channel DVR Recorder with H.265\" \/>\n<meta property=\"og:description\" content=\"DVC DRA-0851HAN2 8-channel DVR supports 5MP Lite recording, H.265+ compression, HDMI\/VGA output, IP camera expansion, audio and alarm inputs\" \/>\n<meta property=\"og:url\" content=\"https:\/\/alarmplus.mk\/mk\/product\/dvc-dvr-5mp-8-channel\/\" \/>\n<meta property=\"og:site_name\" content=\"alarmplus.mk\" \/>\n<meta property=\"article:publisher\" content=\"https:\/\/www.facebook.com\/alarmplus.mk\" \/>\n<meta property=\"article:modified_time\" content=\"2026-01-08T17:21:56+00:00\" \/>\n<meta property=\"og:image\" content=\"https:\/\/alarmplus.mk\/wp-content\/uploads\/2025\/04\/DVC-DRA-0851HAN2-DVR-8-Channel-5MP.webp\" \/>\n\t<meta property=\"og:image:width\" content=\"800\" \/>\n\t<meta property=\"og:image:height\" content=\"800\" \/>\n\t<meta property=\"og:image:type\" content=\"image\/webp\" \/>\n<meta name=\"twitter:card\" content=\"summary_large_image\" \/>\n<meta name=\"twitter:label1\" content=\"Est. reading time\" \/>\n\t<meta name=\"twitter:data1\" content=\"1 \u043c\u0438\u043d\u0443\u0442\u0430\" \/>\n<script type=\"application\/ld+json\" class=\"yoast-schema-graph\">{\"@context\":\"https:\\\/\\\/schema.org\",\"@graph\":[{\"@type\":\"WebPage\",\"@id\":\"https:\\\/\\\/alarmplus.mk\\\/mk\\\/product\\\/dvc-dvr-5mp-8-channel\\\/\",\"url\":\"https:\\\/\\\/alarmplus.mk\\\/mk\\\/product\\\/dvc-dvr-5mp-8-channel\\\/\",\"name\":\"DVC DRA-0851HAN2 5MP 8 Channel DVR Recorder with H.265\",\"isPartOf\":{\"@id\":\"https:\\\/\\\/alarmplus.mk\\\/mk\\\/#website\"},\"primaryImageOfPage\":{\"@id\":\"https:\\\/\\\/alarmplus.mk\\\/mk\\\/product\\\/dvc-dvr-5mp-8-channel\\\/#primaryimage\"},\"image\":{\"@id\":\"https:\\\/\\\/alarmplus.mk\\\/mk\\\/product\\\/dvc-dvr-5mp-8-channel\\\/#primaryimage\"},\"thumbnailUrl\":\"https:\\\/\\\/alarmplus.mk\\\/wp-content\\\/uploads\\\/2025\\\/04\\\/DVC-DRA-0851HAN2-DVR-8-Channel-5MP.webp\",\"datePublished\":\"2025-04-10T21:22:27+00:00\",\"dateModified\":\"2026-01-08T17:21:56+00:00\",\"description\":\"DVC DRA-0851HAN2 8-channel DVR supports 5MP Lite recording, H.265+ compression, HDMI\\\/VGA output, IP camera expansion, audio and alarm inputs\",\"breadcrumb\":{\"@id\":\"https:\\\/\\\/alarmplus.mk\\\/mk\\\/product\\\/dvc-dvr-5mp-8-channel\\\/#breadcrumb\"},\"inLanguage\":\"mk-MK\",\"potentialAction\":[{\"@type\":\"ReadAction\",\"target\":[\"https:\\\/\\\/alarmplus.mk\\\/mk\\\/product\\\/dvc-dvr-5mp-8-channel\\\/\"]}]},{\"@type\":\"ImageObject\",\"inLanguage\":\"mk-MK\",\"@id\":\"https:\\\/\\\/alarmplus.mk\\\/mk\\\/product\\\/dvc-dvr-5mp-8-channel\\\/#primaryimage\",\"url\":\"https:\\\/\\\/alarmplus.mk\\\/wp-content\\\/uploads\\\/2025\\\/04\\\/DVC-DRA-0851HAN2-DVR-8-Channel-5MP.webp\",\"contentUrl\":\"https:\\\/\\\/alarmplus.mk\\\/wp-content\\\/uploads\\\/2025\\\/04\\\/DVC-DRA-0851HAN2-DVR-8-Channel-5MP.webp\",\"width\":800,\"height\":800,\"caption\":\"DVC DRA-0851HAN2 8 channel 5MP DVR video recorder with HDMI VGA output and H.265+ compression front view\"},{\"@type\":\"BreadcrumbList\",\"@id\":\"https:\\\/\\\/alarmplus.mk\\\/mk\\\/product\\\/dvc-dvr-5mp-8-channel\\\/#breadcrumb\",\"itemListElement\":[{\"@type\":\"ListItem\",\"position\":1,\"name\":\"Home\",\"item\":\"https:\\\/\\\/alarmplus.mk\\\/mk\\\/\"},{\"@type\":\"ListItem\",\"position\":2,\"name\":\"\u041f\u0440\u043e\u0434\u0430\u0432\u043d\u0438\u0446\u0430\",\"item\":\"https:\\\/\\\/alarmplus.mk\\\/mk\\\/shop\\\/\"},{\"@type\":\"ListItem\",\"position\":3,\"name\":\"DVC DRA-0851HAN2 DVR 8 Channel 5MP\"}]},{\"@type\":\"WebSite\",\"@id\":\"https:\\\/\\\/alarmplus.mk\\\/mk\\\/#website\",\"url\":\"https:\\\/\\\/alarmplus.mk\\\/mk\\\/\",\"name\":\"alarmplus.mk\",\"description\":\"Best Security Cameras and Alarms\",\"publisher\":{\"@id\":\"https:\\\/\\\/alarmplus.mk\\\/mk\\\/#organization\"},\"alternateName\":\"Alarm Plus\",\"potentialAction\":[{\"@type\":\"SearchAction\",\"target\":{\"@type\":\"EntryPoint\",\"urlTemplate\":\"https:\\\/\\\/alarmplus.mk\\\/mk\\\/?s={search_term_string}\"},\"query-input\":{\"@type\":\"PropertyValueSpecification\",\"valueRequired\":true,\"valueName\":\"search_term_string\"}}],\"inLanguage\":\"mk-MK\"},{\"@type\":\"Organization\",\"@id\":\"https:\\\/\\\/alarmplus.mk\\\/mk\\\/#organization\",\"name\":\"alarmplus.mk\",\"alternateName\":\"Alarm Plus Home & Business Security Solutions\",\"url\":\"https:\\\/\\\/alarmplus.mk\\\/mk\\\/\",\"logo\":{\"@type\":\"ImageObject\",\"inLanguage\":\"mk-MK\",\"@id\":\"https:\\\/\\\/alarmplus.mk\\\/mk\\\/#\\\/schema\\\/logo\\\/image\\\/\",\"url\":\"https:\\\/\\\/alarmplus.mk\\\/wp-content\\\/uploads\\\/2025\\\/05\\\/alarmplus.mk5_-e1747004561767.png\",\"contentUrl\":\"https:\\\/\\\/alarmplus.mk\\\/wp-content\\\/uploads\\\/2025\\\/05\\\/alarmplus.mk5_-e1747004561767.png\",\"width\":477,\"height\":114,\"caption\":\"alarmplus.mk\"},\"image\":{\"@id\":\"https:\\\/\\\/alarmplus.mk\\\/mk\\\/#\\\/schema\\\/logo\\\/image\\\/\"},\"sameAs\":[\"https:\\\/\\\/www.facebook.com\\\/alarmplus.mk\",\"https:\\\/\\\/www.instagram.com\\\/alarmplusmk\"]}]}<\/script>\n<!-- \/ Yoast SEO plugin. -->","yoast_head_json":{"title":"DVC DRA-0851HAN2 5MP 8 Channel DVR Recorder with H.265","description":"DVC DRA-0851HAN2 8-channel DVR supports 5MP Lite recording, H.265+ compression, HDMI\/VGA output, IP camera expansion, audio and alarm inputs","robots":{"index":"index","follow":"follow","max-snippet":"max-snippet:-1","max-image-preview":"max-image-preview:large","max-video-preview":"max-video-preview:-1"},"canonical":"https:\/\/alarmplus.mk\/mk\/product\/dvc-dvr-5mp-8-channel\/","og_locale":"mk_MK","og_type":"article","og_title":"DVC DRA-0851HAN2 5MP 8 Channel DVR Recorder with H.265","og_description":"DVC DRA-0851HAN2 8-channel DVR supports 5MP Lite recording, H.265+ compression, HDMI\/VGA output, IP camera expansion, audio and alarm inputs","og_url":"https:\/\/alarmplus.mk\/mk\/product\/dvc-dvr-5mp-8-channel\/","og_site_name":"alarmplus.mk","article_publisher":"https:\/\/www.facebook.com\/alarmplus.mk","article_modified_time":"2026-01-08T17:21:56+00:00","og_image":[{"width":800,"height":800,"url":"https:\/\/alarmplus.mk\/wp-content\/uploads\/2025\/04\/DVC-DRA-0851HAN2-DVR-8-Channel-5MP.webp","type":"image\/webp"}],"twitter_card":"summary_large_image","twitter_misc":{"Est. reading time":"1 \u043c\u0438\u043d\u0443\u0442\u0430"},"schema":{"@context":"https:\/\/schema.org","@graph":[{"@type":"WebPage","@id":"https:\/\/alarmplus.mk\/mk\/product\/dvc-dvr-5mp-8-channel\/","url":"https:\/\/alarmplus.mk\/mk\/product\/dvc-dvr-5mp-8-channel\/","name":"DVC DRA-0851HAN2 5MP 8 Channel DVR Recorder with H.265","isPartOf":{"@id":"https:\/\/alarmplus.mk\/mk\/#website"},"primaryImageOfPage":{"@id":"https:\/\/alarmplus.mk\/mk\/product\/dvc-dvr-5mp-8-channel\/#primaryimage"},"image":{"@id":"https:\/\/alarmplus.mk\/mk\/product\/dvc-dvr-5mp-8-channel\/#primaryimage"},"thumbnailUrl":"https:\/\/alarmplus.mk\/wp-content\/uploads\/2025\/04\/DVC-DRA-0851HAN2-DVR-8-Channel-5MP.webp","datePublished":"2025-04-10T21:22:27+00:00","dateModified":"2026-01-08T17:21:56+00:00","description":"DVC DRA-0851HAN2 8-channel DVR supports 5MP Lite recording, H.265+ compression, HDMI\/VGA output, IP camera expansion, audio and alarm inputs","breadcrumb":{"@id":"https:\/\/alarmplus.mk\/mk\/product\/dvc-dvr-5mp-8-channel\/#breadcrumb"},"inLanguage":"mk-MK","potentialAction":[{"@type":"ReadAction","target":["https:\/\/alarmplus.mk\/mk\/product\/dvc-dvr-5mp-8-channel\/"]}]},{"@type":"ImageObject","inLanguage":"mk-MK","@id":"https:\/\/alarmplus.mk\/mk\/product\/dvc-dvr-5mp-8-channel\/#primaryimage","url":"https:\/\/alarmplus.mk\/wp-content\/uploads\/2025\/04\/DVC-DRA-0851HAN2-DVR-8-Channel-5MP.webp","contentUrl":"https:\/\/alarmplus.mk\/wp-content\/uploads\/2025\/04\/DVC-DRA-0851HAN2-DVR-8-Channel-5MP.webp","width":800,"height":800,"caption":"DVC DRA-0851HAN2 8 channel 5MP DVR video recorder with HDMI VGA output and H.265+ compression front view"},{"@type":"BreadcrumbList","@id":"https:\/\/alarmplus.mk\/mk\/product\/dvc-dvr-5mp-8-channel\/#breadcrumb","itemListElement":[{"@type":"ListItem","position":1,"name":"Home","item":"https:\/\/alarmplus.mk\/mk\/"},{"@type":"ListItem","position":2,"name":"\u041f\u0440\u043e\u0434\u0430\u0432\u043d\u0438\u0446\u0430","item":"https:\/\/alarmplus.mk\/mk\/shop\/"},{"@type":"ListItem","position":3,"name":"DVC DRA-0851HAN2 DVR 8 Channel 5MP"}]},{"@type":"WebSite","@id":"https:\/\/alarmplus.mk\/mk\/#website","url":"https:\/\/alarmplus.mk\/mk\/","name":"alarmplus.mk","description":"Best Security Cameras and Alarms","publisher":{"@id":"https:\/\/alarmplus.mk\/mk\/#organization"},"alternateName":"Alarm Plus","potentialAction":[{"@type":"SearchAction","target":{"@type":"EntryPoint","urlTemplate":"https:\/\/alarmplus.mk\/mk\/?s={search_term_string}"},"query-input":{"@type":"PropertyValueSpecification","valueRequired":true,"valueName":"search_term_string"}}],"inLanguage":"mk-MK"},{"@type":"Organization","@id":"https:\/\/alarmplus.mk\/mk\/#organization","name":"alarmplus.mk","alternateName":"Alarm Plus Home & Business Security Solutions","url":"https:\/\/alarmplus.mk\/mk\/","logo":{"@type":"ImageObject","inLanguage":"mk-MK","@id":"https:\/\/alarmplus.mk\/mk\/#\/schema\/logo\/image\/","url":"https:\/\/alarmplus.mk\/wp-content\/uploads\/2025\/05\/alarmplus.mk5_-e1747004561767.png","contentUrl":"https:\/\/alarmplus.mk\/wp-content\/uploads\/2025\/05\/alarmplus.mk5_-e1747004561767.png","width":477,"height":114,"caption":"alarmplus.mk"},"image":{"@id":"https:\/\/alarmplus.mk\/mk\/#\/schema\/logo\/image\/"},"sameAs":["https:\/\/www.facebook.com\/alarmplus.mk","https:\/\/www.instagram.com\/alarmplusmk"]}]}},"jetpack_sharing_enabled":true,"_links":{"self":[{"href":"https:\/\/alarmplus.mk\/mk\/wp-json\/wp\/v2\/product\/5669","targetHints":{"allow":["GET"]}}],"collection":[{"href":"https:\/\/alarmplus.mk\/mk\/wp-json\/wp\/v2\/product"}],"about":[{"href":"https:\/\/alarmplus.mk\/mk\/wp-json\/wp\/v2\/types\/product"}],"replies":[{"embeddable":true,"href":"https:\/\/alarmplus.mk\/mk\/wp-json\/wp\/v2\/comments?post=5669"}],"wp:featuredmedia":[{"embeddable":true,"href":"https:\/\/alarmplus.mk\/mk\/wp-json\/wp\/v2\/media\/9707"}],"wp:attachment":[{"href":"https:\/\/alarmplus.mk\/mk\/wp-json\/wp\/v2\/media?parent=5669"}],"wp:term":[{"taxonomy":"product_brand","embeddable":true,"href":"https:\/\/alarmplus.mk\/mk\/wp-json\/wp\/v2\/product_brand?post=5669"},{"taxonomy":"product_cat","embeddable":true,"href":"https:\/\/alarmplus.mk\/mk\/wp-json\/wp\/v2\/product_cat?post=5669"},{"taxonomy":"product_tag","embeddable":true,"href":"https:\/\/alarmplus.mk\/mk\/wp-json\/wp\/v2\/product_tag?post=5669"}],"curies":[{"name":"wp","href":"https:\/\/api.w.org\/{rel}","templated":true}]}}