{"id":5783,"date":"2025-04-15T21:14:05","date_gmt":"2025-04-15T21:14:05","guid":{"rendered":"https:\/\/alarmplus.mk\/?post_type=product&#038;p=5783"},"modified":"2026-02-15T17:51:30","modified_gmt":"2026-02-15T16:51:30","slug":"imou-cruiser-4g-5mp","status":"publish","type":"product","link":"https:\/\/alarmplus.mk\/mk\/product\/imou-cruiser-4g-5mp\/","title":{"rendered":"IMOU Cruiser IPC-K7FP-5H0TE-EU 4G 5MP"},"content":{"rendered":"<table style=\"width: 100%;border-collapse: collapse;font-family: Arial, sans-serif;font-size: 14px\"><!-- HEADER --><\/p>\n<tbody>\n<tr style=\"background-color: #f2f2f2\">\n<th style=\"border: 1px solid #ccc;padding: 8px;text-align: left\" colspan=\"2\">IMOU Cruiser IPC-K7FP-5H0TE-EU 4G 5MP Camera \u2013 Technical Specifications<\/th>\n<\/tr>\n<p><!-- CAMERA --><\/p>\n<tr style=\"background-color: #e8f4ff\">\n<td style=\"border: 1px solid #ccc;padding: 8px;width: 30%\"><strong>Image Sensor<\/strong><\/td>\n<td style=\"border: 1px solid #ccc;padding: 8px\">1\/3\u201d 5 Megapixel Progressive CMOS<\/td>\n<\/tr>\n<tr>\n<td style=\"border: 1px solid #ccc;padding: 8px\"><strong>Maximum Resolution<\/strong><\/td>\n<td style=\"border: 1px solid #ccc;padding: 8px\">5 MP (2880 \u00d7 1620)<\/td>\n<\/tr>\n<tr style=\"background-color: #e8f4ff\">\n<td style=\"border: 1px solid #ccc;padding: 8px\"><strong>Night Vision<\/strong><\/td>\n<td style=\"border: 1px solid #ccc;padding: 8px\">Up to 30 m (98 ft)<\/td>\n<\/tr>\n<tr>\n<td style=\"border: 1px solid #ccc;padding: 8px\"><strong>Lens<\/strong><\/td>\n<td style=\"border: 1px solid #ccc;padding: 8px\">3.6 mm Fixed Lens<\/td>\n<\/tr>\n<tr style=\"background-color: #e8f4ff\">\n<td style=\"border: 1px solid #ccc;padding: 8px\"><strong>Field of View<\/strong><\/td>\n<td style=\"border: 1px solid #ccc;padding: 8px\">73\u00b0 (H), 40\u00b0 (V), 89\u00b0 (D)<\/td>\n<\/tr>\n<tr>\n<td style=\"border: 1px solid #ccc;padding: 8px\"><strong>Pan \/ Tilt<\/strong><\/td>\n<td style=\"border: 1px solid #ccc;padding: 8px\">355\u00b0 Pan &amp; 0\u00b0 ~ 90\u00b0 Tilt<\/td>\n<\/tr>\n<tr style=\"background-color: #e8f4ff\">\n<td style=\"border: 1px solid #ccc;padding: 8px\"><strong>Lighting System<\/strong><\/td>\n<td style=\"border: 1px solid #ccc;padding: 8px\">4 Fill-in Lights (Infrared &amp; White Light)<br \/>\n2 Red-Blue Warning Lights<\/td>\n<\/tr>\n<p><!-- NETWORK --><\/p>\n<tr style=\"background-color: #f2f2f2\">\n<th style=\"border: 1px solid #ccc;padding: 8px;text-align: left\" colspan=\"2\">Network<\/th>\n<\/tr>\n<tr style=\"background-color: #e8f4ff\">\n<td style=\"border: 1px solid #ccc;padding: 8px\"><strong>Ethernet<\/strong><\/td>\n<td style=\"border: 1px solid #ccc;padding: 8px\">1 \u00d7 100 Mbps Ethernet Port<\/td>\n<\/tr>\n<tr>\n<td style=\"border: 1px solid #ccc;padding: 8px\"><strong>4G LTE Bands (EU Version)<\/strong><\/td>\n<td style=\"border: 1px solid #ccc;padding: 8px\">Band 1 \/ 3 \/ 5 \/ 7 \/ 8 \/ 20 \/ 28 \/ 38 \/ 40 \/ 41<\/td>\n<\/tr>\n<tr style=\"background-color: #e8f4ff\">\n<td style=\"border: 1px solid #ccc;padding: 8px\"><strong>4G LTE Bands (LA Version)<\/strong><\/td>\n<td style=\"border: 1px solid #ccc;padding: 8px\">Band 1 \/ 2 \/ 3 \/ 4 \/ 5 \/ 7 \/ 8 \/ 28 \/ 66<\/td>\n<\/tr>\n<tr>\n<td style=\"border: 1px solid #ccc;padding: 8px\"><strong>Mobile App<\/strong><\/td>\n<td style=\"border: 1px solid #ccc;padding: 8px\">Imou App (iOS, Android)<\/td>\n<\/tr>\n<tr style=\"background-color: #e8f4ff\">\n<td style=\"border: 1px solid #ccc;padding: 8px\"><strong>ONVIF<\/strong><\/td>\n<td style=\"border: 1px solid #ccc;padding: 8px\">Supported<\/td>\n<\/tr>\n<p><!-- VIDEO &amp; AUDIO --><\/p>\n<tr style=\"background-color: #f2f2f2\">\n<th style=\"border: 1px solid #ccc;padding: 8px;text-align: left\" colspan=\"2\">Video &amp; Audio<\/th>\n<\/tr>\n<tr style=\"background-color: #e8f4ff\">\n<td style=\"border: 1px solid #ccc;padding: 8px\"><strong>Video Compression<\/strong><\/td>\n<td style=\"border: 1px solid #ccc;padding: 8px\">H.265 \/ H.264<\/td>\n<\/tr>\n<tr>\n<td style=\"border: 1px solid #ccc;padding: 8px\"><strong>Frame Rate<\/strong><\/td>\n<td style=\"border: 1px solid #ccc;padding: 8px\">Up to 20 fps<\/td>\n<\/tr>\n<tr style=\"background-color: #e8f4ff\">\n<td style=\"border: 1px solid #ccc;padding: 8px\"><strong>Digital Zoom<\/strong><\/td>\n<td style=\"border: 1px solid #ccc;padding: 8px\">8\u00d7 Digital Zoom<\/td>\n<\/tr>\n<tr>\n<td style=\"border: 1px solid #ccc;padding: 8px\"><strong>Audio<\/strong><\/td>\n<td style=\"border: 1px solid #ccc;padding: 8px\">Built-in Microphone &amp; Speaker<br \/>\n110 dB Siren<\/td>\n<\/tr>\n<tr style=\"background-color: #e8f4ff\">\n<td style=\"border: 1px solid #ccc;padding: 8px\"><strong>Built-in Spotlight<\/strong><\/td>\n<td style=\"border: 1px solid #ccc;padding: 8px\">Yes<\/td>\n<\/tr>\n<p><!-- AUX INTERFACE --><\/p>\n<tr style=\"background-color: #f2f2f2\">\n<th style=\"border: 1px solid #ccc;padding: 8px;text-align: left\" colspan=\"2\">Auxiliary Interface<\/th>\n<\/tr>\n<tr style=\"background-color: #e8f4ff\">\n<td style=\"border: 1px solid #ccc;padding: 8px\"><strong>Storage<\/strong><\/td>\n<td style=\"border: 1px solid #ccc;padding: 8px\">Micro SD Card Slot (up to 512 GB)<\/td>\n<\/tr>\n<tr>\n<td style=\"border: 1px solid #ccc;padding: 8px\"><strong>Controls<\/strong><\/td>\n<td style=\"border: 1px solid #ccc;padding: 8px\">Reset Button<\/td>\n<\/tr>\n<p><!-- NOTICE MANAGEMENT --><\/p>\n<tr style=\"background-color: #f2f2f2\">\n<th style=\"border: 1px solid #ccc;padding: 8px;text-align: left\" colspan=\"2\">Notice Management<\/th>\n<\/tr>\n<tr style=\"background-color: #e8f4ff\">\n<td style=\"border: 1px solid #ccc;padding: 8px\"><strong>Motion Detection<\/strong><\/td>\n<td style=\"border: 1px solid #ccc;padding: 8px\">Supported<\/td>\n<\/tr>\n<tr>\n<td style=\"border: 1px solid #ccc;padding: 8px\"><strong>Human Detection<\/strong><\/td>\n<td style=\"border: 1px solid #ccc;padding: 8px\">Supported<\/td>\n<\/tr>\n<tr style=\"background-color: #e8f4ff\">\n<td style=\"border: 1px solid #ccc;padding: 8px\"><strong>Detection Region<\/strong><\/td>\n<td style=\"border: 1px solid #ccc;padding: 8px\">Configurable Region<\/td>\n<\/tr>\n<p><!-- GENERAL --><\/p>\n<tr style=\"background-color: #f2f2f2\">\n<th style=\"border: 1px solid #ccc;padding: 8px;text-align: left\" colspan=\"2\">General<\/th>\n<\/tr>\n<tr style=\"background-color: #e8f4ff\">\n<td style=\"border: 1px solid #ccc;padding: 8px\"><strong>Power Supply<\/strong><\/td>\n<td style=\"border: 1px solid #ccc;padding: 8px\">DC 12V \/ 1A<\/td>\n<\/tr>\n<tr>\n<td style=\"border: 1px solid #ccc;padding: 8px\"><strong>Power Consumption<\/strong><\/td>\n<td style=\"border: 1px solid #ccc;padding: 8px\">&lt; 12 W<\/td>\n<\/tr>\n<tr style=\"background-color: #e8f4ff\">\n<td style=\"border: 1px solid #ccc;padding: 8px\"><strong>Material<\/strong><\/td>\n<td style=\"border: 1px solid #ccc;padding: 8px\">Plastic<\/td>\n<\/tr>\n<tr>\n<td style=\"border: 1px solid #ccc;padding: 8px\"><strong>Working Environment<\/strong><\/td>\n<td style=\"border: 1px solid #ccc;padding: 8px\">-30\u00b0C ~ +50\u00b0C, Less than 95% RH<\/td>\n<\/tr>\n<tr style=\"background-color: #e8f4ff\">\n<td style=\"border: 1px solid #ccc;padding: 8px\"><strong>Dimensions<\/strong><\/td>\n<td style=\"border: 1px solid #ccc;padding: 8px\">126 \u00d7 159 \u00d7 196 mm (4.96 \u00d7 6.26 \u00d7 7.72 in)<\/td>\n<\/tr>\n<tr>\n<td style=\"border: 1px solid #ccc;padding: 8px\"><strong>Weight<\/strong><\/td>\n<td style=\"border: 1px solid #ccc;padding: 8px\">446 g (0.98 lb)<\/td>\n<\/tr>\n<p><!-- BOX CONTENT --><\/p>\n<tr style=\"background-color: #f2f2f2\">\n<th style=\"border: 1px solid #ccc;padding: 8px;text-align: left\" colspan=\"2\">What\u2019s in the Box<\/th>\n<\/tr>\n<tr style=\"background-color: #e8f4ff\">\n<td style=\"border: 1px solid #ccc;padding: 8px\"><strong>Included Items<\/strong><\/td>\n<td style=\"border: 1px solid #ccc;padding: 8px\">1\u00d7 Camera<br \/>\n1\u00d7 Quick Start Guide<br \/>\n1\u00d7 Power Adapter<br \/>\n1\u00d7 Installation Position Map<br \/>\n1\u00d7 Waterproof Connector<br \/>\n1\u00d7 Screw Package<\/td>\n<\/tr>\n<\/tbody>\n<\/table>\n","protected":false},"excerpt":{"rendered":"<p>IMOU Cruiser IPC-K7FP-5H0TE-EU 4G 5MP<\/p>\n<p>IMOU Cruiser IPC-K7FP-5H0TE-EU 4G 5MP \u043a\u0430\u043c\u0435\u0440\u0430 \u0435 \u043d\u0430\u043f\u0440\u0435\u0434\u043d\u0430 \u043d\u0430\u0434\u0432\u043e\u0440\u0435\u0448\u043d\u0430 \u0431\u0435\u0437\u0431\u0435\u0434\u043d\u043e\u0441\u043d\u0430 \u043a\u0430\u043c\u0435\u0440\u0430 \u0441\u043e 4G \u043a\u043e\u043d\u0435\u043a\u0446\u0438\u0458\u0430, \u0434\u0438\u0437\u0430\u0458\u043d\u0438\u0440\u0430\u043d\u0430 \u0437\u0430 \u0441\u0438\u0433\u0443\u0440\u0435\u043d \u0432\u0438\u0434\u0435\u043e \u043d\u0430\u0434\u0437\u043e\u0440 \u043d\u0430 \u043b\u043e\u043a\u0430\u0446\u0438\u0438 \u0431\u0435\u0437 \u0444\u0438\u043a\u0441\u043d\u0430 \u0438\u043d\u0442\u0435\u0440\u043d\u0435\u0442 \u043c\u0440\u0435\u0436\u0430. \u041e\u043f\u0440\u0435\u043c\u0435\u043d\u0430 \u0441\u043e 5MP \u0441\u0435\u043d\u0437\u043e\u0440 (2880 \u00d7 1620) \u0438 1\/3\u201d Progressive CMOS, \u043e\u0431\u0435\u0437\u0431\u0435\u0434\u0443\u0432\u0430 \u0458\u0430\u0441\u043d\u0430 \u0438 \u0434\u0435\u0442\u0430\u043b\u043d\u0430 \u0441\u043b\u0438\u043a\u0430 \u0432\u043e \u0441\u0438\u0442\u0435 \u0443\u0441\u043b\u043e\u0432\u0438.<\/p>\n<p>\u0421\u043e \u043f\u0430\u043d\u043e\u0440\u0430\u043c\u0430 \u043e\u0434 355\u00b0 \u0438 \u043d\u0430\u043a\u043b\u043e\u043d \u043e\u0434 0\u00b0 \u0434\u043e 90\u00b0, \u043a\u0430\u043c\u0435\u0440\u0430\u0442\u0430 \u043e\u0432\u043e\u0437\u043c\u043e\u0436\u0443\u0432\u0430 \u0446\u0435\u043b\u043e\u0441\u043d\u0430 \u043f\u043e\u043a\u0440\u0438\u0435\u043d\u043e\u0441\u0442 \u043d\u0430 \u043f\u0440\u043e\u0441\u0442\u043e\u0440\u043e\u0442. \u041d\u043e\u045c\u043d\u043e\u0442\u043e \u0433\u043b\u0435\u0434\u0430\u045a\u0435 \u0434\u043e 30 \u043c\u0435\u0442\u0440\u0438 \u0432\u043e \u043a\u043e\u043c\u0431\u0438\u043d\u0430\u0446\u0438\u0458\u0430 \u0441\u043e 4 fill-in \u0441\u0432\u0435\u0442\u043b\u0430 (\u0438\u043d\u0444\u0440\u0430\u0446\u0440\u0432\u0435\u043d\u0438 \u0438 \u0431\u0435\u043b\u0438) \u0438 \u0446\u0440\u0432\u0435\u043d\u043e-\u0441\u0438\u043d\u0438 \u043f\u0440\u0435\u0434\u0443\u043f\u0440\u0435\u0434\u0443\u0432\u0430\u0447\u043a\u0438 \u0441\u0432\u0435\u0442\u043b\u0430 \u043e\u0431\u0435\u0437\u0431\u0435\u0434\u0443\u0432\u0430 \u0430\u043a\u0442\u0438\u0432\u043d\u043e \u043e\u0434\u0432\u0440\u0430\u045c\u0430\u045a\u0435 \u0438 \u0437\u0433\u043e\u043b\u0435\u043c\u0435\u043d\u0430 \u0431\u0435\u0437\u0431\u0435\u0434\u043d\u043e\u0441\u0442.<\/p>\n<p>IMOU Cruiser \u043f\u043e\u0434\u0434\u0440\u0436\u0443\u0432\u0430 4G LTE \u043a\u043e\u043d\u0435\u043a\u0446\u0438\u0458\u0430 (EU \u0431\u0435\u043d\u0434\u043e\u0432\u0438), ONVIF \u043f\u0440\u043e\u0442\u043e\u043a\u043e\u043b \u0438 \u0443\u043f\u0440\u0430\u0432\u0443\u0432\u0430\u045a\u0435 \u043f\u0440\u0435\u043a\u0443 Imou \u0430\u043f\u043b\u0438\u043a\u0430\u0446\u0438\u0458\u0430\u0442\u0430 \u0437\u0430 iOS \u0438 Android. \u041a\u0430\u043c\u0435\u0440\u0430\u0442\u0430 \u0440\u0430\u0441\u043f\u043e\u043b\u0430\u0433\u0430 \u0441\u043e \u0432\u0433\u0440\u0430\u0434\u0435\u043d \u043c\u0438\u043a\u0440\u043e\u0444\u043e\u043d, \u0437\u0432\u0443\u0447\u043d\u0438\u043a \u0438 \u0441\u0438\u0440\u0435\u043d\u0430 \u043e\u0434 110 dB, \u043a\u0430\u043a\u043e \u0438 \u0440\u0435\u0444\u043b\u0435\u043a\u0442\u043e\u0440 (spotlight) \u0437\u0430 \u0434\u043e\u043f\u043e\u043b\u043d\u0438\u0442\u0435\u043b\u043d\u0430 \u0437\u0430\u0448\u0442\u0438\u0442\u0430.<\/p>\n<p>\u041d\u0430\u043f\u0440\u0435\u0434\u043d\u0438\u0442\u0435 \u0444\u0443\u043d\u043a\u0446\u0438\u0438 \u043a\u0430\u043a\u043e \u0434\u0435\u0442\u0435\u043a\u0446\u0438\u0458\u0430 \u043d\u0430 \u0434\u0432\u0438\u0436\u0435\u045a\u0435, \u0434\u0435\u0442\u0435\u043a\u0446\u0438\u0458\u0430 \u043d\u0430 \u043b\u0443\u0453\u0435 \u0438 \u043a\u043e\u043d\u0444\u0438\u0433\u0443\u0440\u0438\u0440\u0430\u0447\u043a\u0438 \u0437\u043e\u043d\u0438 \u0458\u0430 \u043f\u0440\u0430\u0432\u0430\u0442 \u043e\u0432\u0430\u0430 \u043a\u0430\u043c\u0435\u0440\u0430 \u0438\u0434\u0435\u0430\u043b\u043d\u0430 \u0437\u0430 \u0434\u0432\u043e\u0440\u043e\u0432\u0438, \u043f\u0430\u0440\u043a\u0438\u043d\u0437\u0438, \u0432\u0438\u043a\u0435\u043d\u0434 \u043a\u0443\u045c\u0438, \u0433\u0440\u0430\u0434\u0438\u043b\u0438\u0448\u0442\u0430 \u0438 \u0438\u043d\u0434\u0443\u0441\u0442\u0440\u0438\u0441\u043a\u0438 \u043e\u0431\u0458\u0435\u043a\u0442\u0438. \u0421\u043d\u0438\u043c\u0430\u045a\u0435\u0442\u043e \u043c\u043e\u0436\u0435 \u0434\u0430 \u0441\u0435 \u0432\u0440\u0448\u0438 \u043d\u0430 microSD \u043a\u0430\u0440\u0442\u0438\u0447\u043a\u0430 \u0434\u043e 512GB, \u0431\u0435\u0437 \u043f\u043e\u0442\u0440\u0435\u0431\u0430 \u043e\u0434 \u0434\u043e\u043f\u043e\u043b\u043d\u0438\u0442\u0435\u043b\u0435\u043d \u0440\u0435\u043a\u043e\u0440\u0434\u0435\u0440.<\/p>\n<p>\u0413\u0430\u0440\u0430\u043d\u0446\u0438\u0458\u0430 12 \u043c\u0435\u0441\u0435\u0446\u0438<\/p>\n","protected":false},"featured_media":9022,"comment_status":"open","ping_status":"closed","template":"","meta":{"_acf_changed":false},"product_brand":[287],"product_cat":[251],"product_tag":[],"class_list":{"0":"post-5783","1":"product","2":"type-product","3":"status-publish","4":"has-post-thumbnail","6":"product_brand-imou","7":"product_cat-network-cameras","9":"first","10":"outofstock","11":"sale","12":"taxable","13":"shipping-taxable","14":"purchasable","15":"product-type-simple"},"acf":[],"yoast_head":"<!-- This site is optimized with the Yoast SEO plugin v27.3 - https:\/\/yoast.com\/product\/yoast-seo-wordpress\/ -->\n<title>IMOU Cruiser 4G 5MP Security Camera | Outdoor Pan &amp; Tilt<\/title>\n<meta name=\"description\" content=\"IMOU Cruiser 4G 5MP outdoor security camera with LTE connectivity, pan &amp; tilt, 30m night vision, spotlight, siren, human detection and two-way audio.\" \/>\n<meta name=\"robots\" content=\"index, follow, max-snippet:-1, max-image-preview:large, max-video-preview:-1\" \/>\n<link rel=\"canonical\" href=\"https:\/\/alarmplus.mk\/mk\/product\/imou-cruiser-4g-5mp\/\" \/>\n<meta property=\"og:locale\" content=\"mk_MK\" \/>\n<meta property=\"og:type\" content=\"article\" \/>\n<meta property=\"og:title\" content=\"IMOU Cruiser 4G 5MP Security Camera | Outdoor Pan &amp; Tilt\" \/>\n<meta property=\"og:description\" content=\"IMOU Cruiser 4G 5MP outdoor security camera with LTE connectivity, pan &amp; tilt, 30m night vision, spotlight, siren, human detection and two-way audio.\" \/>\n<meta property=\"og:url\" content=\"https:\/\/alarmplus.mk\/mk\/product\/imou-cruiser-4g-5mp\/\" \/>\n<meta property=\"og:site_name\" content=\"alarmplus.mk\" \/>\n<meta property=\"article:publisher\" content=\"https:\/\/www.facebook.com\/alarmplus.mk\" \/>\n<meta property=\"article:modified_time\" content=\"2026-02-15T16:51:30+00:00\" \/>\n<meta property=\"og:image\" content=\"https:\/\/alarmplus.mk\/wp-content\/uploads\/2025\/04\/IMOU-Cruiser-4G-5MP.webp\" \/>\n\t<meta property=\"og:image:width\" content=\"800\" \/>\n\t<meta property=\"og:image:height\" content=\"800\" \/>\n\t<meta property=\"og:image:type\" content=\"image\/webp\" \/>\n<meta name=\"twitter:card\" content=\"summary_large_image\" \/>\n<meta name=\"twitter:label1\" content=\"Est. reading time\" \/>\n\t<meta name=\"twitter:data1\" content=\"2 \u043c\u0438\u043d\u0443\u0442\u0438\" \/>\n<script type=\"application\/ld+json\" class=\"yoast-schema-graph\">{\"@context\":\"https:\\\/\\\/schema.org\",\"@graph\":[{\"@type\":\"WebPage\",\"@id\":\"https:\\\/\\\/alarmplus.mk\\\/mk\\\/product\\\/imou-cruiser-4g-5mp\\\/\",\"url\":\"https:\\\/\\\/alarmplus.mk\\\/mk\\\/product\\\/imou-cruiser-4g-5mp\\\/\",\"name\":\"IMOU Cruiser 4G 5MP Security Camera | Outdoor Pan & Tilt\",\"isPartOf\":{\"@id\":\"https:\\\/\\\/alarmplus.mk\\\/mk\\\/#website\"},\"primaryImageOfPage\":{\"@id\":\"https:\\\/\\\/alarmplus.mk\\\/mk\\\/product\\\/imou-cruiser-4g-5mp\\\/#primaryimage\"},\"image\":{\"@id\":\"https:\\\/\\\/alarmplus.mk\\\/mk\\\/product\\\/imou-cruiser-4g-5mp\\\/#primaryimage\"},\"thumbnailUrl\":\"https:\\\/\\\/alarmplus.mk\\\/wp-content\\\/uploads\\\/2025\\\/04\\\/IMOU-Cruiser-4G-5MP.webp\",\"datePublished\":\"2025-04-15T21:14:05+00:00\",\"dateModified\":\"2026-02-15T16:51:30+00:00\",\"description\":\"IMOU Cruiser 4G 5MP outdoor security camera with LTE connectivity, pan & tilt, 30m night vision, spotlight, siren, human detection and two-way audio.\",\"breadcrumb\":{\"@id\":\"https:\\\/\\\/alarmplus.mk\\\/mk\\\/product\\\/imou-cruiser-4g-5mp\\\/#breadcrumb\"},\"inLanguage\":\"mk-MK\",\"potentialAction\":[{\"@type\":\"ReadAction\",\"target\":[\"https:\\\/\\\/alarmplus.mk\\\/mk\\\/product\\\/imou-cruiser-4g-5mp\\\/\"]}]},{\"@type\":\"ImageObject\",\"inLanguage\":\"mk-MK\",\"@id\":\"https:\\\/\\\/alarmplus.mk\\\/mk\\\/product\\\/imou-cruiser-4g-5mp\\\/#primaryimage\",\"url\":\"https:\\\/\\\/alarmplus.mk\\\/wp-content\\\/uploads\\\/2025\\\/04\\\/IMOU-Cruiser-4G-5MP.webp\",\"contentUrl\":\"https:\\\/\\\/alarmplus.mk\\\/wp-content\\\/uploads\\\/2025\\\/04\\\/IMOU-Cruiser-4G-5MP.webp\",\"width\":800,\"height\":800,\"caption\":\"IMOU Cruiser 4G 5MP\"},{\"@type\":\"BreadcrumbList\",\"@id\":\"https:\\\/\\\/alarmplus.mk\\\/mk\\\/product\\\/imou-cruiser-4g-5mp\\\/#breadcrumb\",\"itemListElement\":[{\"@type\":\"ListItem\",\"position\":1,\"name\":\"Home\",\"item\":\"https:\\\/\\\/alarmplus.mk\\\/mk\\\/\"},{\"@type\":\"ListItem\",\"position\":2,\"name\":\"\u041f\u0440\u043e\u0434\u0430\u0432\u043d\u0438\u0446\u0430\",\"item\":\"https:\\\/\\\/alarmplus.mk\\\/mk\\\/shop\\\/\"},{\"@type\":\"ListItem\",\"position\":3,\"name\":\"IMOU Cruiser IPC-K7FP-5H0TE-EU 4G 5MP\"}]},{\"@type\":\"WebSite\",\"@id\":\"https:\\\/\\\/alarmplus.mk\\\/mk\\\/#website\",\"url\":\"https:\\\/\\\/alarmplus.mk\\\/mk\\\/\",\"name\":\"alarmplus.mk\",\"description\":\"Best Security Cameras and Alarms\",\"publisher\":{\"@id\":\"https:\\\/\\\/alarmplus.mk\\\/mk\\\/#organization\"},\"alternateName\":\"Alarm Plus\",\"potentialAction\":[{\"@type\":\"SearchAction\",\"target\":{\"@type\":\"EntryPoint\",\"urlTemplate\":\"https:\\\/\\\/alarmplus.mk\\\/mk\\\/?s={search_term_string}\"},\"query-input\":{\"@type\":\"PropertyValueSpecification\",\"valueRequired\":true,\"valueName\":\"search_term_string\"}}],\"inLanguage\":\"mk-MK\"},{\"@type\":\"Organization\",\"@id\":\"https:\\\/\\\/alarmplus.mk\\\/mk\\\/#organization\",\"name\":\"alarmplus.mk\",\"alternateName\":\"Alarm Plus Home & Business Security Solutions\",\"url\":\"https:\\\/\\\/alarmplus.mk\\\/mk\\\/\",\"logo\":{\"@type\":\"ImageObject\",\"inLanguage\":\"mk-MK\",\"@id\":\"https:\\\/\\\/alarmplus.mk\\\/mk\\\/#\\\/schema\\\/logo\\\/image\\\/\",\"url\":\"https:\\\/\\\/alarmplus.mk\\\/wp-content\\\/uploads\\\/2025\\\/05\\\/alarmplus.mk5_-e1747004561767.png\",\"contentUrl\":\"https:\\\/\\\/alarmplus.mk\\\/wp-content\\\/uploads\\\/2025\\\/05\\\/alarmplus.mk5_-e1747004561767.png\",\"width\":477,\"height\":114,\"caption\":\"alarmplus.mk\"},\"image\":{\"@id\":\"https:\\\/\\\/alarmplus.mk\\\/mk\\\/#\\\/schema\\\/logo\\\/image\\\/\"},\"sameAs\":[\"https:\\\/\\\/www.facebook.com\\\/alarmplus.mk\",\"https:\\\/\\\/www.instagram.com\\\/alarmplusmk\"]}]}<\/script>\n<!-- \/ Yoast SEO plugin. -->","yoast_head_json":{"title":"IMOU Cruiser 4G 5MP Security Camera | Outdoor Pan & Tilt","description":"IMOU Cruiser 4G 5MP outdoor security camera with LTE connectivity, pan & tilt, 30m night vision, spotlight, siren, human detection and two-way audio.","robots":{"index":"index","follow":"follow","max-snippet":"max-snippet:-1","max-image-preview":"max-image-preview:large","max-video-preview":"max-video-preview:-1"},"canonical":"https:\/\/alarmplus.mk\/mk\/product\/imou-cruiser-4g-5mp\/","og_locale":"mk_MK","og_type":"article","og_title":"IMOU Cruiser 4G 5MP Security Camera | Outdoor Pan & Tilt","og_description":"IMOU Cruiser 4G 5MP outdoor security camera with LTE connectivity, pan & tilt, 30m night vision, spotlight, siren, human detection and two-way audio.","og_url":"https:\/\/alarmplus.mk\/mk\/product\/imou-cruiser-4g-5mp\/","og_site_name":"alarmplus.mk","article_publisher":"https:\/\/www.facebook.com\/alarmplus.mk","article_modified_time":"2026-02-15T16:51:30+00:00","og_image":[{"width":800,"height":800,"url":"https:\/\/alarmplus.mk\/wp-content\/uploads\/2025\/04\/IMOU-Cruiser-4G-5MP.webp","type":"image\/webp"}],"twitter_card":"summary_large_image","twitter_misc":{"Est. reading time":"2 \u043c\u0438\u043d\u0443\u0442\u0438"},"schema":{"@context":"https:\/\/schema.org","@graph":[{"@type":"WebPage","@id":"https:\/\/alarmplus.mk\/mk\/product\/imou-cruiser-4g-5mp\/","url":"https:\/\/alarmplus.mk\/mk\/product\/imou-cruiser-4g-5mp\/","name":"IMOU Cruiser 4G 5MP Security Camera | Outdoor Pan & Tilt","isPartOf":{"@id":"https:\/\/alarmplus.mk\/mk\/#website"},"primaryImageOfPage":{"@id":"https:\/\/alarmplus.mk\/mk\/product\/imou-cruiser-4g-5mp\/#primaryimage"},"image":{"@id":"https:\/\/alarmplus.mk\/mk\/product\/imou-cruiser-4g-5mp\/#primaryimage"},"thumbnailUrl":"https:\/\/alarmplus.mk\/wp-content\/uploads\/2025\/04\/IMOU-Cruiser-4G-5MP.webp","datePublished":"2025-04-15T21:14:05+00:00","dateModified":"2026-02-15T16:51:30+00:00","description":"IMOU Cruiser 4G 5MP outdoor security camera with LTE connectivity, pan & tilt, 30m night vision, spotlight, siren, human detection and two-way audio.","breadcrumb":{"@id":"https:\/\/alarmplus.mk\/mk\/product\/imou-cruiser-4g-5mp\/#breadcrumb"},"inLanguage":"mk-MK","potentialAction":[{"@type":"ReadAction","target":["https:\/\/alarmplus.mk\/mk\/product\/imou-cruiser-4g-5mp\/"]}]},{"@type":"ImageObject","inLanguage":"mk-MK","@id":"https:\/\/alarmplus.mk\/mk\/product\/imou-cruiser-4g-5mp\/#primaryimage","url":"https:\/\/alarmplus.mk\/wp-content\/uploads\/2025\/04\/IMOU-Cruiser-4G-5MP.webp","contentUrl":"https:\/\/alarmplus.mk\/wp-content\/uploads\/2025\/04\/IMOU-Cruiser-4G-5MP.webp","width":800,"height":800,"caption":"IMOU Cruiser 4G 5MP"},{"@type":"BreadcrumbList","@id":"https:\/\/alarmplus.mk\/mk\/product\/imou-cruiser-4g-5mp\/#breadcrumb","itemListElement":[{"@type":"ListItem","position":1,"name":"Home","item":"https:\/\/alarmplus.mk\/mk\/"},{"@type":"ListItem","position":2,"name":"\u041f\u0440\u043e\u0434\u0430\u0432\u043d\u0438\u0446\u0430","item":"https:\/\/alarmplus.mk\/mk\/shop\/"},{"@type":"ListItem","position":3,"name":"IMOU Cruiser IPC-K7FP-5H0TE-EU 4G 5MP"}]},{"@type":"WebSite","@id":"https:\/\/alarmplus.mk\/mk\/#website","url":"https:\/\/alarmplus.mk\/mk\/","name":"alarmplus.mk","description":"Best Security Cameras and Alarms","publisher":{"@id":"https:\/\/alarmplus.mk\/mk\/#organization"},"alternateName":"Alarm Plus","potentialAction":[{"@type":"SearchAction","target":{"@type":"EntryPoint","urlTemplate":"https:\/\/alarmplus.mk\/mk\/?s={search_term_string}"},"query-input":{"@type":"PropertyValueSpecification","valueRequired":true,"valueName":"search_term_string"}}],"inLanguage":"mk-MK"},{"@type":"Organization","@id":"https:\/\/alarmplus.mk\/mk\/#organization","name":"alarmplus.mk","alternateName":"Alarm Plus Home & Business Security Solutions","url":"https:\/\/alarmplus.mk\/mk\/","logo":{"@type":"ImageObject","inLanguage":"mk-MK","@id":"https:\/\/alarmplus.mk\/mk\/#\/schema\/logo\/image\/","url":"https:\/\/alarmplus.mk\/wp-content\/uploads\/2025\/05\/alarmplus.mk5_-e1747004561767.png","contentUrl":"https:\/\/alarmplus.mk\/wp-content\/uploads\/2025\/05\/alarmplus.mk5_-e1747004561767.png","width":477,"height":114,"caption":"alarmplus.mk"},"image":{"@id":"https:\/\/alarmplus.mk\/mk\/#\/schema\/logo\/image\/"},"sameAs":["https:\/\/www.facebook.com\/alarmplus.mk","https:\/\/www.instagram.com\/alarmplusmk"]}]}},"jetpack_sharing_enabled":true,"_links":{"self":[{"href":"https:\/\/alarmplus.mk\/mk\/wp-json\/wp\/v2\/product\/5783","targetHints":{"allow":["GET"]}}],"collection":[{"href":"https:\/\/alarmplus.mk\/mk\/wp-json\/wp\/v2\/product"}],"about":[{"href":"https:\/\/alarmplus.mk\/mk\/wp-json\/wp\/v2\/types\/product"}],"replies":[{"embeddable":true,"href":"https:\/\/alarmplus.mk\/mk\/wp-json\/wp\/v2\/comments?post=5783"}],"wp:featuredmedia":[{"embeddable":true,"href":"https:\/\/alarmplus.mk\/mk\/wp-json\/wp\/v2\/media\/9022"}],"wp:attachment":[{"href":"https:\/\/alarmplus.mk\/mk\/wp-json\/wp\/v2\/media?parent=5783"}],"wp:term":[{"taxonomy":"product_brand","embeddable":true,"href":"https:\/\/alarmplus.mk\/mk\/wp-json\/wp\/v2\/product_brand?post=5783"},{"taxonomy":"product_cat","embeddable":true,"href":"https:\/\/alarmplus.mk\/mk\/wp-json\/wp\/v2\/product_cat?post=5783"},{"taxonomy":"product_tag","embeddable":true,"href":"https:\/\/alarmplus.mk\/mk\/wp-json\/wp\/v2\/product_tag?post=5783"}],"curies":[{"name":"wp","href":"https:\/\/api.w.org\/{rel}","templated":true}]}}