{"id":7141,"date":"2025-08-14T14:15:21","date_gmt":"2025-08-14T12:15:21","guid":{"rendered":"https:\/\/alarmplus.mk\/?post_type=product&#038;p=7141"},"modified":"2025-08-14T14:15:23","modified_gmt":"2025-08-14T12:15:23","slug":"dahua-s4228-24gt-360","status":"publish","type":"product","link":"https:\/\/alarmplus.mk\/mk\/product\/dahua-s4228-24gt-360\/","title":{"rendered":"DAHUA S4228-24GT-360"},"content":{"rendered":"<div id=\"div_left\">\n<div class=\"div-drop\">\n<table id=\"table001\" class=\"NEW-TABLE TableOverride-1 tab-drag\">\n<tbody>\n<tr>\n<td colspan=\"18\">Included Power Adapter<\/td>\n<td colspan=\"42\">Yes<\/td>\n<\/tr>\n<tr>\n<td colspan=\"18\">PoE<\/td>\n<td colspan=\"42\">Yes<\/td>\n<\/tr>\n<tr>\n<td colspan=\"18\">Ethernet Port<\/td>\n<td colspan=\"42\">26<\/td>\n<\/tr>\n<tr>\n<td colspan=\"18\">Optical Port<\/td>\n<td colspan=\"42\">2<\/td>\n<\/tr>\n<tr>\n<td colspan=\"18\">Ethernet Port Speed<\/td>\n<td colspan=\"42\">10\/100\/1000 Mbps<\/td>\n<\/tr>\n<tr>\n<td colspan=\"18\">Optical Port Speed<\/td>\n<td colspan=\"42\">1000 Mbps<\/td>\n<\/tr>\n<tr>\n<td colspan=\"18\">Description of Function Slots<\/td>\n<td colspan=\"42\">Port 1-24: 24 \u00d7 RJ45 10\/100\/1000 Mbps(PoE)<\/p>\n<p>Port 25-26: 2 \u00d7 RJ45 10\/100\/1000 Mbps<\/p>\n<p>Port 27-28: 2 \u00d7 SFP 1000 Mbps<\/td>\n<\/tr>\n<tr>\n<td colspan=\"18\">Debugging<\/td>\n<td colspan=\"42\">Console \u00d7 1<\/td>\n<\/tr>\n<tr>\n<td colspan=\"18\">Reset Button<\/td>\n<td colspan=\"42\">1<\/td>\n<\/tr>\n<tr>\n<td colspan=\"18\">Power Supply<\/td>\n<td colspan=\"42\">100-240 VAC, 50\/60 Hz, 3.5 A<\/td>\n<\/tr>\n<tr>\n<td colspan=\"18\">Operating Temperature<\/td>\n<td colspan=\"42\">\u201310\u00b0C to 55\u00b0C (+14\u00b0F to +131\u00b0F)<\/td>\n<\/tr>\n<tr>\n<td colspan=\"18\">Operating Humidity<\/td>\n<td colspan=\"42\">5%\u201395% (RH)<\/td>\n<\/tr>\n<tr>\n<td colspan=\"18\">Power Consumption<\/td>\n<td colspan=\"42\">Idling load: \u2264 20 W;<br \/>\nFull load: 360 W<\/td>\n<\/tr>\n<tr>\n<td colspan=\"60\">Performance<\/td>\n<\/tr>\n<tr>\n<td colspan=\"18\">Management Type<\/td>\n<td colspan=\"42\">Yes<\/td>\n<\/tr>\n<tr>\n<td colspan=\"18\">MTBF<\/td>\n<td colspan=\"42\">467125.73 hours<\/td>\n<\/tr>\n<tr>\n<td colspan=\"18\">Switching Capacity<\/td>\n<td colspan=\"42\">56 Gbps<\/td>\n<\/tr>\n<tr>\n<td colspan=\"18\">Packet Forwarding Rate<\/td>\n<td colspan=\"42\">41.664 Mpps<\/td>\n<\/tr>\n<tr>\n<td colspan=\"18\">Packet Buffer Size<\/td>\n<td colspan=\"42\">4.1 Mbit<\/td>\n<\/tr>\n<tr>\n<td colspan=\"18\">Jumbo Frame<\/td>\n<td colspan=\"42\">10K Byte<\/td>\n<\/tr>\n<tr>\n<td colspan=\"18\">MAC Table Size<\/td>\n<td colspan=\"42\">8K<\/td>\n<\/tr>\n<tr>\n<td colspan=\"18\">VLAN Number<\/td>\n<td colspan=\"42\">4K<\/td>\n<\/tr>\n<tr>\n<td colspan=\"18\">VLAN Interface<\/td>\n<td colspan=\"42\">10<\/td>\n<\/tr>\n<tr>\n<td colspan=\"18\">Dynamic ARP<\/td>\n<td colspan=\"42\">512<\/td>\n<\/tr>\n<tr>\n<td colspan=\"18\">Communication Standard<\/td>\n<td colspan=\"42\">IEEE 802.3, IEEE 802.3u, IEEE 802.3x, IEEE 802.3ab, IEEE 802.3z, IEEE 802.3ad<\/td>\n<\/tr>\n<tr>\n<td colspan=\"60\">Feature<\/td>\n<\/tr>\n<tr>\n<td colspan=\"18\">PoE Protocol<\/td>\n<td colspan=\"42\">IEEE802.3af (PoE); IEEE802.3at (PoE+); Hi-PoE; IEEE802.3bt (PoE++)<\/td>\n<\/tr>\n<tr>\n<td colspan=\"18\">PoE Power<\/td>\n<td colspan=\"42\">Port 1-2: \u2264 90 W<\/p>\n<p>Port 3-24: \u2264 30 W<\/p>\n<p>Total: \u2264 360 W<\/td>\n<\/tr>\n<tr>\n<td colspan=\"18\">PoE Power Consumption Management<\/td>\n<td colspan=\"42\">Yes<\/td>\n<\/tr>\n<tr>\n<td colspan=\"18\">PoE Pin Assignment<\/td>\n<td colspan=\"42\">1,2,4,5 (V+),3,6,7,8 (V-)<\/td>\n<\/tr>\n<tr>\n<td colspan=\"18\">Long Distance PoE Transmission<\/td>\n<td colspan=\"42\">Yes<\/td>\n<\/tr>\n<tr>\n<td colspan=\"18\">Spanning Tree Protocol<\/td>\n<td colspan=\"42\">STP; RSTP<\/td>\n<\/tr>\n<tr>\n<td colspan=\"18\">VLAN Function<\/td>\n<td colspan=\"42\">Yes<\/td>\n<\/tr>\n<tr>\n<td colspan=\"18\">Link Aggregation<\/td>\n<td colspan=\"42\">Static link aggregation; LACP<\/td>\n<\/tr>\n<tr>\n<td colspan=\"18\">IEEE 802.3x Flow Control<\/td>\n<td colspan=\"42\">IEEE 802.3X-based flow control (full-duplex)<\/td>\n<\/tr>\n<tr>\n<td colspan=\"18\">Multicast<\/td>\n<td colspan=\"42\">IGMP Snooping<\/td>\n<\/tr>\n<tr>\n<td colspan=\"18\">DHCP Function<\/td>\n<td colspan=\"42\">DHCP client<br \/>\nDHCP-Server<br \/>\nDHCP-Snooping<\/td>\n<\/tr>\n<tr>\n<td colspan=\"18\">Security<\/td>\n<td colspan=\"42\">IEEE 802.1x<br \/>\nACL<\/td>\n<\/tr>\n<tr>\n<td colspan=\"18\">Equipment Management<\/td>\n<td colspan=\"42\">WEB(http and https)<br \/>\nSNMP V1\/V2C\/V3<\/td>\n<\/tr>\n<tr>\n<td colspan=\"60\">General<\/td>\n<\/tr>\n<tr>\n<td colspan=\"18\">Statics Protection<\/td>\n<td colspan=\"42\">Air discharge: 8 kV;<br \/>\nContact discharge: 6 kV<\/td>\n<\/tr>\n<tr>\n<td colspan=\"18\">Lighting Protection<\/td>\n<td colspan=\"42\">Common mode: 4 kV;<br \/>\nDifferential mode: 2 kV<\/td>\n<\/tr>\n<tr>\n<td colspan=\"18\">Net Weight<\/td>\n<td colspan=\"42\">3.405 kg (7.51 lb)<\/td>\n<\/tr>\n<tr>\n<td colspan=\"18\">Gross Weight<\/td>\n<td colspan=\"42\">4.51 kg (9.94 lb)<\/td>\n<\/tr>\n<tr>\n<td colspan=\"18\">Product Dimensions<\/td>\n<td colspan=\"42\">440 mm \u00d7 300 mm \u00d7 44 mm (17.32&#8243; \u00d7 11.81&#8243; \u00d7 1.73&#8243;)<\/td>\n<\/tr>\n<tr>\n<td colspan=\"18\">Packaging Dimensions<\/td>\n<td colspan=\"42\">525 mm \u00d7 410 mm \u00d7 110 mm (20.67&#8243; \u00d7 16.14&#8243; \u00d7 4.33&#8243;)<\/td>\n<\/tr>\n<tr>\n<td colspan=\"18\">Certifications<\/td>\n<td colspan=\"42\">CE, FCC<\/td>\n<\/tr>\n<\/tbody>\n<\/table>\n<\/div>\n<\/div>\n<div id=\"div_left\">\n<div class=\"div-drop\">\n<table id=\"table002\" class=\"NEW-TABLE TableOverride-1 tab-drag\">\n<tbody>\n<tr>\n<td colspan=\"60\">Transmission Performance:<\/td>\n<\/tr>\n<tr>\n<td colspan=\"60\">Switch power supply voltage 53V.<\/p>\n<p>CAT5E\/CAT6. Max. DC resistance &lt; 10\u03a9\/100m<\/td>\n<\/tr>\n<tr>\n<td colspan=\"18\">Cable(m)<\/td>\n<td colspan=\"21\">Load Capacity(W)<\/td>\n<td colspan=\"21\">Bandwidth(Mbps)<\/td>\n<\/tr>\n<tr>\n<td colspan=\"60\">IEEE802.3bt 90W<\/td>\n<\/tr>\n<tr>\n<td colspan=\"18\">100<\/td>\n<td colspan=\"21\">71.3<\/td>\n<td colspan=\"21\">1000<\/td>\n<\/tr>\n<tr>\n<td colspan=\"18\">150<\/td>\n<td colspan=\"21\">62<\/td>\n<td colspan=\"21\">10<\/td>\n<\/tr>\n<tr>\n<td colspan=\"18\">200<\/td>\n<td colspan=\"21\">51<\/td>\n<td colspan=\"21\">10<\/td>\n<\/tr>\n<tr>\n<td colspan=\"18\">250<\/td>\n<td colspan=\"21\">40<\/td>\n<td colspan=\"21\">10<\/td>\n<\/tr>\n<tr>\n<td colspan=\"60\">Hi-PoE 60W<\/td>\n<\/tr>\n<tr>\n<td colspan=\"18\">100<\/td>\n<td colspan=\"21\">53<\/td>\n<td colspan=\"21\">1000<\/td>\n<\/tr>\n<tr>\n<td colspan=\"18\">150<\/td>\n<td colspan=\"21\">50<\/td>\n<td colspan=\"21\">10<\/td>\n<\/tr>\n<tr>\n<td colspan=\"18\">200<\/td>\n<td colspan=\"21\">47<\/td>\n<td colspan=\"21\">10<\/td>\n<\/tr>\n<tr>\n<td colspan=\"18\">250<\/td>\n<td colspan=\"21\">37<\/td>\n<td colspan=\"21\">10<\/td>\n<\/tr>\n<tr>\n<td colspan=\"60\">IEEE802.3at 30W<\/td>\n<\/tr>\n<tr>\n<td colspan=\"18\">100<\/td>\n<td colspan=\"21\">25.5<\/td>\n<td colspan=\"21\">1000<\/td>\n<\/tr>\n<tr>\n<td colspan=\"18\">150<\/td>\n<td colspan=\"21\">25.5<\/td>\n<td colspan=\"21\">10<\/td>\n<\/tr>\n<tr>\n<td colspan=\"18\">200<\/td>\n<td colspan=\"21\">25.5<\/td>\n<td colspan=\"21\">10<\/td>\n<\/tr>\n<tr>\n<td colspan=\"18\">250<\/td>\n<td colspan=\"21\">25.5<\/td>\n<td colspan=\"21\">10<\/td>\n<\/tr>\n<\/tbody>\n<\/table>\n<\/div>\n<\/div>\n","protected":false},"excerpt":{"rendered":"<p>Dahua S4228-24GT-360<\/p>\n<p class=\"text-text\" data-v-306cf12a=\"\">28-Port Managed Desktop Gigabit Switch with 24-Port PoE<\/p>\n<div class=\"text-content\" data-v-306cf12a=\"\">\n<p>&gt; Layer 2 network management PoE switch.<\/p>\n<p>&gt; Supports web, and network management software based on SNMP.<\/p>\n<p>&gt; Network redundancy: STP\/RSTP.<\/p>\n<p>&gt; Supports PoE power consumption management, PoE power off management.<\/p>\n<p>&gt; Supports IEEE802.3af, IEEE802.3at.<\/p>\n<p>&gt; Port 1 and port 2 support IEEE802.3bt, and are compatible with Hi-PoE.<\/p>\n<p>&gt; Supports PoE watchdog.<\/p>\n<p>&gt; Supports 250 m long-distance transmission mode.<\/p>\n<\/div>\n","protected":false},"featured_media":7142,"comment_status":"open","ping_status":"closed","template":"","meta":{"_acf_changed":false},"product_brand":[225],"product_cat":[443],"product_tag":[],"class_list":{"0":"post-7141","1":"product","2":"type-product","3":"status-publish","4":"has-post-thumbnail","6":"product_brand-dahua","7":"product_cat-poe-switch","9":"first","10":"instock","11":"taxable","12":"shipping-taxable","13":"purchasable","14":"product-type-simple"},"acf":[],"yoast_head":"<!-- This site is optimized with the Yoast SEO plugin v27.3 - https:\/\/yoast.com\/product\/yoast-seo-wordpress\/ -->\n<title>DAHUA S4228-24GT-360 | alarmplus.mk<\/title>\n<meta name=\"robots\" content=\"index, follow, max-snippet:-1, max-image-preview:large, max-video-preview:-1\" \/>\n<link rel=\"canonical\" href=\"https:\/\/alarmplus.mk\/mk\/product\/dahua-s4228-24gt-360\/\" \/>\n<meta property=\"og:locale\" content=\"mk_MK\" \/>\n<meta property=\"og:type\" content=\"article\" \/>\n<meta property=\"og:title\" content=\"DAHUA S4228-24GT-360 | alarmplus.mk\" \/>\n<meta property=\"og:description\" content=\"Dahua S4228-24GT-360 28-Port Managed Desktop Gigabit Switch with 24-Port PoE    &gt; Layer 2 network management PoE switch.  &gt; Supports web, and network management software based on SNMP.  &gt; Network redundancy: STP\/RSTP.  &gt; Supports PoE power consumption management, PoE power off management.  &gt; Supports IEEE802.3af, IEEE802.3at.  &gt; Port 1 and port 2 support IEEE802.3bt, and are compatible with Hi-PoE.  &gt; Supports PoE watchdog.  &gt; Supports 250 m long-distance transmission mode.\" \/>\n<meta property=\"og:url\" content=\"https:\/\/alarmplus.mk\/mk\/product\/dahua-s4228-24gt-360\/\" \/>\n<meta property=\"og:site_name\" content=\"alarmplus.mk\" \/>\n<meta property=\"article:publisher\" content=\"https:\/\/www.facebook.com\/alarmplus.mk\" \/>\n<meta property=\"article:modified_time\" content=\"2025-08-14T12:15:23+00:00\" \/>\n<meta property=\"og:image\" content=\"https:\/\/alarmplus.mk\/wp-content\/uploads\/2025\/08\/alarmplus.mk-DAHUA-S4228-24GT-360.webp\" \/>\n\t<meta property=\"og:image:width\" content=\"800\" \/>\n\t<meta property=\"og:image:height\" content=\"800\" \/>\n\t<meta property=\"og:image:type\" content=\"image\/webp\" \/>\n<meta name=\"twitter:card\" content=\"summary_large_image\" \/>\n<meta name=\"twitter:label1\" content=\"Est. reading time\" \/>\n\t<meta name=\"twitter:data1\" content=\"2 \u043c\u0438\u043d\u0443\u0442\u0438\" \/>\n<script type=\"application\/ld+json\" class=\"yoast-schema-graph\">{\"@context\":\"https:\\\/\\\/schema.org\",\"@graph\":[{\"@type\":\"WebPage\",\"@id\":\"https:\\\/\\\/alarmplus.mk\\\/mk\\\/product\\\/dahua-s4228-24gt-360\\\/\",\"url\":\"https:\\\/\\\/alarmplus.mk\\\/mk\\\/product\\\/dahua-s4228-24gt-360\\\/\",\"name\":\"DAHUA S4228-24GT-360 | alarmplus.mk\",\"isPartOf\":{\"@id\":\"https:\\\/\\\/alarmplus.mk\\\/mk\\\/#website\"},\"primaryImageOfPage\":{\"@id\":\"https:\\\/\\\/alarmplus.mk\\\/mk\\\/product\\\/dahua-s4228-24gt-360\\\/#primaryimage\"},\"image\":{\"@id\":\"https:\\\/\\\/alarmplus.mk\\\/mk\\\/product\\\/dahua-s4228-24gt-360\\\/#primaryimage\"},\"thumbnailUrl\":\"https:\\\/\\\/alarmplus.mk\\\/wp-content\\\/uploads\\\/2025\\\/08\\\/alarmplus.mk-DAHUA-S4228-24GT-360.webp\",\"datePublished\":\"2025-08-14T12:15:21+00:00\",\"dateModified\":\"2025-08-14T12:15:23+00:00\",\"breadcrumb\":{\"@id\":\"https:\\\/\\\/alarmplus.mk\\\/mk\\\/product\\\/dahua-s4228-24gt-360\\\/#breadcrumb\"},\"inLanguage\":\"mk-MK\",\"potentialAction\":[{\"@type\":\"ReadAction\",\"target\":[\"https:\\\/\\\/alarmplus.mk\\\/mk\\\/product\\\/dahua-s4228-24gt-360\\\/\"]}]},{\"@type\":\"ImageObject\",\"inLanguage\":\"mk-MK\",\"@id\":\"https:\\\/\\\/alarmplus.mk\\\/mk\\\/product\\\/dahua-s4228-24gt-360\\\/#primaryimage\",\"url\":\"https:\\\/\\\/alarmplus.mk\\\/wp-content\\\/uploads\\\/2025\\\/08\\\/alarmplus.mk-DAHUA-S4228-24GT-360.webp\",\"contentUrl\":\"https:\\\/\\\/alarmplus.mk\\\/wp-content\\\/uploads\\\/2025\\\/08\\\/alarmplus.mk-DAHUA-S4228-24GT-360.webp\",\"width\":800,\"height\":800},{\"@type\":\"BreadcrumbList\",\"@id\":\"https:\\\/\\\/alarmplus.mk\\\/mk\\\/product\\\/dahua-s4228-24gt-360\\\/#breadcrumb\",\"itemListElement\":[{\"@type\":\"ListItem\",\"position\":1,\"name\":\"Home\",\"item\":\"https:\\\/\\\/alarmplus.mk\\\/mk\\\/\"},{\"@type\":\"ListItem\",\"position\":2,\"name\":\"\u041f\u0440\u043e\u0434\u0430\u0432\u043d\u0438\u0446\u0430\",\"item\":\"https:\\\/\\\/alarmplus.mk\\\/mk\\\/shop\\\/\"},{\"@type\":\"ListItem\",\"position\":3,\"name\":\"DAHUA S4228-24GT-360\"}]},{\"@type\":\"WebSite\",\"@id\":\"https:\\\/\\\/alarmplus.mk\\\/mk\\\/#website\",\"url\":\"https:\\\/\\\/alarmplus.mk\\\/mk\\\/\",\"name\":\"alarmplus.mk\",\"description\":\"Best Security Cameras and Alarms\",\"publisher\":{\"@id\":\"https:\\\/\\\/alarmplus.mk\\\/mk\\\/#organization\"},\"alternateName\":\"Alarm Plus\",\"potentialAction\":[{\"@type\":\"SearchAction\",\"target\":{\"@type\":\"EntryPoint\",\"urlTemplate\":\"https:\\\/\\\/alarmplus.mk\\\/mk\\\/?s={search_term_string}\"},\"query-input\":{\"@type\":\"PropertyValueSpecification\",\"valueRequired\":true,\"valueName\":\"search_term_string\"}}],\"inLanguage\":\"mk-MK\"},{\"@type\":\"Organization\",\"@id\":\"https:\\\/\\\/alarmplus.mk\\\/mk\\\/#organization\",\"name\":\"alarmplus.mk\",\"alternateName\":\"Alarm Plus Home & Business Security Solutions\",\"url\":\"https:\\\/\\\/alarmplus.mk\\\/mk\\\/\",\"logo\":{\"@type\":\"ImageObject\",\"inLanguage\":\"mk-MK\",\"@id\":\"https:\\\/\\\/alarmplus.mk\\\/mk\\\/#\\\/schema\\\/logo\\\/image\\\/\",\"url\":\"https:\\\/\\\/alarmplus.mk\\\/wp-content\\\/uploads\\\/2025\\\/05\\\/alarmplus.mk5_-e1747004561767.png\",\"contentUrl\":\"https:\\\/\\\/alarmplus.mk\\\/wp-content\\\/uploads\\\/2025\\\/05\\\/alarmplus.mk5_-e1747004561767.png\",\"width\":477,\"height\":114,\"caption\":\"alarmplus.mk\"},\"image\":{\"@id\":\"https:\\\/\\\/alarmplus.mk\\\/mk\\\/#\\\/schema\\\/logo\\\/image\\\/\"},\"sameAs\":[\"https:\\\/\\\/www.facebook.com\\\/alarmplus.mk\",\"https:\\\/\\\/www.instagram.com\\\/alarmplusmk\"]}]}<\/script>\n<!-- \/ Yoast SEO plugin. -->","yoast_head_json":{"title":"DAHUA S4228-24GT-360 | alarmplus.mk","robots":{"index":"index","follow":"follow","max-snippet":"max-snippet:-1","max-image-preview":"max-image-preview:large","max-video-preview":"max-video-preview:-1"},"canonical":"https:\/\/alarmplus.mk\/mk\/product\/dahua-s4228-24gt-360\/","og_locale":"mk_MK","og_type":"article","og_title":"DAHUA S4228-24GT-360 | alarmplus.mk","og_description":"Dahua S4228-24GT-360 28-Port Managed Desktop Gigabit Switch with 24-Port PoE    &gt; Layer 2 network management PoE switch.  &gt; Supports web, and network management software based on SNMP.  &gt; Network redundancy: STP\/RSTP.  &gt; Supports PoE power consumption management, PoE power off management.  &gt; Supports IEEE802.3af, IEEE802.3at.  &gt; Port 1 and port 2 support IEEE802.3bt, and are compatible with Hi-PoE.  &gt; Supports PoE watchdog.  &gt; Supports 250 m long-distance transmission mode.","og_url":"https:\/\/alarmplus.mk\/mk\/product\/dahua-s4228-24gt-360\/","og_site_name":"alarmplus.mk","article_publisher":"https:\/\/www.facebook.com\/alarmplus.mk","article_modified_time":"2025-08-14T12:15:23+00:00","og_image":[{"width":800,"height":800,"url":"https:\/\/alarmplus.mk\/wp-content\/uploads\/2025\/08\/alarmplus.mk-DAHUA-S4228-24GT-360.webp","type":"image\/webp"}],"twitter_card":"summary_large_image","twitter_misc":{"Est. reading time":"2 \u043c\u0438\u043d\u0443\u0442\u0438"},"schema":{"@context":"https:\/\/schema.org","@graph":[{"@type":"WebPage","@id":"https:\/\/alarmplus.mk\/mk\/product\/dahua-s4228-24gt-360\/","url":"https:\/\/alarmplus.mk\/mk\/product\/dahua-s4228-24gt-360\/","name":"DAHUA S4228-24GT-360 | alarmplus.mk","isPartOf":{"@id":"https:\/\/alarmplus.mk\/mk\/#website"},"primaryImageOfPage":{"@id":"https:\/\/alarmplus.mk\/mk\/product\/dahua-s4228-24gt-360\/#primaryimage"},"image":{"@id":"https:\/\/alarmplus.mk\/mk\/product\/dahua-s4228-24gt-360\/#primaryimage"},"thumbnailUrl":"https:\/\/alarmplus.mk\/wp-content\/uploads\/2025\/08\/alarmplus.mk-DAHUA-S4228-24GT-360.webp","datePublished":"2025-08-14T12:15:21+00:00","dateModified":"2025-08-14T12:15:23+00:00","breadcrumb":{"@id":"https:\/\/alarmplus.mk\/mk\/product\/dahua-s4228-24gt-360\/#breadcrumb"},"inLanguage":"mk-MK","potentialAction":[{"@type":"ReadAction","target":["https:\/\/alarmplus.mk\/mk\/product\/dahua-s4228-24gt-360\/"]}]},{"@type":"ImageObject","inLanguage":"mk-MK","@id":"https:\/\/alarmplus.mk\/mk\/product\/dahua-s4228-24gt-360\/#primaryimage","url":"https:\/\/alarmplus.mk\/wp-content\/uploads\/2025\/08\/alarmplus.mk-DAHUA-S4228-24GT-360.webp","contentUrl":"https:\/\/alarmplus.mk\/wp-content\/uploads\/2025\/08\/alarmplus.mk-DAHUA-S4228-24GT-360.webp","width":800,"height":800},{"@type":"BreadcrumbList","@id":"https:\/\/alarmplus.mk\/mk\/product\/dahua-s4228-24gt-360\/#breadcrumb","itemListElement":[{"@type":"ListItem","position":1,"name":"Home","item":"https:\/\/alarmplus.mk\/mk\/"},{"@type":"ListItem","position":2,"name":"\u041f\u0440\u043e\u0434\u0430\u0432\u043d\u0438\u0446\u0430","item":"https:\/\/alarmplus.mk\/mk\/shop\/"},{"@type":"ListItem","position":3,"name":"DAHUA S4228-24GT-360"}]},{"@type":"WebSite","@id":"https:\/\/alarmplus.mk\/mk\/#website","url":"https:\/\/alarmplus.mk\/mk\/","name":"alarmplus.mk","description":"Best Security Cameras and Alarms","publisher":{"@id":"https:\/\/alarmplus.mk\/mk\/#organization"},"alternateName":"Alarm Plus","potentialAction":[{"@type":"SearchAction","target":{"@type":"EntryPoint","urlTemplate":"https:\/\/alarmplus.mk\/mk\/?s={search_term_string}"},"query-input":{"@type":"PropertyValueSpecification","valueRequired":true,"valueName":"search_term_string"}}],"inLanguage":"mk-MK"},{"@type":"Organization","@id":"https:\/\/alarmplus.mk\/mk\/#organization","name":"alarmplus.mk","alternateName":"Alarm Plus Home & Business Security Solutions","url":"https:\/\/alarmplus.mk\/mk\/","logo":{"@type":"ImageObject","inLanguage":"mk-MK","@id":"https:\/\/alarmplus.mk\/mk\/#\/schema\/logo\/image\/","url":"https:\/\/alarmplus.mk\/wp-content\/uploads\/2025\/05\/alarmplus.mk5_-e1747004561767.png","contentUrl":"https:\/\/alarmplus.mk\/wp-content\/uploads\/2025\/05\/alarmplus.mk5_-e1747004561767.png","width":477,"height":114,"caption":"alarmplus.mk"},"image":{"@id":"https:\/\/alarmplus.mk\/mk\/#\/schema\/logo\/image\/"},"sameAs":["https:\/\/www.facebook.com\/alarmplus.mk","https:\/\/www.instagram.com\/alarmplusmk"]}]}},"jetpack_sharing_enabled":true,"_links":{"self":[{"href":"https:\/\/alarmplus.mk\/mk\/wp-json\/wp\/v2\/product\/7141","targetHints":{"allow":["GET"]}}],"collection":[{"href":"https:\/\/alarmplus.mk\/mk\/wp-json\/wp\/v2\/product"}],"about":[{"href":"https:\/\/alarmplus.mk\/mk\/wp-json\/wp\/v2\/types\/product"}],"replies":[{"embeddable":true,"href":"https:\/\/alarmplus.mk\/mk\/wp-json\/wp\/v2\/comments?post=7141"}],"wp:featuredmedia":[{"embeddable":true,"href":"https:\/\/alarmplus.mk\/mk\/wp-json\/wp\/v2\/media\/7142"}],"wp:attachment":[{"href":"https:\/\/alarmplus.mk\/mk\/wp-json\/wp\/v2\/media?parent=7141"}],"wp:term":[{"taxonomy":"product_brand","embeddable":true,"href":"https:\/\/alarmplus.mk\/mk\/wp-json\/wp\/v2\/product_brand?post=7141"},{"taxonomy":"product_cat","embeddable":true,"href":"https:\/\/alarmplus.mk\/mk\/wp-json\/wp\/v2\/product_cat?post=7141"},{"taxonomy":"product_tag","embeddable":true,"href":"https:\/\/alarmplus.mk\/mk\/wp-json\/wp\/v2\/product_tag?post=7141"}],"curies":[{"name":"wp","href":"https:\/\/api.w.org\/{rel}","templated":true}]}}