{"id":7292,"date":"2025-10-06T19:21:24","date_gmt":"2025-10-06T17:21:24","guid":{"rendered":"https:\/\/alarmplus.mk\/?post_type=product&#038;p=7292"},"modified":"2025-10-06T22:32:31","modified_gmt":"2025-10-06T20:32:31","slug":"dahua-monitor-lm22-b200s","status":"publish","type":"product","link":"https:\/\/alarmplus.mk\/mk\/product\/dahua-monitor-lm22-b200s\/","title":{"rendered":"Dahua Monitor LM22-B200S"},"content":{"rendered":"<table id=\"table001\">\n<tbody>\n<tr>\n<td colspan=\"60\">Display<\/td>\n<\/tr>\n<tr>\n<td colspan=\"18\">Model<\/td>\n<td colspan=\"42\">DHI-LM22-B200S<\/td>\n<\/tr>\n<tr>\n<td colspan=\"18\">LCD Technology<\/td>\n<td colspan=\"42\">VA<\/td>\n<\/tr>\n<tr>\n<td colspan=\"18\">Backlight<\/td>\n<td colspan=\"42\">ELED<\/td>\n<\/tr>\n<tr>\n<td colspan=\"18\">Screen Size<\/td>\n<td colspan=\"42\">21.45 inch<\/td>\n<\/tr>\n<tr>\n<td colspan=\"18\">Aspect Ratio<\/td>\n<td colspan=\"42\">16:9<\/td>\n<\/tr>\n<tr>\n<td colspan=\"18\">Viewing Size<\/td>\n<td colspan=\"42\">478.656 (H) \u00d7 478.656 (V) mm<\/td>\n<\/tr>\n<tr>\n<td colspan=\"18\">Screen-to-Body Ratio<\/td>\n<td colspan=\"42\">\u226590%<\/td>\n<\/tr>\n<tr>\n<td colspan=\"18\">Viewing Angle<\/td>\n<td colspan=\"42\">178\u00b0 (H) \/ 178\u00b0 (V)<\/td>\n<\/tr>\n<tr>\n<td colspan=\"18\">Display Mode<\/td>\n<td colspan=\"42\">Horizontal<\/td>\n<\/tr>\n<tr>\n<td colspan=\"18\">Pixel Pitch<\/td>\n<td colspan=\"42\">0.2493 mm \u00d7 0.241 mm<\/td>\n<\/tr>\n<tr>\n<td colspan=\"18\">Pixels Per Inch<\/td>\n<td colspan=\"42\">102.7<\/td>\n<\/tr>\n<tr>\n<td colspan=\"18\">Resolution<\/td>\n<td colspan=\"42\">1920 (H) \u00d7 1080 (V)<\/td>\n<\/tr>\n<tr>\n<td colspan=\"18\">Refresh Rate<\/td>\n<td colspan=\"42\">100 Hz<\/td>\n<\/tr>\n<tr>\n<td colspan=\"18\">Display Color<\/td>\n<td colspan=\"42\">16.7M colors<\/td>\n<\/tr>\n<tr>\n<td colspan=\"18\">Color Gamut<\/td>\n<td colspan=\"42\">72% NTSC<\/td>\n<\/tr>\n<tr>\n<td colspan=\"18\">Brightness<\/td>\n<td colspan=\"42\">250 cd\/m\u00b2 (max)<\/td>\n<\/tr>\n<tr>\n<td colspan=\"18\">Contrast Ratio<\/td>\n<td colspan=\"42\">3000:1<\/td>\n<\/tr>\n<tr>\n<td colspan=\"18\">Response Time<\/td>\n<td colspan=\"42\">OD 5 ms<\/td>\n<\/tr>\n<tr>\n<td colspan=\"18\">Lifespan<\/td>\n<td colspan=\"42\">30,000 hrs<\/td>\n<\/tr>\n<tr>\n<td colspan=\"18\">Surface Treatment<\/td>\n<td colspan=\"42\">Haze 25%, 3H<\/td>\n<\/tr>\n<tr>\n<td colspan=\"18\">Low Blue Light<\/td>\n<td colspan=\"42\">Software blue light protection<\/td>\n<\/tr>\n<tr>\n<td colspan=\"60\">Device Ports<\/td>\n<\/tr>\n<tr>\n<td colspan=\"18\">Input Port<\/td>\n<td colspan=\"42\">1 \u00d7 HDMI 1.4 (1920 \u00d7 1080@100 Hz), 1 \u00d7 VGA<\/td>\n<\/tr>\n<tr>\n<td colspan=\"18\">Output Port<\/td>\n<td colspan=\"42\">1 \u00d7 Audio out<\/td>\n<\/tr>\n<tr>\n<td colspan=\"18\">Speaker<\/td>\n<td colspan=\"42\">2 \u00d7 1 W<\/td>\n<\/tr>\n<tr>\n<td colspan=\"60\">Power &amp; Environmental Conditions<\/td>\n<\/tr>\n<tr>\n<td colspan=\"18\">Power Supply<\/td>\n<td colspan=\"42\">12 VDC, 2 A<\/td>\n<\/tr>\n<tr>\n<td colspan=\"18\">Power Consumption<\/td>\n<td colspan=\"42\">14 W (basic), 17 W (typ.), 19 W (max)<\/td>\n<\/tr>\n<tr>\n<td colspan=\"18\">Standby Power Consumption<\/td>\n<td colspan=\"42\">&lt;0.5 W<\/td>\n<\/tr>\n<tr>\n<td colspan=\"18\">Operating Temperature<\/td>\n<td colspan=\"42\">0 \u00b0C to +40 \u00b0C (+32 \u00b0F to +104 \u00b0F)<\/td>\n<\/tr>\n<tr>\n<td colspan=\"18\">Operating Humidity<\/td>\n<td colspan=\"42\">10%\u201385% (RH)<\/td>\n<\/tr>\n<tr>\n<td colspan=\"18\">Storage Temperature<\/td>\n<td colspan=\"42\">\u201320 \u00b0C to +60 \u00b0C (\u20134 \u00b0F to +140 \u00b0F)<\/td>\n<\/tr>\n<tr>\n<td colspan=\"18\">Storage Humidity<\/td>\n<td colspan=\"42\">5%\u201390% (RH)<\/td>\n<\/tr>\n<tr>\n<td colspan=\"60\">General<\/td>\n<\/tr>\n<tr>\n<td colspan=\"18\">Inclined Angle<\/td>\n<td colspan=\"42\">-5\u00b0 \/ 15\u00b0<\/td>\n<\/tr>\n<tr>\n<td colspan=\"18\">Product Dimensions<\/td>\n<td colspan=\"42\">492.7 mm \u00d7 284.0 mm \u00d7 39.5 mm (19.40&#8243; \u00d7 11.18&#8243; \u00d7 1.56&#8243;) (W \u00d7 H \u00d7 D), without wall-mount bracket<\/td>\n<\/tr>\n<tr>\n<td colspan=\"18\">Package Size<\/td>\n<td colspan=\"42\">598 mm \u00d7 366mm \u00d7 99 mm (23.54&#8243; \u00d7 14.41&#8243; \u00d7 3.90&#8243;\uff09 (W \u00d7 H \u00d7 D)<\/td>\n<\/tr>\n<tr>\n<td colspan=\"18\">Unilateral Splicing<\/td>\n<td colspan=\"42\">U\/L\/R\/D: 2.2 mm\/2.2 mm\/2.2 mm\/15.2 mm<\/td>\n<\/tr>\n<tr>\n<td colspan=\"18\">Net Weight<\/td>\n<td colspan=\"42\">2.18 kg (4.81 lb)<\/td>\n<\/tr>\n<tr>\n<td colspan=\"18\">Gross Weight<\/td>\n<td colspan=\"42\">3.12 kg (6.88 lb)<\/td>\n<\/tr>\n<tr>\n<td colspan=\"18\">Casing Color<\/td>\n<td colspan=\"42\">Black<\/td>\n<\/tr>\n<tr>\n<td colspan=\"18\">Control Mode<\/td>\n<td colspan=\"42\">Five-button<\/td>\n<\/tr>\n<tr>\n<td colspan=\"18\">Status Indicator Light<\/td>\n<td colspan=\"42\">Yes<\/td>\n<\/tr>\n<tr>\n<td colspan=\"18\">Accessory<\/td>\n<td colspan=\"42\">Power adapter, base, HDMI cable, user&#8217;s manual (QR code), legal and regulatory information, etc.<\/td>\n<\/tr>\n<tr>\n<td colspan=\"60\">Certification<\/td>\n<\/tr>\n<tr>\n<td colspan=\"18\">Certifications<\/td>\n<td colspan=\"42\">CE EMC, CE LVD, CE ERP<\/td>\n<\/tr>\n<\/tbody>\n<\/table>\n","protected":false},"excerpt":{"rendered":"<p>LM22-B200S<br \/>\nDahua 21,45&#8243; FHD \u043a\u043e\u043c\u0435\u0440\u0446\u0438\u0458\u0430\u043b\u0435\u043d \u043c\u043e\u043d\u0438\u0442\u043e\u0440<\/p>\n<p>&gt; \u0412\u0438\u0441\u043e\u043a \u043a\u043e\u043d\u0442\u0440\u0430\u0441\u0442\u0435\u043d \u0441\u043e\u043e\u0434\u043d\u043e\u0441.<\/p>\n<p>&gt; \u0423\u043b\u0442\u0440\u0430\u0442\u0435\u043d\u043a\u043e \u0442\u0435\u043b\u043e \u0441\u043e \u0432\u0433\u0440\u0430\u0434\u0435\u043d \u043c\u043e\u0434\u0443\u043b \u0437\u0430 \u043f\u043e\u0437\u0430\u0434\u0438\u043d\u0441\u043a\u043e \u043e\u0441\u0432\u0435\u0442\u043b\u0443\u0432\u0430\u045a\u0435.<\/p>\n<p>&gt; \u0411\u0440\u0437\u0430 \u0431\u0440\u0437\u0438\u043d\u0430 \u043d\u0430 \u043e\u0434\u0433\u043e\u0432\u043e\u0440 \u0448\u0442\u043e \u043e\u0432\u043e\u0437\u043c\u043e\u0436\u0443\u0432\u0430 \u043d\u0435\u043f\u0440\u0435\u0447\u0435\u043d\u043e \u0440\u0435\u043f\u0440\u043e\u0434\u0443\u0446\u0438\u0440\u0430\u045a\u0435 \u043d\u0430 \u0432\u0438\u0434\u0435\u0430\u0442\u0430.<\/p>\n<p>&gt; \u0410\u0433\u043e\u043b\u043e\u0442 \u043c\u043e\u0436\u0435 \u0434\u0430 \u0441\u0435 \u043f\u0440\u0438\u043b\u0430\u0433\u043e\u0434\u0438 \u0437\u0430 \u0434\u0430 \u0441\u0435 \u043e\u043b\u0435\u0441\u043d\u0430\u0442 \u0440\u0430\u0437\u043b\u0438\u0447\u043d\u0438\u0442\u0435 \u0432\u0438\u0434\u043e\u0432\u0438 \u0441\u0435\u0434\u0435\u0447\u043a\u0438 \u043f\u043e\u0437\u0438\u0446\u0438\u0438.<\/p>\n<p>&gt; \u0415\u043a\u0440\u0430\u043d \u043f\u0440\u043e\u0442\u0438\u0432 \u0441\u0438\u043d\u0430 \u0441\u0432\u0435\u0442\u043b\u0438\u043d\u0430 \u0448\u0442\u043e \u0433\u0438 \u0448\u0442\u0438\u0442\u0438 \u043e\u0447\u0438\u0442\u0435.<\/p>\n<p>&gt; \u0428\u0438\u0440\u043e\u043a \u0430\u0433\u043e\u043b \u043d\u0430 \u0433\u043b\u0435\u0434\u0430\u045a\u0435 \u043e\u0434 178\u00b0H\/178\u00b0V.<\/p>\n<p>LM22-B200S<br \/>\nDahua 21.45&#8243; FHD Commercial Monitor<\/p>\n<p>&gt; High contrast ratio.<\/p>\n<p>&gt; Ultra-thin body with a built-in backlight module.<\/p>\n<p>&gt; Fast response speed that makes videos play smoothly.<\/p>\n<p>&gt; The angle can be adjusted to facilitate various types of sitting positions.<\/p>\n<p>&gt; Anti-blue light screen that protects eyes.<\/p>\n<p>&gt; 178\u00b0H\/178\u00b0V wide view angle.<\/p>\n","protected":false},"featured_media":7293,"comment_status":"open","ping_status":"closed","template":"","meta":{"_acf_changed":false},"product_brand":[225],"product_cat":[454],"product_tag":[],"class_list":{"0":"post-7292","1":"product","2":"type-product","3":"status-publish","4":"has-post-thumbnail","6":"product_brand-dahua","7":"product_cat-commercial-monitors","9":"first","10":"instock","11":"taxable","12":"shipping-taxable","13":"purchasable","14":"product-type-simple"},"acf":[],"yoast_head":"<!-- This site is optimized with the Yoast SEO plugin v27.3 - https:\/\/yoast.com\/product\/yoast-seo-wordpress\/ -->\n<title>Dahua Monitor LM22-B200S | alarmplus.mk<\/title>\n<meta name=\"robots\" content=\"index, follow, max-snippet:-1, max-image-preview:large, max-video-preview:-1\" \/>\n<link rel=\"canonical\" href=\"https:\/\/alarmplus.mk\/mk\/product\/dahua-monitor-lm22-b200s\/\" \/>\n<meta property=\"og:locale\" content=\"mk_MK\" \/>\n<meta property=\"og:type\" content=\"article\" \/>\n<meta property=\"og:title\" content=\"Dahua Monitor LM22-B200S | alarmplus.mk\" \/>\n<meta property=\"og:description\" content=\"LM22-B200S Dahua 21,45&quot; FHD \u043a\u043e\u043c\u0435\u0440\u0446\u0438\u0458\u0430\u043b\u0435\u043d \u043c\u043e\u043d\u0438\u0442\u043e\u0440  &gt; \u0412\u0438\u0441\u043e\u043a \u043a\u043e\u043d\u0442\u0440\u0430\u0441\u0442\u0435\u043d \u0441\u043e\u043e\u0434\u043d\u043e\u0441.  &gt; \u0423\u043b\u0442\u0440\u0430\u0442\u0435\u043d\u043a\u043e \u0442\u0435\u043b\u043e \u0441\u043e \u0432\u0433\u0440\u0430\u0434\u0435\u043d \u043c\u043e\u0434\u0443\u043b \u0437\u0430 \u043f\u043e\u0437\u0430\u0434\u0438\u043d\u0441\u043a\u043e \u043e\u0441\u0432\u0435\u0442\u043b\u0443\u0432\u0430\u045a\u0435.  &gt; \u0411\u0440\u0437\u0430 \u0431\u0440\u0437\u0438\u043d\u0430 \u043d\u0430 \u043e\u0434\u0433\u043e\u0432\u043e\u0440 \u0448\u0442\u043e \u043e\u0432\u043e\u0437\u043c\u043e\u0436\u0443\u0432\u0430 \u043d\u0435\u043f\u0440\u0435\u0447\u0435\u043d\u043e \u0440\u0435\u043f\u0440\u043e\u0434\u0443\u0446\u0438\u0440\u0430\u045a\u0435 \u043d\u0430 \u0432\u0438\u0434\u0435\u0430\u0442\u0430.  &gt; \u0410\u0433\u043e\u043b\u043e\u0442 \u043c\u043e\u0436\u0435 \u0434\u0430 \u0441\u0435 \u043f\u0440\u0438\u043b\u0430\u0433\u043e\u0434\u0438 \u0437\u0430 \u0434\u0430 \u0441\u0435 \u043e\u043b\u0435\u0441\u043d\u0430\u0442 \u0440\u0430\u0437\u043b\u0438\u0447\u043d\u0438\u0442\u0435 \u0432\u0438\u0434\u043e\u0432\u0438 \u0441\u0435\u0434\u0435\u0447\u043a\u0438 \u043f\u043e\u0437\u0438\u0446\u0438\u0438.  &gt; \u0415\u043a\u0440\u0430\u043d \u043f\u0440\u043e\u0442\u0438\u0432 \u0441\u0438\u043d\u0430 \u0441\u0432\u0435\u0442\u043b\u0438\u043d\u0430 \u0448\u0442\u043e \u0433\u0438 \u0448\u0442\u0438\u0442\u0438 \u043e\u0447\u0438\u0442\u0435.  &gt; \u0428\u0438\u0440\u043e\u043a \u0430\u0433\u043e\u043b \u043d\u0430 \u0433\u043b\u0435\u0434\u0430\u045a\u0435 \u043e\u0434 178\u00b0H\/178\u00b0V.  LM22-B200S Dahua 21.45&quot; FHD Commercial Monitor  &gt; High contrast ratio.  &gt; Ultra-thin body with a built-in backlight module.  &gt; Fast response speed that makes videos play smoothly.  &gt; The angle can be adjusted to facilitate various types of sitting positions.  &gt; Anti-blue light screen that protects eyes.  &gt; 178\u00b0H\/178\u00b0V wide view angle.\" \/>\n<meta property=\"og:url\" content=\"https:\/\/alarmplus.mk\/mk\/product\/dahua-monitor-lm22-b200s\/\" \/>\n<meta property=\"og:site_name\" content=\"alarmplus.mk\" \/>\n<meta property=\"article:publisher\" content=\"https:\/\/www.facebook.com\/alarmplus.mk\" \/>\n<meta property=\"article:modified_time\" content=\"2025-10-06T20:32:31+00:00\" \/>\n<meta property=\"og:image\" content=\"https:\/\/alarmplus.mk\/wp-content\/uploads\/2025\/10\/Dahua-1-LM22-B200S.webp\" \/>\n\t<meta property=\"og:image:width\" content=\"800\" \/>\n\t<meta property=\"og:image:height\" content=\"800\" \/>\n\t<meta property=\"og:image:type\" content=\"image\/webp\" \/>\n<meta name=\"twitter:card\" content=\"summary_large_image\" \/>\n<meta name=\"twitter:label1\" content=\"Est. reading time\" \/>\n\t<meta name=\"twitter:data1\" content=\"2 \u043c\u0438\u043d\u0443\u0442\u0438\" \/>\n<script type=\"application\/ld+json\" class=\"yoast-schema-graph\">{\"@context\":\"https:\\\/\\\/schema.org\",\"@graph\":[{\"@type\":\"WebPage\",\"@id\":\"https:\\\/\\\/alarmplus.mk\\\/mk\\\/product\\\/dahua-monitor-lm22-b200s\\\/\",\"url\":\"https:\\\/\\\/alarmplus.mk\\\/mk\\\/product\\\/dahua-monitor-lm22-b200s\\\/\",\"name\":\"Dahua Monitor LM22-B200S | alarmplus.mk\",\"isPartOf\":{\"@id\":\"https:\\\/\\\/alarmplus.mk\\\/mk\\\/#website\"},\"primaryImageOfPage\":{\"@id\":\"https:\\\/\\\/alarmplus.mk\\\/mk\\\/product\\\/dahua-monitor-lm22-b200s\\\/#primaryimage\"},\"image\":{\"@id\":\"https:\\\/\\\/alarmplus.mk\\\/mk\\\/product\\\/dahua-monitor-lm22-b200s\\\/#primaryimage\"},\"thumbnailUrl\":\"https:\\\/\\\/alarmplus.mk\\\/wp-content\\\/uploads\\\/2025\\\/10\\\/Dahua-1-LM22-B200S.webp\",\"datePublished\":\"2025-10-06T17:21:24+00:00\",\"dateModified\":\"2025-10-06T20:32:31+00:00\",\"breadcrumb\":{\"@id\":\"https:\\\/\\\/alarmplus.mk\\\/mk\\\/product\\\/dahua-monitor-lm22-b200s\\\/#breadcrumb\"},\"inLanguage\":\"mk-MK\",\"potentialAction\":[{\"@type\":\"ReadAction\",\"target\":[\"https:\\\/\\\/alarmplus.mk\\\/mk\\\/product\\\/dahua-monitor-lm22-b200s\\\/\"]}]},{\"@type\":\"ImageObject\",\"inLanguage\":\"mk-MK\",\"@id\":\"https:\\\/\\\/alarmplus.mk\\\/mk\\\/product\\\/dahua-monitor-lm22-b200s\\\/#primaryimage\",\"url\":\"https:\\\/\\\/alarmplus.mk\\\/wp-content\\\/uploads\\\/2025\\\/10\\\/Dahua-1-LM22-B200S.webp\",\"contentUrl\":\"https:\\\/\\\/alarmplus.mk\\\/wp-content\\\/uploads\\\/2025\\\/10\\\/Dahua-1-LM22-B200S.webp\",\"width\":800,\"height\":800,\"caption\":\"Dahua LM24-B200S 23.8 inch Full HD commercial monitor front view\"},{\"@type\":\"BreadcrumbList\",\"@id\":\"https:\\\/\\\/alarmplus.mk\\\/mk\\\/product\\\/dahua-monitor-lm22-b200s\\\/#breadcrumb\",\"itemListElement\":[{\"@type\":\"ListItem\",\"position\":1,\"name\":\"Home\",\"item\":\"https:\\\/\\\/alarmplus.mk\\\/mk\\\/\"},{\"@type\":\"ListItem\",\"position\":2,\"name\":\"\u041f\u0440\u043e\u0434\u0430\u0432\u043d\u0438\u0446\u0430\",\"item\":\"https:\\\/\\\/alarmplus.mk\\\/mk\\\/shop\\\/\"},{\"@type\":\"ListItem\",\"position\":3,\"name\":\"Dahua Monitor LM22-B200S\"}]},{\"@type\":\"WebSite\",\"@id\":\"https:\\\/\\\/alarmplus.mk\\\/mk\\\/#website\",\"url\":\"https:\\\/\\\/alarmplus.mk\\\/mk\\\/\",\"name\":\"alarmplus.mk\",\"description\":\"Best Security Cameras and Alarms\",\"publisher\":{\"@id\":\"https:\\\/\\\/alarmplus.mk\\\/mk\\\/#organization\"},\"alternateName\":\"Alarm Plus\",\"potentialAction\":[{\"@type\":\"SearchAction\",\"target\":{\"@type\":\"EntryPoint\",\"urlTemplate\":\"https:\\\/\\\/alarmplus.mk\\\/mk\\\/?s={search_term_string}\"},\"query-input\":{\"@type\":\"PropertyValueSpecification\",\"valueRequired\":true,\"valueName\":\"search_term_string\"}}],\"inLanguage\":\"mk-MK\"},{\"@type\":\"Organization\",\"@id\":\"https:\\\/\\\/alarmplus.mk\\\/mk\\\/#organization\",\"name\":\"alarmplus.mk\",\"alternateName\":\"Alarm Plus Home & Business Security Solutions\",\"url\":\"https:\\\/\\\/alarmplus.mk\\\/mk\\\/\",\"logo\":{\"@type\":\"ImageObject\",\"inLanguage\":\"mk-MK\",\"@id\":\"https:\\\/\\\/alarmplus.mk\\\/mk\\\/#\\\/schema\\\/logo\\\/image\\\/\",\"url\":\"https:\\\/\\\/alarmplus.mk\\\/wp-content\\\/uploads\\\/2025\\\/05\\\/alarmplus.mk5_-e1747004561767.png\",\"contentUrl\":\"https:\\\/\\\/alarmplus.mk\\\/wp-content\\\/uploads\\\/2025\\\/05\\\/alarmplus.mk5_-e1747004561767.png\",\"width\":477,\"height\":114,\"caption\":\"alarmplus.mk\"},\"image\":{\"@id\":\"https:\\\/\\\/alarmplus.mk\\\/mk\\\/#\\\/schema\\\/logo\\\/image\\\/\"},\"sameAs\":[\"https:\\\/\\\/www.facebook.com\\\/alarmplus.mk\",\"https:\\\/\\\/www.instagram.com\\\/alarmplusmk\"]}]}<\/script>\n<!-- \/ Yoast SEO plugin. -->","yoast_head_json":{"title":"Dahua Monitor LM22-B200S | alarmplus.mk","robots":{"index":"index","follow":"follow","max-snippet":"max-snippet:-1","max-image-preview":"max-image-preview:large","max-video-preview":"max-video-preview:-1"},"canonical":"https:\/\/alarmplus.mk\/mk\/product\/dahua-monitor-lm22-b200s\/","og_locale":"mk_MK","og_type":"article","og_title":"Dahua Monitor LM22-B200S | alarmplus.mk","og_description":"LM22-B200S Dahua 21,45\" FHD \u043a\u043e\u043c\u0435\u0440\u0446\u0438\u0458\u0430\u043b\u0435\u043d \u043c\u043e\u043d\u0438\u0442\u043e\u0440  &gt; \u0412\u0438\u0441\u043e\u043a \u043a\u043e\u043d\u0442\u0440\u0430\u0441\u0442\u0435\u043d \u0441\u043e\u043e\u0434\u043d\u043e\u0441.  &gt; \u0423\u043b\u0442\u0440\u0430\u0442\u0435\u043d\u043a\u043e \u0442\u0435\u043b\u043e \u0441\u043e \u0432\u0433\u0440\u0430\u0434\u0435\u043d \u043c\u043e\u0434\u0443\u043b \u0437\u0430 \u043f\u043e\u0437\u0430\u0434\u0438\u043d\u0441\u043a\u043e \u043e\u0441\u0432\u0435\u0442\u043b\u0443\u0432\u0430\u045a\u0435.  &gt; \u0411\u0440\u0437\u0430 \u0431\u0440\u0437\u0438\u043d\u0430 \u043d\u0430 \u043e\u0434\u0433\u043e\u0432\u043e\u0440 \u0448\u0442\u043e \u043e\u0432\u043e\u0437\u043c\u043e\u0436\u0443\u0432\u0430 \u043d\u0435\u043f\u0440\u0435\u0447\u0435\u043d\u043e \u0440\u0435\u043f\u0440\u043e\u0434\u0443\u0446\u0438\u0440\u0430\u045a\u0435 \u043d\u0430 \u0432\u0438\u0434\u0435\u0430\u0442\u0430.  &gt; \u0410\u0433\u043e\u043b\u043e\u0442 \u043c\u043e\u0436\u0435 \u0434\u0430 \u0441\u0435 \u043f\u0440\u0438\u043b\u0430\u0433\u043e\u0434\u0438 \u0437\u0430 \u0434\u0430 \u0441\u0435 \u043e\u043b\u0435\u0441\u043d\u0430\u0442 \u0440\u0430\u0437\u043b\u0438\u0447\u043d\u0438\u0442\u0435 \u0432\u0438\u0434\u043e\u0432\u0438 \u0441\u0435\u0434\u0435\u0447\u043a\u0438 \u043f\u043e\u0437\u0438\u0446\u0438\u0438.  &gt; \u0415\u043a\u0440\u0430\u043d \u043f\u0440\u043e\u0442\u0438\u0432 \u0441\u0438\u043d\u0430 \u0441\u0432\u0435\u0442\u043b\u0438\u043d\u0430 \u0448\u0442\u043e \u0433\u0438 \u0448\u0442\u0438\u0442\u0438 \u043e\u0447\u0438\u0442\u0435.  &gt; \u0428\u0438\u0440\u043e\u043a \u0430\u0433\u043e\u043b \u043d\u0430 \u0433\u043b\u0435\u0434\u0430\u045a\u0435 \u043e\u0434 178\u00b0H\/178\u00b0V.  LM22-B200S Dahua 21.45\" FHD Commercial Monitor  &gt; High contrast ratio.  &gt; Ultra-thin body with a built-in backlight module.  &gt; Fast response speed that makes videos play smoothly.  &gt; The angle can be adjusted to facilitate various types of sitting positions.  &gt; Anti-blue light screen that protects eyes.  &gt; 178\u00b0H\/178\u00b0V wide view angle.","og_url":"https:\/\/alarmplus.mk\/mk\/product\/dahua-monitor-lm22-b200s\/","og_site_name":"alarmplus.mk","article_publisher":"https:\/\/www.facebook.com\/alarmplus.mk","article_modified_time":"2025-10-06T20:32:31+00:00","og_image":[{"width":800,"height":800,"url":"https:\/\/alarmplus.mk\/wp-content\/uploads\/2025\/10\/Dahua-1-LM22-B200S.webp","type":"image\/webp"}],"twitter_card":"summary_large_image","twitter_misc":{"Est. reading time":"2 \u043c\u0438\u043d\u0443\u0442\u0438"},"schema":{"@context":"https:\/\/schema.org","@graph":[{"@type":"WebPage","@id":"https:\/\/alarmplus.mk\/mk\/product\/dahua-monitor-lm22-b200s\/","url":"https:\/\/alarmplus.mk\/mk\/product\/dahua-monitor-lm22-b200s\/","name":"Dahua Monitor LM22-B200S | alarmplus.mk","isPartOf":{"@id":"https:\/\/alarmplus.mk\/mk\/#website"},"primaryImageOfPage":{"@id":"https:\/\/alarmplus.mk\/mk\/product\/dahua-monitor-lm22-b200s\/#primaryimage"},"image":{"@id":"https:\/\/alarmplus.mk\/mk\/product\/dahua-monitor-lm22-b200s\/#primaryimage"},"thumbnailUrl":"https:\/\/alarmplus.mk\/wp-content\/uploads\/2025\/10\/Dahua-1-LM22-B200S.webp","datePublished":"2025-10-06T17:21:24+00:00","dateModified":"2025-10-06T20:32:31+00:00","breadcrumb":{"@id":"https:\/\/alarmplus.mk\/mk\/product\/dahua-monitor-lm22-b200s\/#breadcrumb"},"inLanguage":"mk-MK","potentialAction":[{"@type":"ReadAction","target":["https:\/\/alarmplus.mk\/mk\/product\/dahua-monitor-lm22-b200s\/"]}]},{"@type":"ImageObject","inLanguage":"mk-MK","@id":"https:\/\/alarmplus.mk\/mk\/product\/dahua-monitor-lm22-b200s\/#primaryimage","url":"https:\/\/alarmplus.mk\/wp-content\/uploads\/2025\/10\/Dahua-1-LM22-B200S.webp","contentUrl":"https:\/\/alarmplus.mk\/wp-content\/uploads\/2025\/10\/Dahua-1-LM22-B200S.webp","width":800,"height":800,"caption":"Dahua LM24-B200S 23.8 inch Full HD commercial monitor front view"},{"@type":"BreadcrumbList","@id":"https:\/\/alarmplus.mk\/mk\/product\/dahua-monitor-lm22-b200s\/#breadcrumb","itemListElement":[{"@type":"ListItem","position":1,"name":"Home","item":"https:\/\/alarmplus.mk\/mk\/"},{"@type":"ListItem","position":2,"name":"\u041f\u0440\u043e\u0434\u0430\u0432\u043d\u0438\u0446\u0430","item":"https:\/\/alarmplus.mk\/mk\/shop\/"},{"@type":"ListItem","position":3,"name":"Dahua Monitor LM22-B200S"}]},{"@type":"WebSite","@id":"https:\/\/alarmplus.mk\/mk\/#website","url":"https:\/\/alarmplus.mk\/mk\/","name":"alarmplus.mk","description":"Best Security Cameras and Alarms","publisher":{"@id":"https:\/\/alarmplus.mk\/mk\/#organization"},"alternateName":"Alarm Plus","potentialAction":[{"@type":"SearchAction","target":{"@type":"EntryPoint","urlTemplate":"https:\/\/alarmplus.mk\/mk\/?s={search_term_string}"},"query-input":{"@type":"PropertyValueSpecification","valueRequired":true,"valueName":"search_term_string"}}],"inLanguage":"mk-MK"},{"@type":"Organization","@id":"https:\/\/alarmplus.mk\/mk\/#organization","name":"alarmplus.mk","alternateName":"Alarm Plus Home & Business Security Solutions","url":"https:\/\/alarmplus.mk\/mk\/","logo":{"@type":"ImageObject","inLanguage":"mk-MK","@id":"https:\/\/alarmplus.mk\/mk\/#\/schema\/logo\/image\/","url":"https:\/\/alarmplus.mk\/wp-content\/uploads\/2025\/05\/alarmplus.mk5_-e1747004561767.png","contentUrl":"https:\/\/alarmplus.mk\/wp-content\/uploads\/2025\/05\/alarmplus.mk5_-e1747004561767.png","width":477,"height":114,"caption":"alarmplus.mk"},"image":{"@id":"https:\/\/alarmplus.mk\/mk\/#\/schema\/logo\/image\/"},"sameAs":["https:\/\/www.facebook.com\/alarmplus.mk","https:\/\/www.instagram.com\/alarmplusmk"]}]}},"jetpack_sharing_enabled":true,"_links":{"self":[{"href":"https:\/\/alarmplus.mk\/mk\/wp-json\/wp\/v2\/product\/7292","targetHints":{"allow":["GET"]}}],"collection":[{"href":"https:\/\/alarmplus.mk\/mk\/wp-json\/wp\/v2\/product"}],"about":[{"href":"https:\/\/alarmplus.mk\/mk\/wp-json\/wp\/v2\/types\/product"}],"replies":[{"embeddable":true,"href":"https:\/\/alarmplus.mk\/mk\/wp-json\/wp\/v2\/comments?post=7292"}],"wp:featuredmedia":[{"embeddable":true,"href":"https:\/\/alarmplus.mk\/mk\/wp-json\/wp\/v2\/media\/7293"}],"wp:attachment":[{"href":"https:\/\/alarmplus.mk\/mk\/wp-json\/wp\/v2\/media?parent=7292"}],"wp:term":[{"taxonomy":"product_brand","embeddable":true,"href":"https:\/\/alarmplus.mk\/mk\/wp-json\/wp\/v2\/product_brand?post=7292"},{"taxonomy":"product_cat","embeddable":true,"href":"https:\/\/alarmplus.mk\/mk\/wp-json\/wp\/v2\/product_cat?post=7292"},{"taxonomy":"product_tag","embeddable":true,"href":"https:\/\/alarmplus.mk\/mk\/wp-json\/wp\/v2\/product_tag?post=7292"}],"curies":[{"name":"wp","href":"https:\/\/api.w.org\/{rel}","templated":true}]}}