{"id":7346,"date":"2025-10-07T03:06:35","date_gmt":"2025-10-07T01:06:35","guid":{"rendered":"https:\/\/alarmplus.mk\/?post_type=product&#038;p=7346"},"modified":"2026-01-21T18:04:50","modified_gmt":"2026-01-21T17:04:50","slug":"dahua-dahua-27-fullhd-ips-165hz-lm27-e231-gaming-monitor","status":"publish","type":"product","link":"https:\/\/alarmplus.mk\/mk\/product\/dahua-dahua-27-fullhd-ips-165hz-lm27-e231-gaming-monitor\/","title":{"rendered":"Dahua 27&#8243; FullHD IPS 165hz LM27-E231 Gaming Monitor"},"content":{"rendered":"<table style=\"width: 100%;border-collapse: collapse;font-family: Arial, sans-serif;border: 1px solid #ccc\"><!-- TABLE TITLE --><\/p>\n<tbody>\n<tr style=\"background-color: #f2f2f2\">\n<th style=\"padding: 8px;text-align: left;border: 1px solid #ccc\" colspan=\"2\">DAHUA 27&#8243; FullHD IPS 165Hz LM27-E231 Gaming Monitor \u2013 Specifications<\/th>\n<\/tr>\n<p><!-- General --><\/p>\n<tr style=\"background-color: #e8f4ff\">\n<th style=\"padding: 8px;text-align: left;border: 1px solid #ccc\" colspan=\"2\">General<\/th>\n<\/tr>\n<tr>\n<td style=\"padding: 8px;border: 1px solid #ccc\">Model<\/td>\n<td style=\"padding: 8px;border: 1px solid #ccc\">DHI-LM27-E231<\/td>\n<\/tr>\n<tr>\n<td style=\"padding: 8px;border: 1px solid #ccc\">Power Supply<\/td>\n<td style=\"padding: 8px;border: 1px solid #ccc\">DC 12V 4A<\/td>\n<\/tr>\n<tr>\n<td style=\"padding: 8px;border: 1px solid #ccc\">Power Type<\/td>\n<td style=\"padding: 8px;border: 1px solid #ccc\">Adapter<\/td>\n<\/tr>\n<tr>\n<td style=\"padding: 8px;border: 1px solid #ccc\">Consumption (Standard)<\/td>\n<td style=\"padding: 8px;border: 1px solid #ccc\">TYP. 30W, MAX. 45 W<\/td>\n<\/tr>\n<tr>\n<td style=\"padding: 8px;border: 1px solid #ccc\">Consumption (Standby)<\/td>\n<td style=\"padding: 8px;border: 1px solid #ccc\">&lt;0.5W<\/td>\n<\/tr>\n<tr>\n<td style=\"padding: 8px;border: 1px solid #ccc\">Net Weight<\/td>\n<td style=\"padding: 8px;border: 1px solid #ccc\">5.0kg<\/td>\n<\/tr>\n<tr>\n<td style=\"padding: 8px;border: 1px solid #ccc\">Gross Weight<\/td>\n<td style=\"padding: 8px;border: 1px solid #ccc\">6.9kg<\/td>\n<\/tr>\n<p><!-- Display --><\/p>\n<tr style=\"background-color: #e8f4ff\">\n<th style=\"padding: 8px;text-align: left;border: 1px solid #ccc\" colspan=\"2\">Display<\/th>\n<\/tr>\n<tr>\n<td style=\"padding: 8px;border: 1px solid #ccc\">Screen Size<\/td>\n<td style=\"padding: 8px;border: 1px solid #ccc\">27&#8243;<\/td>\n<\/tr>\n<tr>\n<td style=\"padding: 8px;border: 1px solid #ccc\">Panel Type<\/td>\n<td style=\"padding: 8px;border: 1px solid #ccc\">IPS<\/td>\n<\/tr>\n<tr>\n<td style=\"padding: 8px;border: 1px solid #ccc\">Aspect Ratio<\/td>\n<td style=\"padding: 8px;border: 1px solid #ccc\">16:9<\/td>\n<\/tr>\n<tr>\n<td style=\"padding: 8px;border: 1px solid #ccc\">Resolution<\/td>\n<td style=\"padding: 8px;border: 1px solid #ccc\">1920\u00d71080<\/td>\n<\/tr>\n<tr>\n<td style=\"padding: 8px;border: 1px solid #ccc\">Backlight<\/td>\n<td style=\"padding: 8px;border: 1px solid #ccc\">E-LED<\/td>\n<\/tr>\n<tr>\n<td style=\"padding: 8px;border: 1px solid #ccc\">Brightness \/ Luminance<\/td>\n<td style=\"padding: 8px;border: 1px solid #ccc\">320 nits (typ)<\/td>\n<\/tr>\n<tr>\n<td style=\"padding: 8px;border: 1px solid #ccc\">Contrast Ratio<\/td>\n<td style=\"padding: 8px;border: 1px solid #ccc\">1000:1<\/td>\n<\/tr>\n<tr>\n<td style=\"padding: 8px;border: 1px solid #ccc\">Color Support<\/td>\n<td style=\"padding: 8px;border: 1px solid #ccc\">100% sRGB, 85% NTSC, 90% DCI-P3, 83% Adobe RGB<\/td>\n<\/tr>\n<tr>\n<td style=\"padding: 8px;border: 1px solid #ccc\">Viewing Angle (H\/V)<\/td>\n<td style=\"padding: 8px;border: 1px solid #ccc\">178\u00b0 \/ 178\u00b0<\/td>\n<\/tr>\n<tr>\n<td style=\"padding: 8px;border: 1px solid #ccc\">Response Time<\/td>\n<td style=\"padding: 8px;border: 1px solid #ccc\">1ms (OD) &#8211; Fast IPS<\/td>\n<\/tr>\n<tr>\n<td style=\"padding: 8px;border: 1px solid #ccc\">Refresh Rate<\/td>\n<td style=\"padding: 8px;border: 1px solid #ccc\">165Hz<\/td>\n<\/tr>\n<p><!-- Signals --><\/p>\n<tr style=\"background-color: #e8f4ff\">\n<th style=\"padding: 8px;text-align: left;border: 1px solid #ccc\" colspan=\"2\">Signals<\/th>\n<\/tr>\n<tr>\n<td style=\"padding: 8px;border: 1px solid #ccc\">Interface<\/td>\n<td style=\"padding: 8px;border: 1px solid #ccc\">DP1.2 \u00d71, HDMI 1.4 \u00d72, Audio out \u00d71<\/td>\n<\/tr>\n<p><!-- Work Environment --><\/p>\n<tr style=\"background-color: #e8f4ff\">\n<th style=\"padding: 8px;text-align: left;border: 1px solid #ccc\" colspan=\"2\">Work Environment<\/th>\n<\/tr>\n<tr>\n<td style=\"padding: 8px;border: 1px solid #ccc\">Temperature<\/td>\n<td style=\"padding: 8px;border: 1px solid #ccc\">0\u00b0 ~ 40\u00b0 (32\u00b0F ~ 104\u00b0F)<\/td>\n<\/tr>\n<tr>\n<td style=\"padding: 8px;border: 1px solid #ccc\">Humidity<\/td>\n<td style=\"padding: 8px;border: 1px solid #ccc\">10% ~ 85%<\/td>\n<\/tr>\n<p><!-- Mount &amp; Dimensions --><\/p>\n<tr style=\"background-color: #e8f4ff\">\n<th style=\"padding: 8px;text-align: left;border: 1px solid #ccc\" colspan=\"2\">Mount &amp; Dimensions<\/th>\n<\/tr>\n<tr>\n<td style=\"padding: 8px;border: 1px solid #ccc\">Tilt Angles<\/td>\n<td style=\"padding: 8px;border: 1px solid #ccc\">-5\u00b0 \u00b12\u00b0 \/ 15\u00b0 \u00b12\u00b0<\/td>\n<\/tr>\n<tr>\n<td style=\"padding: 8px;border: 1px solid #ccc\">VESA<\/td>\n<td style=\"padding: 8px;border: 1px solid #ccc\">75 \u00d7 75 mm<\/td>\n<\/tr>\n<tr>\n<td style=\"padding: 8px;border: 1px solid #ccc\">Dimension (W \u00d7 H \u00d7 D)<\/td>\n<td style=\"padding: 8px;border: 1px solid #ccc\">618 \u00d7 365.5 \u00d7 63.7 mm (without stand)<\/td>\n<\/tr>\n<tr>\n<td style=\"padding: 8px;border: 1px solid #ccc\">Package (W \u00d7 H \u00d7 D)<\/td>\n<td style=\"padding: 8px;border: 1px solid #ccc\">700 \u00d7 453 \u00d7 147 mm<\/td>\n<\/tr>\n<p><!-- Accessory --><\/p>\n<tr style=\"background-color: #e8f4ff\">\n<th style=\"padding: 8px;text-align: left;border: 1px solid #ccc\" colspan=\"2\">Accessory<\/th>\n<\/tr>\n<tr>\n<td style=\"padding: 8px;border: 1px solid #ccc\">Standard<\/td>\n<td style=\"padding: 8px;border: 1px solid #ccc\">DP cable, Adapter, Power cable, Stand, Base<\/td>\n<\/tr>\n<\/tbody>\n<\/table>\n","protected":false},"excerpt":{"rendered":"<p>Dahua 27&#8243; FullHD IPS 165hz LM27-E231 Gaming Monitor<\/p>\n<p>Dahua LM27-E231 \u0435 27-\u0438\u043d\u0447\u0435\u043d FullHD IPS \u0433\u0435\u0458\u043c\u0438\u043d\u0433 \u043c\u043e\u043d\u0438\u0442\u043e\u0440 \u0434\u0438\u0437\u0430\u0458\u043d\u0438\u0440\u0430\u043d \u0437\u0430 \u043c\u0430\u043a\u0441\u0438\u043c\u0430\u043b\u043d\u0438 \u043f\u0435\u0440\u0444\u043e\u0440\u043c\u0430\u043d\u0441\u0438 \u0438 \u0438\u043c\u043f\u0440\u0435\u0441\u0438\u0432\u043d\u043e \u0432\u0438\u0437\u0443\u0435\u043b\u043d\u043e \u0438\u0441\u043a\u0443\u0441\u0442\u0432\u043e. \u0421\u043e \u0431\u0440\u0437\u0438\u043d\u0430 \u043d\u0430 \u043e\u0441\u0432\u0435\u0436\u0443\u0432\u0430\u045a\u0435 \u043e\u0434 165Hz \u0438 \u0432\u0440\u0435\u043c\u0435 \u043d\u0430 \u043e\u0434\u0433\u043e\u0432\u043e\u0440 \u043e\u0434 1ms (OD Fast IPS), \u0441\u0435\u043a\u043e\u0458\u0430 \u0430\u043a\u0446\u0438\u0458\u0430 \u0438 \u0434\u0432\u0438\u0436\u0435\u045a\u0435 \u0441\u0435 \u043f\u0440\u0438\u043a\u0430\u0436\u0443\u0432\u0430\u0430\u0442 \u043c\u0430\u0437\u043d\u043e \u0438 \u043f\u0440\u0435\u0446\u0438\u0437\u043d\u043e, \u0438\u0434\u0435\u0430\u043b\u043d\u043e \u0437\u0430 \u0433\u0435\u0458\u043c\u0435\u0440\u0438 \u0438 \u043f\u0440\u043e\u0444\u0435\u0441\u0438\u043e\u043d\u0430\u043b\u043d\u0438 \u043a\u043e\u0440\u0438\u0441\u043d\u0438\u0446\u0438.<\/p>\n<p>\u041c\u043e\u043d\u0438\u0442\u043e\u0440\u043e\u0442 \u043d\u0443\u0434\u0438 \u0436\u0438\u0432\u043e\u043f\u0438\u0441\u043d\u0438 \u0431\u043e\u0438 \u0441\u043e 100% sRGB, 85% NTSC, 90% DCI-P3 \u0438 83% Adobe RGB, \u0430 \u0448\u0438\u0440\u043e\u043a\u0438\u043e\u0442 \u0430\u0433\u043e\u043b \u043d\u0430 \u0433\u043b\u0435\u0434\u0430\u045a\u0435 \u043e\u0434 178\u00b0 \u043e\u0432\u043e\u0437\u043c\u043e\u0436\u0443\u0432\u0430 \u0458\u0430\u0441\u0435\u043d \u043f\u0440\u0438\u043a\u0430\u0437 \u043e\u0434 \u0441\u0435\u043a\u043e\u0458 \u0430\u0433\u043e\u043b. \u0415\u043a\u0440\u0430\u043d \u0441\u043e LED \u0437\u0430\u0434\u043d\u043e \u043e\u0441\u0432\u0435\u0442\u043b\u0443\u0432\u0430\u045a\u0435 \u0438 \u0432\u0438\u0441\u043e\u043a\u0430 \u043e\u0441\u0432\u0435\u0442\u043b\u0435\u043d\u043e\u0441\u0442 \u0434\u043e 320 nits \u0433\u0430\u0440\u0430\u043d\u0442\u0438\u0440\u0430 \u043e\u0441\u0442\u0440\u0438 \u0438 \u0440\u0435\u0430\u043b\u0438\u0441\u0442\u0438\u0447\u043d\u0438 \u0441\u043b\u0438\u043a\u0438.<\/p>\n<p>LM27-E231 \u043f\u043e\u0434\u0434\u0440\u0436\u0443\u0432\u0430 DisplayPort \u0438 HDMI \u0438\u043d\u0442\u0435\u0440\u0444\u0435\u0458\u0441\u0438, \u0430 \u0438\u043d\u0442\u0435\u0433\u0440\u0438\u0440\u0430\u043d\u0430\u0442\u0430 \u0430\u0443\u0434\u0438\u043e \u0438\u0437\u043b\u0435\u0437\u043d\u0430 \u043f\u043e\u0440\u0442\u0430 \u043e\u0432\u043e\u0437\u043c\u043e\u0436\u0443\u0432\u0430 \u043b\u0435\u0441\u043d\u043e \u043f\u043e\u0432\u0440\u0437\u0443\u0432\u0430\u045a\u0435 \u0441\u043e \u0437\u0432\u0443\u0447\u043d\u0438\u0446\u0438 \u0438\u043b\u0438 \u0441\u043b\u0443\u0448\u0430\u043b\u043a\u0438. \u0421\u043e \u043c\u043e\u0434\u0435\u0440\u0435\u043d \u0438 \u0440\u043e\u0431\u0443\u0441\u0442\u0435\u043d \u0434\u0438\u0437\u0430\u0458\u043d, VESA 75\u00d775mm \u043c\u043e\u043d\u0442\u0430\u0436\u0430 \u0438 \u0448\u0438\u0440\u043e\u043a \u0441\u043f\u0435\u043a\u0442\u0430\u0440 \u043d\u0430 \u0440\u0430\u0431\u043e\u0442\u043d\u0438 \u0442\u0435\u043c\u043f\u0435\u0440\u0430\u0442\u0443\u0440\u0438, \u043e\u0432\u043e\u0458 \u043c\u043e\u043d\u0438\u0442\u043e\u0440 \u0435 \u043e\u0434\u043b\u0438\u0447\u0435\u043d \u0438\u0437\u0431\u043e\u0440 \u0437\u0430 \u0441\u0435\u043a\u043e\u0458\u0434\u043d\u0435\u0432\u043d\u043e \u0438 \u0438\u043d\u0442\u0435\u043d\u0437\u0438\u0432\u043d\u043e \u0433\u0435\u0458\u043c\u0438\u043d\u0433 \u0438\u0441\u043a\u0443\u0441\u0442\u0432\u043e.<\/p>\n<p>\u0413\u0430\u0440\u0430\u043d\u0446\u0438\u0458\u0430 24 \u043c\u0435\u0441\u0435\u0446\u0438<\/p>\n","protected":false},"featured_media":7347,"comment_status":"open","ping_status":"closed","template":"","meta":{"_acf_changed":false},"product_brand":[225],"product_cat":[451],"product_tag":[],"class_list":{"0":"post-7346","1":"product","2":"type-product","3":"status-publish","4":"has-post-thumbnail","6":"product_brand-dahua","7":"product_cat-gaming-monitors","9":"first","10":"instock","11":"taxable","12":"shipping-taxable","13":"purchasable","14":"product-type-simple"},"acf":[],"yoast_head":"<!-- This site is optimized with the Yoast SEO plugin v27.3 - https:\/\/yoast.com\/product\/yoast-seo-wordpress\/ -->\n<title>DAHUA LM27-E231 Gaming Monitor full hd IPS 165Hz LM27-E231<\/title>\n<meta name=\"description\" content=\"DAHUA 27&quot; FullHD IPS 165Hz LM27-E231 Gaming Monitor, featuring 1ms response time, wide viewing angles, and vivid color support.\" \/>\n<meta name=\"robots\" content=\"index, follow, max-snippet:-1, max-image-preview:large, max-video-preview:-1\" \/>\n<link rel=\"canonical\" href=\"https:\/\/alarmplus.mk\/mk\/product\/dahua-dahua-27-fullhd-ips-165hz-lm27-e231-gaming-monitor\/\" \/>\n<meta property=\"og:locale\" content=\"mk_MK\" \/>\n<meta property=\"og:type\" content=\"article\" \/>\n<meta property=\"og:title\" content=\"DAHUA LM27-E231 Gaming Monitor full hd IPS 165Hz LM27-E231\" \/>\n<meta property=\"og:description\" content=\"DAHUA 27&quot; FullHD IPS 165Hz LM27-E231 Gaming Monitor, featuring 1ms response time, wide viewing angles, and vivid color support.\" \/>\n<meta property=\"og:url\" content=\"https:\/\/alarmplus.mk\/mk\/product\/dahua-dahua-27-fullhd-ips-165hz-lm27-e231-gaming-monitor\/\" \/>\n<meta property=\"og:site_name\" content=\"alarmplus.mk\" \/>\n<meta property=\"article:publisher\" content=\"https:\/\/www.facebook.com\/alarmplus.mk\" \/>\n<meta property=\"article:modified_time\" content=\"2026-01-21T17:04:50+00:00\" \/>\n<meta property=\"og:image\" content=\"https:\/\/alarmplus.mk\/wp-content\/uploads\/2025\/10\/dahua-1-FullHD-IPS-165hz-LM27-E231-Gaming-Monitor.webp\" \/>\n\t<meta property=\"og:image:width\" content=\"800\" \/>\n\t<meta property=\"og:image:height\" content=\"800\" \/>\n\t<meta property=\"og:image:type\" content=\"image\/webp\" \/>\n<meta name=\"twitter:card\" content=\"summary_large_image\" \/>\n<meta name=\"twitter:label1\" content=\"Est. reading time\" \/>\n\t<meta name=\"twitter:data1\" content=\"1 \u043c\u0438\u043d\u0443\u0442\u0430\" \/>\n<script type=\"application\/ld+json\" class=\"yoast-schema-graph\">{\"@context\":\"https:\\\/\\\/schema.org\",\"@graph\":[{\"@type\":\"WebPage\",\"@id\":\"https:\\\/\\\/alarmplus.mk\\\/mk\\\/product\\\/dahua-dahua-27-fullhd-ips-165hz-lm27-e231-gaming-monitor\\\/\",\"url\":\"https:\\\/\\\/alarmplus.mk\\\/mk\\\/product\\\/dahua-dahua-27-fullhd-ips-165hz-lm27-e231-gaming-monitor\\\/\",\"name\":\"DAHUA LM27-E231 Gaming Monitor full hd IPS 165Hz LM27-E231\",\"isPartOf\":{\"@id\":\"https:\\\/\\\/alarmplus.mk\\\/mk\\\/#website\"},\"primaryImageOfPage\":{\"@id\":\"https:\\\/\\\/alarmplus.mk\\\/mk\\\/product\\\/dahua-dahua-27-fullhd-ips-165hz-lm27-e231-gaming-monitor\\\/#primaryimage\"},\"image\":{\"@id\":\"https:\\\/\\\/alarmplus.mk\\\/mk\\\/product\\\/dahua-dahua-27-fullhd-ips-165hz-lm27-e231-gaming-monitor\\\/#primaryimage\"},\"thumbnailUrl\":\"https:\\\/\\\/alarmplus.mk\\\/wp-content\\\/uploads\\\/2025\\\/10\\\/dahua-1-FullHD-IPS-165hz-LM27-E231-Gaming-Monitor.webp\",\"datePublished\":\"2025-10-07T01:06:35+00:00\",\"dateModified\":\"2026-01-21T17:04:50+00:00\",\"description\":\"DAHUA 27\\\" FullHD IPS 165Hz LM27-E231 Gaming Monitor, featuring 1ms response time, wide viewing angles, and vivid color support.\",\"breadcrumb\":{\"@id\":\"https:\\\/\\\/alarmplus.mk\\\/mk\\\/product\\\/dahua-dahua-27-fullhd-ips-165hz-lm27-e231-gaming-monitor\\\/#breadcrumb\"},\"inLanguage\":\"mk-MK\",\"potentialAction\":[{\"@type\":\"ReadAction\",\"target\":[\"https:\\\/\\\/alarmplus.mk\\\/mk\\\/product\\\/dahua-dahua-27-fullhd-ips-165hz-lm27-e231-gaming-monitor\\\/\"]}]},{\"@type\":\"ImageObject\",\"inLanguage\":\"mk-MK\",\"@id\":\"https:\\\/\\\/alarmplus.mk\\\/mk\\\/product\\\/dahua-dahua-27-fullhd-ips-165hz-lm27-e231-gaming-monitor\\\/#primaryimage\",\"url\":\"https:\\\/\\\/alarmplus.mk\\\/wp-content\\\/uploads\\\/2025\\\/10\\\/dahua-1-FullHD-IPS-165hz-LM27-E231-Gaming-Monitor.webp\",\"contentUrl\":\"https:\\\/\\\/alarmplus.mk\\\/wp-content\\\/uploads\\\/2025\\\/10\\\/dahua-1-FullHD-IPS-165hz-LM27-E231-Gaming-Monitor.webp\",\"width\":800,\"height\":800,\"caption\":\"DAHUA 27-inch FullHD IPS 165Hz LM27-E231 Gaming Monitor with 1ms response and wide color gamut front view\"},{\"@type\":\"BreadcrumbList\",\"@id\":\"https:\\\/\\\/alarmplus.mk\\\/mk\\\/product\\\/dahua-dahua-27-fullhd-ips-165hz-lm27-e231-gaming-monitor\\\/#breadcrumb\",\"itemListElement\":[{\"@type\":\"ListItem\",\"position\":1,\"name\":\"Home\",\"item\":\"https:\\\/\\\/alarmplus.mk\\\/mk\\\/\"},{\"@type\":\"ListItem\",\"position\":2,\"name\":\"\u041f\u0440\u043e\u0434\u0430\u0432\u043d\u0438\u0446\u0430\",\"item\":\"https:\\\/\\\/alarmplus.mk\\\/mk\\\/shop\\\/\"},{\"@type\":\"ListItem\",\"position\":3,\"name\":\"Dahua 27&#8243; FullHD IPS 165hz LM27-E231 Gaming Monitor\"}]},{\"@type\":\"WebSite\",\"@id\":\"https:\\\/\\\/alarmplus.mk\\\/mk\\\/#website\",\"url\":\"https:\\\/\\\/alarmplus.mk\\\/mk\\\/\",\"name\":\"alarmplus.mk\",\"description\":\"Best Security Cameras and Alarms\",\"publisher\":{\"@id\":\"https:\\\/\\\/alarmplus.mk\\\/mk\\\/#organization\"},\"alternateName\":\"Alarm Plus\",\"potentialAction\":[{\"@type\":\"SearchAction\",\"target\":{\"@type\":\"EntryPoint\",\"urlTemplate\":\"https:\\\/\\\/alarmplus.mk\\\/mk\\\/?s={search_term_string}\"},\"query-input\":{\"@type\":\"PropertyValueSpecification\",\"valueRequired\":true,\"valueName\":\"search_term_string\"}}],\"inLanguage\":\"mk-MK\"},{\"@type\":\"Organization\",\"@id\":\"https:\\\/\\\/alarmplus.mk\\\/mk\\\/#organization\",\"name\":\"alarmplus.mk\",\"alternateName\":\"Alarm Plus Home & Business Security Solutions\",\"url\":\"https:\\\/\\\/alarmplus.mk\\\/mk\\\/\",\"logo\":{\"@type\":\"ImageObject\",\"inLanguage\":\"mk-MK\",\"@id\":\"https:\\\/\\\/alarmplus.mk\\\/mk\\\/#\\\/schema\\\/logo\\\/image\\\/\",\"url\":\"https:\\\/\\\/alarmplus.mk\\\/wp-content\\\/uploads\\\/2025\\\/05\\\/alarmplus.mk5_-e1747004561767.png\",\"contentUrl\":\"https:\\\/\\\/alarmplus.mk\\\/wp-content\\\/uploads\\\/2025\\\/05\\\/alarmplus.mk5_-e1747004561767.png\",\"width\":477,\"height\":114,\"caption\":\"alarmplus.mk\"},\"image\":{\"@id\":\"https:\\\/\\\/alarmplus.mk\\\/mk\\\/#\\\/schema\\\/logo\\\/image\\\/\"},\"sameAs\":[\"https:\\\/\\\/www.facebook.com\\\/alarmplus.mk\",\"https:\\\/\\\/www.instagram.com\\\/alarmplusmk\"]}]}<\/script>\n<!-- \/ Yoast SEO plugin. -->","yoast_head_json":{"title":"DAHUA LM27-E231 Gaming Monitor full hd IPS 165Hz LM27-E231","description":"DAHUA 27\" FullHD IPS 165Hz LM27-E231 Gaming Monitor, featuring 1ms response time, wide viewing angles, and vivid color support.","robots":{"index":"index","follow":"follow","max-snippet":"max-snippet:-1","max-image-preview":"max-image-preview:large","max-video-preview":"max-video-preview:-1"},"canonical":"https:\/\/alarmplus.mk\/mk\/product\/dahua-dahua-27-fullhd-ips-165hz-lm27-e231-gaming-monitor\/","og_locale":"mk_MK","og_type":"article","og_title":"DAHUA LM27-E231 Gaming Monitor full hd IPS 165Hz LM27-E231","og_description":"DAHUA 27\" FullHD IPS 165Hz LM27-E231 Gaming Monitor, featuring 1ms response time, wide viewing angles, and vivid color support.","og_url":"https:\/\/alarmplus.mk\/mk\/product\/dahua-dahua-27-fullhd-ips-165hz-lm27-e231-gaming-monitor\/","og_site_name":"alarmplus.mk","article_publisher":"https:\/\/www.facebook.com\/alarmplus.mk","article_modified_time":"2026-01-21T17:04:50+00:00","og_image":[{"width":800,"height":800,"url":"https:\/\/alarmplus.mk\/wp-content\/uploads\/2025\/10\/dahua-1-FullHD-IPS-165hz-LM27-E231-Gaming-Monitor.webp","type":"image\/webp"}],"twitter_card":"summary_large_image","twitter_misc":{"Est. reading time":"1 \u043c\u0438\u043d\u0443\u0442\u0430"},"schema":{"@context":"https:\/\/schema.org","@graph":[{"@type":"WebPage","@id":"https:\/\/alarmplus.mk\/mk\/product\/dahua-dahua-27-fullhd-ips-165hz-lm27-e231-gaming-monitor\/","url":"https:\/\/alarmplus.mk\/mk\/product\/dahua-dahua-27-fullhd-ips-165hz-lm27-e231-gaming-monitor\/","name":"DAHUA LM27-E231 Gaming Monitor full hd IPS 165Hz LM27-E231","isPartOf":{"@id":"https:\/\/alarmplus.mk\/mk\/#website"},"primaryImageOfPage":{"@id":"https:\/\/alarmplus.mk\/mk\/product\/dahua-dahua-27-fullhd-ips-165hz-lm27-e231-gaming-monitor\/#primaryimage"},"image":{"@id":"https:\/\/alarmplus.mk\/mk\/product\/dahua-dahua-27-fullhd-ips-165hz-lm27-e231-gaming-monitor\/#primaryimage"},"thumbnailUrl":"https:\/\/alarmplus.mk\/wp-content\/uploads\/2025\/10\/dahua-1-FullHD-IPS-165hz-LM27-E231-Gaming-Monitor.webp","datePublished":"2025-10-07T01:06:35+00:00","dateModified":"2026-01-21T17:04:50+00:00","description":"DAHUA 27\" FullHD IPS 165Hz LM27-E231 Gaming Monitor, featuring 1ms response time, wide viewing angles, and vivid color support.","breadcrumb":{"@id":"https:\/\/alarmplus.mk\/mk\/product\/dahua-dahua-27-fullhd-ips-165hz-lm27-e231-gaming-monitor\/#breadcrumb"},"inLanguage":"mk-MK","potentialAction":[{"@type":"ReadAction","target":["https:\/\/alarmplus.mk\/mk\/product\/dahua-dahua-27-fullhd-ips-165hz-lm27-e231-gaming-monitor\/"]}]},{"@type":"ImageObject","inLanguage":"mk-MK","@id":"https:\/\/alarmplus.mk\/mk\/product\/dahua-dahua-27-fullhd-ips-165hz-lm27-e231-gaming-monitor\/#primaryimage","url":"https:\/\/alarmplus.mk\/wp-content\/uploads\/2025\/10\/dahua-1-FullHD-IPS-165hz-LM27-E231-Gaming-Monitor.webp","contentUrl":"https:\/\/alarmplus.mk\/wp-content\/uploads\/2025\/10\/dahua-1-FullHD-IPS-165hz-LM27-E231-Gaming-Monitor.webp","width":800,"height":800,"caption":"DAHUA 27-inch FullHD IPS 165Hz LM27-E231 Gaming Monitor with 1ms response and wide color gamut front view"},{"@type":"BreadcrumbList","@id":"https:\/\/alarmplus.mk\/mk\/product\/dahua-dahua-27-fullhd-ips-165hz-lm27-e231-gaming-monitor\/#breadcrumb","itemListElement":[{"@type":"ListItem","position":1,"name":"Home","item":"https:\/\/alarmplus.mk\/mk\/"},{"@type":"ListItem","position":2,"name":"\u041f\u0440\u043e\u0434\u0430\u0432\u043d\u0438\u0446\u0430","item":"https:\/\/alarmplus.mk\/mk\/shop\/"},{"@type":"ListItem","position":3,"name":"Dahua 27&#8243; FullHD IPS 165hz LM27-E231 Gaming Monitor"}]},{"@type":"WebSite","@id":"https:\/\/alarmplus.mk\/mk\/#website","url":"https:\/\/alarmplus.mk\/mk\/","name":"alarmplus.mk","description":"Best Security Cameras and Alarms","publisher":{"@id":"https:\/\/alarmplus.mk\/mk\/#organization"},"alternateName":"Alarm Plus","potentialAction":[{"@type":"SearchAction","target":{"@type":"EntryPoint","urlTemplate":"https:\/\/alarmplus.mk\/mk\/?s={search_term_string}"},"query-input":{"@type":"PropertyValueSpecification","valueRequired":true,"valueName":"search_term_string"}}],"inLanguage":"mk-MK"},{"@type":"Organization","@id":"https:\/\/alarmplus.mk\/mk\/#organization","name":"alarmplus.mk","alternateName":"Alarm Plus Home & Business Security Solutions","url":"https:\/\/alarmplus.mk\/mk\/","logo":{"@type":"ImageObject","inLanguage":"mk-MK","@id":"https:\/\/alarmplus.mk\/mk\/#\/schema\/logo\/image\/","url":"https:\/\/alarmplus.mk\/wp-content\/uploads\/2025\/05\/alarmplus.mk5_-e1747004561767.png","contentUrl":"https:\/\/alarmplus.mk\/wp-content\/uploads\/2025\/05\/alarmplus.mk5_-e1747004561767.png","width":477,"height":114,"caption":"alarmplus.mk"},"image":{"@id":"https:\/\/alarmplus.mk\/mk\/#\/schema\/logo\/image\/"},"sameAs":["https:\/\/www.facebook.com\/alarmplus.mk","https:\/\/www.instagram.com\/alarmplusmk"]}]}},"jetpack_sharing_enabled":true,"_links":{"self":[{"href":"https:\/\/alarmplus.mk\/mk\/wp-json\/wp\/v2\/product\/7346","targetHints":{"allow":["GET"]}}],"collection":[{"href":"https:\/\/alarmplus.mk\/mk\/wp-json\/wp\/v2\/product"}],"about":[{"href":"https:\/\/alarmplus.mk\/mk\/wp-json\/wp\/v2\/types\/product"}],"replies":[{"embeddable":true,"href":"https:\/\/alarmplus.mk\/mk\/wp-json\/wp\/v2\/comments?post=7346"}],"wp:featuredmedia":[{"embeddable":true,"href":"https:\/\/alarmplus.mk\/mk\/wp-json\/wp\/v2\/media\/7347"}],"wp:attachment":[{"href":"https:\/\/alarmplus.mk\/mk\/wp-json\/wp\/v2\/media?parent=7346"}],"wp:term":[{"taxonomy":"product_brand","embeddable":true,"href":"https:\/\/alarmplus.mk\/mk\/wp-json\/wp\/v2\/product_brand?post=7346"},{"taxonomy":"product_cat","embeddable":true,"href":"https:\/\/alarmplus.mk\/mk\/wp-json\/wp\/v2\/product_cat?post=7346"},{"taxonomy":"product_tag","embeddable":true,"href":"https:\/\/alarmplus.mk\/mk\/wp-json\/wp\/v2\/product_tag?post=7346"}],"curies":[{"name":"wp","href":"https:\/\/api.w.org\/{rel}","templated":true}]}}