{"id":8030,"date":"2025-11-06T17:00:52","date_gmt":"2025-11-06T16:00:52","guid":{"rendered":"https:\/\/alarmplus.mk\/?post_type=product&#038;p=8030"},"modified":"2026-01-04T23:11:25","modified_gmt":"2026-01-04T22:11:25","slug":"msgw-a-v320-r5-5600x-16gb-1tb-rx6600-8g","status":"publish","type":"product","link":"https:\/\/alarmplus.mk\/mk\/product\/msgw-a-v320-r5-5600x-16gb-1tb-rx6600-8g\/","title":{"rendered":"MSGW A-V320 R5-5600X\/16GB\/1TB\/RX6600-8G"},"content":{"rendered":"<table style=\"border-collapse: collapse;width: 100%;font-family: Arial, sans-serif\" border=\"1\" cellspacing=\"0\" cellpadding=\"8\">\n<tbody>\n<tr>\n<th style=\"background-color: #f2f2f2;text-align: left\" colspan=\"2\">Desktop Computer Specifications<\/th>\n<\/tr>\n<tr>\n<td>Operating System<\/td>\n<td>Free DOS<\/td>\n<\/tr>\n<tr>\n<td>CPU Type<\/td>\n<td>AMD Ryzen\u2122 5<\/td>\n<\/tr>\n<tr>\n<td>CPU Brand<\/td>\n<td>Intel<\/td>\n<\/tr>\n<tr>\n<td>CPU Model<\/td>\n<td>5600X<\/td>\n<\/tr>\n<tr>\n<td>CPU Speed<\/td>\n<td>3.70 GHz<\/td>\n<\/tr>\n<tr>\n<td>L2 Cache<\/td>\n<td>3 MB<\/td>\n<\/tr>\n<tr>\n<td>L3 Cache<\/td>\n<td>32 MB<\/td>\n<\/tr>\n<tr>\n<td>Chipset<\/td>\n<td>AMD A520<\/td>\n<\/tr>\n<tr>\n<td>Socket<\/td>\n<td>1700<\/td>\n<\/tr>\n<tr>\n<td>Memory Amount<\/td>\n<td>1 \u00d7 16 GB<\/td>\n<\/tr>\n<tr>\n<td>Memory Type<\/td>\n<td>DDR5<\/td>\n<\/tr>\n<tr>\n<td>Memory Clock<\/td>\n<td>6000 MHz<\/td>\n<\/tr>\n<tr>\n<td>Number of Memory Slots<\/td>\n<td>2<\/td>\n<\/tr>\n<tr>\n<td>Maximum Memory Amount<\/td>\n<td>64 GB<\/td>\n<\/tr>\n<tr>\n<td>Graphics Card<\/td>\n<td>NVIDIA GeForce<\/td>\n<\/tr>\n<tr>\n<td>Graphics Card Model<\/td>\n<td>RX 6600 8GB GDDR6<\/td>\n<\/tr>\n<tr>\n<td>Disk Type<\/td>\n<td>M.2 PCIe<\/td>\n<\/tr>\n<tr>\n<td>Disk Size<\/td>\n<td>1000 GB<\/td>\n<\/tr>\n<tr>\n<td>Disk RPM<\/td>\n<td>N\/A<\/td>\n<\/tr>\n<tr>\n<td>Optical Drive<\/td>\n<td>None<\/td>\n<\/tr>\n<tr>\n<td>Sound Card<\/td>\n<td>8-channel<\/td>\n<\/tr>\n<tr>\n<td>Network Card Speed<\/td>\n<td>1 Gbit\/s<\/td>\n<\/tr>\n<tr>\n<td>WLAN Network<\/td>\n<td>No<\/td>\n<\/tr>\n<tr>\n<td>Expansion Slots<\/td>\n<td>1 \u00d7 PCIe 4.0 x16, 2 \u00d7 PCIe 3.0 x1<\/td>\n<\/tr>\n<tr>\n<td>Internal Connectors<\/td>\n<td>4 \u00d7 SATA III, 2 \u00d7 M.2 Sck 3 42\/60\/80 SATA &amp; PCIe<\/td>\n<\/tr>\n<tr>\n<td>Rear Panel<\/td>\n<td>1 \u00d7 PS\/2 mouse\/keyboard combo, 1 \u00d7 HDMI, 1 \u00d7 DisplayPort, 1 \u00d7 VGA, 1 \u00d7 RJ45, 1 \u00d7 USB 3.2 Gen 2 Type-C, 2 \u00d7 USB 2.0, 3 \u00d7 USB 3.2 Gen 1 Type-A, 3 \u00d7 Audio connector<\/td>\n<\/tr>\n<tr>\n<td>Front Panel<\/td>\n<td>2 \u00d7 USB 2.0, 1 \u00d7 USB 3.1 Gen 1<\/td>\n<\/tr>\n<tr>\n<td>Case<\/td>\n<td>Midi Tower size<\/td>\n<\/tr>\n<tr>\n<td>Power Supply<\/td>\n<td>650 W<\/td>\n<\/tr>\n<tr>\n<td>Device Bays 5.25&#8243; External<\/td>\n<td>0<\/td>\n<\/tr>\n<tr>\n<td>Device Bays 3.5&#8243; External<\/td>\n<td>0<\/td>\n<\/tr>\n<tr>\n<td>Device Bays 3.5&#8243; Internal<\/td>\n<td>3<\/td>\n<\/tr>\n<tr>\n<td>Device Bays 2.5&#8243; Internal<\/td>\n<td>3<\/td>\n<\/tr>\n<tr>\n<td>Mouse<\/td>\n<td>No<\/td>\n<\/tr>\n<tr>\n<td>Keyboard<\/td>\n<td>No<\/td>\n<\/tr>\n<tr>\n<td>Speakers<\/td>\n<td>No<\/td>\n<\/tr>\n<\/tbody>\n<\/table>\n","protected":false},"excerpt":{"rendered":"<p>MSGW A-V320 R5-5600X\/16GB\/1TB\/RX6600-8G<\/p>\n<p>MSGW \u0435 \u043c\u043e\u045c\u0435\u043d \u0438 \u0435\u043b\u0435\u0433\u0430\u043d\u0442\u0435\u043d \u0434\u0435\u0441\u043a\u0442\u043e\u043f \u043a\u043e\u043c\u043f\u0458\u0443\u0442\u0435\u0440 \u0434\u0438\u0437\u0430\u0458\u043d\u0438\u0440\u0430\u043d \u0437\u0430 \u0433\u0435\u0458\u043c\u0435\u0440\u0438, \u043a\u0440\u0435\u0430\u0442\u0438\u0432\u0446\u0438 \u0438 \u043f\u0440\u043e\u0444\u0435\u0441\u0438\u043e\u043d\u0430\u043b\u0446\u0438. \u0421\u043e AMD Ryzen\u2122 5 5600X \u043f\u0440\u043e\u0446\u0435\u0441\u043e\u0440 \u0438 16GB DDR5 RAM, \u043e\u0432\u043e\u0458 \u043a\u043e\u043c\u043f\u0458\u0443\u0442\u0435\u0440 \u043e\u0431\u0435\u0437\u0431\u0435\u0434\u0443\u0432\u0430 \u043d\u0435\u0432\u0435\u0440\u043e\u0458\u0430\u0442\u043d\u0430 \u0431\u0440\u0437\u0438\u043d\u0430 \u0438 \u0441\u0442\u0430\u0431\u0438\u043b\u043d\u043e\u0441\u0442 \u043f\u0440\u0438 \u0438\u0437\u0432\u0440\u0448\u0443\u0432\u0430\u045a\u0435 \u043d\u0430 \u0441\u0438\u0442\u0435 \u0437\u0430\u0434\u0430\u0447\u0438 \u2013 \u043e\u0434 \u0438\u043d\u0442\u0435\u043d\u0437\u0438\u0432\u0435\u043d \u0433\u0435\u0458\u043c\u0438\u043d\u0433 \u0434\u043e \u043c\u0443\u043b\u0442\u0438\u0442\u0430\u0441\u043a\u0438\u043d\u0433 \u0438 \u043f\u0440\u043e\u0434\u0443\u043a\u0442\u0438\u0432\u043d\u0438 \u0430\u043f\u043b\u0438\u043a\u0430\u0446\u0438\u0438.<\/p>\n<p>1TB M.2 PCIe SSD \u0434\u0438\u0441\u043a\u043e\u0442 \u043e\u0432\u043e\u0437\u043c\u043e\u0436\u0443\u0432\u0430 \u0441\u0443\u043f\u0435\u0440\u0431\u0440\u0437\u043e \u0432\u0447\u0438\u0442\u0443\u0432\u0430\u045a\u0435 \u043d\u0430 \u0438\u0433\u0440\u0438 \u0438 \u043f\u0440\u043e\u0433\u0440\u0430\u043c\u0438, \u0434\u043e\u0434\u0435\u043a\u0430 \u043c\u043e\u045c\u043d\u0430\u0442\u0430 NVIDIA GeForce RX 6600 8GB \u0433\u0440\u0430\u0444\u0438\u0447\u043a\u0430 \u043a\u0430\u0440\u0442\u0438\u0447\u043a\u0430 \u043d\u0443\u0434\u0438 \u0438\u043c\u043f\u0440\u0435\u0441\u0438\u0432\u043d\u0438 \u0432\u0438\u0437\u0443\u0435\u043b\u043d\u0438 \u0435\u0444\u0435\u043a\u0442\u0438 \u0438 \u0440\u0435\u0430\u043b\u0438\u0441\u0442\u0438\u0447\u043d\u0438 \u0434\u0435\u0442\u0430\u043b\u0438 \u0432\u043e \u0441\u0438\u0442\u0435 \u0432\u0430\u0448\u0438 \u0438\u0433\u0440\u0438 \u0438 \u043c\u0443\u043b\u0442\u0438\u043c\u0435\u0434\u0438\u0458\u0430\u043b\u043d\u0438 \u043f\u0440\u043e\u0435\u043a\u0442\u0438.<\/p>\n<p>\u0421\u043e \u043c\u043e\u0434\u0435\u0440\u043d\u0438\u043e\u0442 Midi Tower \u0434\u0438\u0437\u0430\u0458\u043d, \u0443\u0434\u043e\u0431\u0435\u043d \u0437\u0430 \u043d\u0430\u0434\u0433\u0440\u0430\u0434\u0431\u0438 \u0438 \u0441\u043e \u0441\u0438\u0442\u0435 \u043f\u043e\u0442\u0440\u0435\u0431\u043d\u0438 \u043f\u043e\u0440\u0442\u0438 \u0438 \u043a\u043e\u043d\u0435\u043a\u0442\u043e\u0440\u0438, MSGW Desktop \u0435 \u0438\u0434\u0435\u0430\u043b\u0435\u043d \u0438\u0437\u0431\u043e\u0440 \u0437\u0430 \u0441\u0435\u043a\u043e\u0458 \u0448\u0442\u043e \u0431\u0430\u0440\u0430 \u043a\u043e\u043c\u043f\u0458\u0443\u0442\u0435\u0440 \u043a\u043e\u0458 \u043a\u043e\u043c\u0431\u0438\u043d\u0438\u0440\u0430 \u043f\u0435\u0440\u0444\u043e\u0440\u043c\u0430\u043d\u0441\u0438, \u0441\u0442\u0438\u043b \u0438 \u0441\u0438\u0433\u0443\u0440\u043d\u043e\u0441\u0442.<\/p>\n<p>&nbsp;<\/p>\n<p data-start=\"560\" data-end=\"739\">3 \u0433\u043e\u0434\u0438\u043d\u0438 \u0433\u0430\u0440\u0430\u043d\u0446\u0438\u0458\u0430<\/p>\n","protected":false},"featured_media":8031,"comment_status":"open","ping_status":"closed","template":"","meta":{"_acf_changed":false},"product_brand":[610],"product_cat":[338],"product_tag":[],"class_list":{"0":"post-8030","1":"product","2":"type-product","3":"status-publish","4":"has-post-thumbnail","6":"product_brand-msgw","7":"product_cat-desktop-computers","9":"first","10":"outofstock","11":"sale","12":"taxable","13":"shipping-taxable","14":"purchasable","15":"product-type-simple"},"acf":[],"yoast_head":"<!-- This site is optimized with the Yoast SEO plugin v27.3 - https:\/\/yoast.com\/product\/yoast-seo-wordpress\/ -->\n<title>MSGW A-V320 R5-5600X\/16GB\/1TB\/RX6600-8G | alarmplus.mk<\/title>\n<meta name=\"description\" content=\"MSGW Desktop with AMD Ryzen\u2122 5 5600X, 16GB DDR5 RAM, 1TB M.2 PCIe SSD, and NVIDIA GeForce RX 6600 8GB for high-performance gaming and productivity.\" \/>\n<meta name=\"robots\" content=\"index, follow, max-snippet:-1, max-image-preview:large, max-video-preview:-1\" \/>\n<link rel=\"canonical\" href=\"https:\/\/alarmplus.mk\/mk\/product\/msgw-a-v320-r5-5600x-16gb-1tb-rx6600-8g\/\" \/>\n<meta property=\"og:locale\" content=\"mk_MK\" \/>\n<meta property=\"og:type\" content=\"article\" \/>\n<meta property=\"og:title\" content=\"MSGW A-V320 R5-5600X\/16GB\/1TB\/RX6600-8G | alarmplus.mk\" \/>\n<meta property=\"og:description\" content=\"MSGW Desktop with AMD Ryzen\u2122 5 5600X, 16GB DDR5 RAM, 1TB M.2 PCIe SSD, and NVIDIA GeForce RX 6600 8GB for high-performance gaming and productivity.\" \/>\n<meta property=\"og:url\" content=\"https:\/\/alarmplus.mk\/mk\/product\/msgw-a-v320-r5-5600x-16gb-1tb-rx6600-8g\/\" \/>\n<meta property=\"og:site_name\" content=\"alarmplus.mk\" \/>\n<meta property=\"article:publisher\" content=\"https:\/\/www.facebook.com\/alarmplus.mk\" \/>\n<meta property=\"article:modified_time\" content=\"2026-01-04T22:11:25+00:00\" \/>\n<meta property=\"og:image\" content=\"https:\/\/alarmplus.mk\/wp-content\/uploads\/2025\/11\/MSGW-A-V320-R5-5600X16GB1TBRX6600-8G.webp\" \/>\n\t<meta property=\"og:image:width\" content=\"800\" \/>\n\t<meta property=\"og:image:height\" content=\"800\" \/>\n\t<meta property=\"og:image:type\" content=\"image\/webp\" \/>\n<meta name=\"twitter:card\" content=\"summary_large_image\" \/>\n<meta name=\"twitter:label1\" content=\"Est. reading time\" \/>\n\t<meta name=\"twitter:data1\" content=\"2 \u043c\u0438\u043d\u0443\u0442\u0438\" \/>\n<script type=\"application\/ld+json\" class=\"yoast-schema-graph\">{\"@context\":\"https:\\\/\\\/schema.org\",\"@graph\":[{\"@type\":\"WebPage\",\"@id\":\"https:\\\/\\\/alarmplus.mk\\\/mk\\\/product\\\/msgw-a-v320-r5-5600x-16gb-1tb-rx6600-8g\\\/\",\"url\":\"https:\\\/\\\/alarmplus.mk\\\/mk\\\/product\\\/msgw-a-v320-r5-5600x-16gb-1tb-rx6600-8g\\\/\",\"name\":\"MSGW A-V320 R5-5600X\\\/16GB\\\/1TB\\\/RX6600-8G | alarmplus.mk\",\"isPartOf\":{\"@id\":\"https:\\\/\\\/alarmplus.mk\\\/mk\\\/#website\"},\"primaryImageOfPage\":{\"@id\":\"https:\\\/\\\/alarmplus.mk\\\/mk\\\/product\\\/msgw-a-v320-r5-5600x-16gb-1tb-rx6600-8g\\\/#primaryimage\"},\"image\":{\"@id\":\"https:\\\/\\\/alarmplus.mk\\\/mk\\\/product\\\/msgw-a-v320-r5-5600x-16gb-1tb-rx6600-8g\\\/#primaryimage\"},\"thumbnailUrl\":\"https:\\\/\\\/alarmplus.mk\\\/wp-content\\\/uploads\\\/2025\\\/11\\\/MSGW-A-V320-R5-5600X16GB1TBRX6600-8G.webp\",\"datePublished\":\"2025-11-06T16:00:52+00:00\",\"dateModified\":\"2026-01-04T22:11:25+00:00\",\"description\":\"MSGW Desktop with AMD Ryzen\u2122 5 5600X, 16GB DDR5 RAM, 1TB M.2 PCIe SSD, and NVIDIA GeForce RX 6600 8GB for high-performance gaming and productivity.\",\"breadcrumb\":{\"@id\":\"https:\\\/\\\/alarmplus.mk\\\/mk\\\/product\\\/msgw-a-v320-r5-5600x-16gb-1tb-rx6600-8g\\\/#breadcrumb\"},\"inLanguage\":\"mk-MK\",\"potentialAction\":[{\"@type\":\"ReadAction\",\"target\":[\"https:\\\/\\\/alarmplus.mk\\\/mk\\\/product\\\/msgw-a-v320-r5-5600x-16gb-1tb-rx6600-8g\\\/\"]}]},{\"@type\":\"ImageObject\",\"inLanguage\":\"mk-MK\",\"@id\":\"https:\\\/\\\/alarmplus.mk\\\/mk\\\/product\\\/msgw-a-v320-r5-5600x-16gb-1tb-rx6600-8g\\\/#primaryimage\",\"url\":\"https:\\\/\\\/alarmplus.mk\\\/wp-content\\\/uploads\\\/2025\\\/11\\\/MSGW-A-V320-R5-5600X16GB1TBRX6600-8G.webp\",\"contentUrl\":\"https:\\\/\\\/alarmplus.mk\\\/wp-content\\\/uploads\\\/2025\\\/11\\\/MSGW-A-V320-R5-5600X16GB1TBRX6600-8G.webp\",\"width\":800,\"height\":800},{\"@type\":\"BreadcrumbList\",\"@id\":\"https:\\\/\\\/alarmplus.mk\\\/mk\\\/product\\\/msgw-a-v320-r5-5600x-16gb-1tb-rx6600-8g\\\/#breadcrumb\",\"itemListElement\":[{\"@type\":\"ListItem\",\"position\":1,\"name\":\"Home\",\"item\":\"https:\\\/\\\/alarmplus.mk\\\/mk\\\/\"},{\"@type\":\"ListItem\",\"position\":2,\"name\":\"\u041f\u0440\u043e\u0434\u0430\u0432\u043d\u0438\u0446\u0430\",\"item\":\"https:\\\/\\\/alarmplus.mk\\\/mk\\\/shop\\\/\"},{\"@type\":\"ListItem\",\"position\":3,\"name\":\"MSGW A-V320 R5-5600X\\\/16GB\\\/1TB\\\/RX6600-8G\"}]},{\"@type\":\"WebSite\",\"@id\":\"https:\\\/\\\/alarmplus.mk\\\/mk\\\/#website\",\"url\":\"https:\\\/\\\/alarmplus.mk\\\/mk\\\/\",\"name\":\"alarmplus.mk\",\"description\":\"Best Security Cameras and Alarms\",\"publisher\":{\"@id\":\"https:\\\/\\\/alarmplus.mk\\\/mk\\\/#organization\"},\"alternateName\":\"Alarm Plus\",\"potentialAction\":[{\"@type\":\"SearchAction\",\"target\":{\"@type\":\"EntryPoint\",\"urlTemplate\":\"https:\\\/\\\/alarmplus.mk\\\/mk\\\/?s={search_term_string}\"},\"query-input\":{\"@type\":\"PropertyValueSpecification\",\"valueRequired\":true,\"valueName\":\"search_term_string\"}}],\"inLanguage\":\"mk-MK\"},{\"@type\":\"Organization\",\"@id\":\"https:\\\/\\\/alarmplus.mk\\\/mk\\\/#organization\",\"name\":\"alarmplus.mk\",\"alternateName\":\"Alarm Plus Home & Business Security Solutions\",\"url\":\"https:\\\/\\\/alarmplus.mk\\\/mk\\\/\",\"logo\":{\"@type\":\"ImageObject\",\"inLanguage\":\"mk-MK\",\"@id\":\"https:\\\/\\\/alarmplus.mk\\\/mk\\\/#\\\/schema\\\/logo\\\/image\\\/\",\"url\":\"https:\\\/\\\/alarmplus.mk\\\/wp-content\\\/uploads\\\/2025\\\/05\\\/alarmplus.mk5_-e1747004561767.png\",\"contentUrl\":\"https:\\\/\\\/alarmplus.mk\\\/wp-content\\\/uploads\\\/2025\\\/05\\\/alarmplus.mk5_-e1747004561767.png\",\"width\":477,\"height\":114,\"caption\":\"alarmplus.mk\"},\"image\":{\"@id\":\"https:\\\/\\\/alarmplus.mk\\\/mk\\\/#\\\/schema\\\/logo\\\/image\\\/\"},\"sameAs\":[\"https:\\\/\\\/www.facebook.com\\\/alarmplus.mk\",\"https:\\\/\\\/www.instagram.com\\\/alarmplusmk\"]}]}<\/script>\n<!-- \/ Yoast SEO plugin. -->","yoast_head_json":{"title":"MSGW A-V320 R5-5600X\/16GB\/1TB\/RX6600-8G | alarmplus.mk","description":"MSGW Desktop with AMD Ryzen\u2122 5 5600X, 16GB DDR5 RAM, 1TB M.2 PCIe SSD, and NVIDIA GeForce RX 6600 8GB for high-performance gaming and productivity.","robots":{"index":"index","follow":"follow","max-snippet":"max-snippet:-1","max-image-preview":"max-image-preview:large","max-video-preview":"max-video-preview:-1"},"canonical":"https:\/\/alarmplus.mk\/mk\/product\/msgw-a-v320-r5-5600x-16gb-1tb-rx6600-8g\/","og_locale":"mk_MK","og_type":"article","og_title":"MSGW A-V320 R5-5600X\/16GB\/1TB\/RX6600-8G | alarmplus.mk","og_description":"MSGW Desktop with AMD Ryzen\u2122 5 5600X, 16GB DDR5 RAM, 1TB M.2 PCIe SSD, and NVIDIA GeForce RX 6600 8GB for high-performance gaming and productivity.","og_url":"https:\/\/alarmplus.mk\/mk\/product\/msgw-a-v320-r5-5600x-16gb-1tb-rx6600-8g\/","og_site_name":"alarmplus.mk","article_publisher":"https:\/\/www.facebook.com\/alarmplus.mk","article_modified_time":"2026-01-04T22:11:25+00:00","og_image":[{"width":800,"height":800,"url":"https:\/\/alarmplus.mk\/wp-content\/uploads\/2025\/11\/MSGW-A-V320-R5-5600X16GB1TBRX6600-8G.webp","type":"image\/webp"}],"twitter_card":"summary_large_image","twitter_misc":{"Est. reading time":"2 \u043c\u0438\u043d\u0443\u0442\u0438"},"schema":{"@context":"https:\/\/schema.org","@graph":[{"@type":"WebPage","@id":"https:\/\/alarmplus.mk\/mk\/product\/msgw-a-v320-r5-5600x-16gb-1tb-rx6600-8g\/","url":"https:\/\/alarmplus.mk\/mk\/product\/msgw-a-v320-r5-5600x-16gb-1tb-rx6600-8g\/","name":"MSGW A-V320 R5-5600X\/16GB\/1TB\/RX6600-8G | alarmplus.mk","isPartOf":{"@id":"https:\/\/alarmplus.mk\/mk\/#website"},"primaryImageOfPage":{"@id":"https:\/\/alarmplus.mk\/mk\/product\/msgw-a-v320-r5-5600x-16gb-1tb-rx6600-8g\/#primaryimage"},"image":{"@id":"https:\/\/alarmplus.mk\/mk\/product\/msgw-a-v320-r5-5600x-16gb-1tb-rx6600-8g\/#primaryimage"},"thumbnailUrl":"https:\/\/alarmplus.mk\/wp-content\/uploads\/2025\/11\/MSGW-A-V320-R5-5600X16GB1TBRX6600-8G.webp","datePublished":"2025-11-06T16:00:52+00:00","dateModified":"2026-01-04T22:11:25+00:00","description":"MSGW Desktop with AMD Ryzen\u2122 5 5600X, 16GB DDR5 RAM, 1TB M.2 PCIe SSD, and NVIDIA GeForce RX 6600 8GB for high-performance gaming and productivity.","breadcrumb":{"@id":"https:\/\/alarmplus.mk\/mk\/product\/msgw-a-v320-r5-5600x-16gb-1tb-rx6600-8g\/#breadcrumb"},"inLanguage":"mk-MK","potentialAction":[{"@type":"ReadAction","target":["https:\/\/alarmplus.mk\/mk\/product\/msgw-a-v320-r5-5600x-16gb-1tb-rx6600-8g\/"]}]},{"@type":"ImageObject","inLanguage":"mk-MK","@id":"https:\/\/alarmplus.mk\/mk\/product\/msgw-a-v320-r5-5600x-16gb-1tb-rx6600-8g\/#primaryimage","url":"https:\/\/alarmplus.mk\/wp-content\/uploads\/2025\/11\/MSGW-A-V320-R5-5600X16GB1TBRX6600-8G.webp","contentUrl":"https:\/\/alarmplus.mk\/wp-content\/uploads\/2025\/11\/MSGW-A-V320-R5-5600X16GB1TBRX6600-8G.webp","width":800,"height":800},{"@type":"BreadcrumbList","@id":"https:\/\/alarmplus.mk\/mk\/product\/msgw-a-v320-r5-5600x-16gb-1tb-rx6600-8g\/#breadcrumb","itemListElement":[{"@type":"ListItem","position":1,"name":"Home","item":"https:\/\/alarmplus.mk\/mk\/"},{"@type":"ListItem","position":2,"name":"\u041f\u0440\u043e\u0434\u0430\u0432\u043d\u0438\u0446\u0430","item":"https:\/\/alarmplus.mk\/mk\/shop\/"},{"@type":"ListItem","position":3,"name":"MSGW A-V320 R5-5600X\/16GB\/1TB\/RX6600-8G"}]},{"@type":"WebSite","@id":"https:\/\/alarmplus.mk\/mk\/#website","url":"https:\/\/alarmplus.mk\/mk\/","name":"alarmplus.mk","description":"Best Security Cameras and Alarms","publisher":{"@id":"https:\/\/alarmplus.mk\/mk\/#organization"},"alternateName":"Alarm Plus","potentialAction":[{"@type":"SearchAction","target":{"@type":"EntryPoint","urlTemplate":"https:\/\/alarmplus.mk\/mk\/?s={search_term_string}"},"query-input":{"@type":"PropertyValueSpecification","valueRequired":true,"valueName":"search_term_string"}}],"inLanguage":"mk-MK"},{"@type":"Organization","@id":"https:\/\/alarmplus.mk\/mk\/#organization","name":"alarmplus.mk","alternateName":"Alarm Plus Home & Business Security Solutions","url":"https:\/\/alarmplus.mk\/mk\/","logo":{"@type":"ImageObject","inLanguage":"mk-MK","@id":"https:\/\/alarmplus.mk\/mk\/#\/schema\/logo\/image\/","url":"https:\/\/alarmplus.mk\/wp-content\/uploads\/2025\/05\/alarmplus.mk5_-e1747004561767.png","contentUrl":"https:\/\/alarmplus.mk\/wp-content\/uploads\/2025\/05\/alarmplus.mk5_-e1747004561767.png","width":477,"height":114,"caption":"alarmplus.mk"},"image":{"@id":"https:\/\/alarmplus.mk\/mk\/#\/schema\/logo\/image\/"},"sameAs":["https:\/\/www.facebook.com\/alarmplus.mk","https:\/\/www.instagram.com\/alarmplusmk"]}]}},"jetpack_sharing_enabled":true,"_links":{"self":[{"href":"https:\/\/alarmplus.mk\/mk\/wp-json\/wp\/v2\/product\/8030","targetHints":{"allow":["GET"]}}],"collection":[{"href":"https:\/\/alarmplus.mk\/mk\/wp-json\/wp\/v2\/product"}],"about":[{"href":"https:\/\/alarmplus.mk\/mk\/wp-json\/wp\/v2\/types\/product"}],"replies":[{"embeddable":true,"href":"https:\/\/alarmplus.mk\/mk\/wp-json\/wp\/v2\/comments?post=8030"}],"wp:featuredmedia":[{"embeddable":true,"href":"https:\/\/alarmplus.mk\/mk\/wp-json\/wp\/v2\/media\/8031"}],"wp:attachment":[{"href":"https:\/\/alarmplus.mk\/mk\/wp-json\/wp\/v2\/media?parent=8030"}],"wp:term":[{"taxonomy":"product_brand","embeddable":true,"href":"https:\/\/alarmplus.mk\/mk\/wp-json\/wp\/v2\/product_brand?post=8030"},{"taxonomy":"product_cat","embeddable":true,"href":"https:\/\/alarmplus.mk\/mk\/wp-json\/wp\/v2\/product_cat?post=8030"},{"taxonomy":"product_tag","embeddable":true,"href":"https:\/\/alarmplus.mk\/mk\/wp-json\/wp\/v2\/product_tag?post=8030"}],"curies":[{"name":"wp","href":"https:\/\/api.w.org\/{rel}","templated":true}]}}