{"id":9290,"date":"2025-12-27T14:43:33","date_gmt":"2025-12-27T13:43:33","guid":{"rendered":"https:\/\/alarmplus.mk\/?post_type=product&#038;p=9290"},"modified":"2026-04-09T16:32:56","modified_gmt":"2026-04-09T14:32:56","slug":"dahua-tf-c100-256gb-microsd-memory-card","status":"publish","type":"product","link":"https:\/\/alarmplus.mk\/mk\/product\/dahua-tf-c100-256gb-microsd-memory-card\/","title":{"rendered":"Dahua TF-C100\/256GB microSD Memory Card"},"content":{"rendered":"<table style=\"width: 100%;border-collapse: collapse;font-family: Arial, sans-serif;font-size: 14px\"><!-- PRODUCT TITLE --><\/p>\n<tbody>\n<tr>\n<th style=\"border: 1px solid #ccc;background: #d9d9d9;padding: 10px;text-align: left;font-size: 15px\" colspan=\"2\">Dahua TF-C100\/256GB microSD Memory Card<\/th>\n<\/tr>\n<p><!-- Technical Specification --><\/p>\n<tr>\n<td style=\"background: #e8f4ff;font-weight: bold;padding: 8px;border: 1px solid #ccc\" colspan=\"2\">Technical Specification<\/td>\n<\/tr>\n<tr>\n<td style=\"border: 1px solid #ccc;padding: 8px\">Product Model<\/td>\n<td style=\"border: 1px solid #ccc;padding: 8px\">DHI-TF-C100\/32GB, DHI-TF-C100\/64GB, DHI-TF-C100\/128GB, DHI-TF-C100\/256GB, DHI-TF-C100\/512GB<\/td>\n<\/tr>\n<tr>\n<td style=\"border: 1px solid #ccc;padding: 8px\">Capacity<\/td>\n<td style=\"border: 1px solid #ccc;padding: 8px\">32 GB, 64 GB, 128 GB, 256 GB, 512 GB<\/td>\n<\/tr>\n<tr>\n<td style=\"border: 1px solid #ccc;padding: 8px\">Read Speed<\/td>\n<td style=\"border: 1px solid #ccc;padding: 8px\">Up to 90 MB\/s, 95 MB\/s, 95 MB\/s, 90 MB\/s, 85 MB\/s<\/td>\n<\/tr>\n<tr>\n<td style=\"border: 1px solid #ccc;padding: 8px\">Write Speed<\/td>\n<td style=\"border: 1px solid #ccc;padding: 8px\">Up to 15 MB\/s, 30 MB\/s, 65 MB\/s, 95 MB\/s, 80 MB\/s<\/td>\n<\/tr>\n<tr>\n<td style=\"border: 1px solid #ccc;padding: 8px\">Speed Rating<\/td>\n<td style=\"border: 1px solid #ccc;padding: 8px\">C10\/U1\/V10, C10\/U3\/V30, C10\/U3\/V30, C10\/U3\/V30, C10\/U3\/V30<\/td>\n<\/tr>\n<tr>\n<td style=\"border: 1px solid #ccc;padding: 8px\">UHS<\/td>\n<td style=\"border: 1px solid #ccc;padding: 8px\">UHS-I<\/td>\n<\/tr>\n<tr>\n<td style=\"border: 1px solid #ccc;padding: 8px\">TBW<\/td>\n<td style=\"border: 1px solid #ccc;padding: 8px\">16TB, 33TB, 66TB, 50TB, 100TB<\/td>\n<\/tr>\n<tr>\n<td style=\"border: 1px solid #ccc;padding: 8px\">File System<\/td>\n<td style=\"border: 1px solid #ccc;padding: 8px\">FAT32<\/td>\n<\/tr>\n<tr>\n<td style=\"border: 1px solid #ccc;padding: 8px\">Operating Temperature<\/td>\n<td style=\"border: 1px solid #ccc;padding: 8px\">0 \u00b0C to +70 \u00b0C (+32 \u00b0F to +158 \u00b0F)<\/td>\n<\/tr>\n<tr>\n<td style=\"border: 1px solid #ccc;padding: 8px\">Storage Temperature<\/td>\n<td style=\"border: 1px solid #ccc;padding: 8px\">\u201325\u00b0C to +85\u00b0C (\u201313\u00b0F to +185\u00b0F)<\/td>\n<\/tr>\n<tr>\n<td style=\"border: 1px solid #ccc;padding: 8px\">Operating Humidity<\/td>\n<td style=\"border: 1px solid #ccc;padding: 8px\">5%\u201395% (non-condensing)<\/td>\n<\/tr>\n<tr>\n<td style=\"border: 1px solid #ccc;padding: 8px\">Four Types of Protection<\/td>\n<td style=\"border: 1px solid #ccc;padding: 8px\">High and low temperature resistant, waterproof, anti-magnetic, and anti X-ray<\/td>\n<\/tr>\n<tr>\n<td style=\"border: 1px solid #ccc;padding: 8px\">Compatibility<\/td>\n<td style=\"border: 1px solid #ccc;padding: 8px\">Game consoles, mobile phones, tablets, digital stereo systems, computers, and more<\/td>\n<\/tr>\n<tr>\n<td style=\"border: 1px solid #ccc;padding: 8px\">Warranty<\/td>\n<td style=\"border: 1px solid #ccc;padding: 8px\">7-year limited warranty. Requires product use does not exceed TBW. See official website for details.<\/td>\n<\/tr>\n<tr>\n<td style=\"border: 1px solid #ccc;padding: 8px\">Product Dimensions<\/td>\n<td style=\"border: 1px solid #ccc;padding: 8px\">15.0 mm \u00d7 11.0 mm \u00d7 1.0 mm (0.59&#8243; \u00d7 0.43&#8243; \u00d7 0.04&#8243;)<\/td>\n<\/tr>\n<tr>\n<td style=\"border: 1px solid #ccc;padding: 8px\">Packaging Dimensions<\/td>\n<td style=\"border: 1px solid #ccc;padding: 8px\">120 mm \u00d7 80 mm \u00d7 5.8 mm (4.72&#8243; \u00d7 3.15&#8243; \u00d7 0.23&#8243;)<\/td>\n<\/tr>\n<tr>\n<td style=\"border: 1px solid #ccc;padding: 8px\">Net Weight<\/td>\n<td style=\"border: 1px solid #ccc;padding: 8px\">0.16 g<\/td>\n<\/tr>\n<tr>\n<td style=\"border: 1px solid #ccc;padding: 8px\">Gross Weight<\/td>\n<td style=\"border: 1px solid #ccc;padding: 8px\">8.5 g<\/td>\n<\/tr>\n<tr>\n<td style=\"border: 1px solid #ccc;padding: 8px\">Reference Information<\/td>\n<td style=\"border: 1px solid #ccc;padding: 8px\">1. Capacity on product\/package is nominal.<br \/>\n2. 1 GB = 1 billion bytes. Speed varies by device, port, environment.<br \/>\n3. Warranty period or maximum TBW, whichever comes first.<br \/>\n*Data based on internal testing of Zhejiang Huayixin Technology Co., Ltd Laboratory.<\/td>\n<\/tr>\n<\/tbody>\n<\/table>\n","protected":false},"excerpt":{"rendered":"<p>Dahua TF-C100\/256GB C100 microSD Memory Card<\/p>\n<p>Dahua TF-C100\/256GB microSD \u043a\u0430\u0440\u0442\u0438\u0447\u043a\u0430 \u043e\u0431\u0435\u0437\u0431\u0435\u0434\u0443\u0432\u0430 \u0432\u0438\u0441\u043e\u043a\u0438 \u043f\u0435\u0440\u0444\u043e\u0440\u043c\u0430\u043d\u0441\u0438 \u0438 \u0441\u0438\u0433\u0443\u0440\u043d\u0430 \u043c\u0435\u043c\u043e\u0440\u0438\u0458\u0430 \u0437\u0430 \u0441\u0438\u0442\u0435 \u0432\u0430\u0448\u0438 \u0434\u0438\u0433\u0438\u0442\u0430\u043b\u043d\u0438 \u043f\u043e\u0442\u0440\u0435\u0431\u0438. \u0421\u043e \u043d\u0430\u043f\u0440\u0435\u0434\u043d\u0438 flash \u043c\u0435\u043c\u043e\u0440\u0438\u0458\u0441\u043a\u0438 \u043a\u043b\u0435\u0442\u043a\u0438, \u043a\u0430\u0440\u0442\u0438\u0447\u043a\u0430\u0442\u0430 \u043d\u0443\u0434\u0438 \u0431\u0440\u0437\u043e \u0447\u0438\u0442\u0430\u045a\u0435 \u0438 \u043f\u0438\u0448\u0443\u0432\u0430\u045a\u0435, \u043a\u0430\u043a\u043e \u0438 \u0434\u043e\u043b\u0433\u043e\u0442\u0440\u0430\u0458\u043d\u0430 \u0440\u0430\u0431\u043e\u0442\u0430. \u0422\u0430\u0430 \u0438\u043c\u0430 \u0447\u0435\u0442\u0438\u0440\u0438 \u0432\u0438\u0434\u043e\u0432\u0438 \u0437\u0430\u0448\u0442\u0438\u0442\u0430 \u2013 \u043e\u0442\u043f\u043e\u0440\u043d\u043e\u0441\u0442 \u043d\u0430 \u0432\u0438\u0441\u043e\u043a\u0438 \u0438 \u043d\u0438\u0441\u043a\u0438 \u0442\u0435\u043c\u043f\u0435\u0440\u0430\u0442\u0443\u0440\u0438, \u0432\u043e\u0434\u043e\u043e\u0442\u043f\u043e\u0440\u043d\u043e\u0441\u0442, \u0437\u0430\u0448\u0442\u0438\u0442\u0430 \u043e\u0434 \u043c\u0430\u0433\u043d\u0435\u0442\u043d\u0438 \u043f\u043e\u043b\u0438\u045a\u0430 \u0438 X-\u0437\u0440\u0430\u0446\u0438 \u2013 \u043e\u0432\u043e\u0437\u043c\u043e\u0436\u0443\u0432\u0430\u0458\u045c\u0438 \u0440\u0430\u0431\u043e\u0442\u0430 \u0432\u043e \u0440\u0430\u0437\u043b\u0438\u0447\u043d\u0438 \u0441\u0440\u0435\u0434\u0438\u043d\u0438. \u0421\u043e\u0432\u0440\u0448\u0435\u043d\u0430 \u0435 \u0437\u0430 \u0441\u043d\u0438\u043c\u0430\u045a\u0435 \u0432\u0438\u0434\u0435\u0430, \u0444\u043e\u0442\u043e\u0433\u0440\u0430\u0444\u0438\u0440\u0430\u045a\u0435, \u0441\u043b\u0443\u0448\u0430\u045a\u0435 \u043c\u0443\u0437\u0438\u043a\u0430, \u0438\u0433\u0440\u0430\u045a\u0435 \u0438\u0433\u0440\u0438 \u0438 \u0441\u043a\u043b\u0430\u0434\u0438\u0440\u0430\u045a\u0435 \u043d\u0430 \u0432\u0430\u0436\u043d\u0438 \u043f\u043e\u0434\u0430\u0442\u043e\u0446\u0438. \u041a\u043e\u043c\u043f\u0430\u0442\u0438\u0431\u0438\u043b\u043d\u0430 \u0435 \u0441\u043e \u043c\u043e\u0431\u0438\u043b\u043d\u0438 \u0442\u0435\u043b\u0435\u0444\u043e\u043d\u0438, \u0442\u0430\u0431\u043b\u0435\u0442\u0438, \u043a\u043e\u043c\u043f\u0458\u0443\u0442\u0435\u0440\u0438, \u0434\u0438\u0433\u0438\u0442\u0430\u043b\u043d\u0438 \u0444\u043e\u0442\u043e\u0430\u043f\u0430\u0440\u0430\u0442\u0438 \u0438 \u043a\u043e\u043d\u0437\u043e\u043b\u0438 \u0437\u0430 \u0438\u0433\u0440\u0438, \u043e\u0431\u0435\u0437\u0431\u0435\u0434\u0443\u0432\u0430\u0458\u045c\u0438 \u0431\u0435\u0437\u0431\u0435\u0434\u043d\u043e \u0438 \u043f\u0440\u0430\u043a\u0442\u0438\u0447\u043d\u043e \u0441\u043a\u043b\u0430\u0434\u0438\u0440\u0430\u045a\u0435 \u0441\u0435\u043a\u043e\u0433\u0430\u0448 \u043a\u043e\u0433\u0430 \u0432\u0438 \u0435 \u043f\u043e\u0442\u0440\u0435\u0431\u043d\u043e.<\/p>\n<p>\u0413\u0430\u0440\u0430\u043d\u0446\u0438\u0458\u0430 5 \u0433\u043e\u0434\u0438\u043d\u0438<\/p>\n","protected":false},"featured_media":9291,"comment_status":"open","ping_status":"closed","template":"","meta":{"_acf_changed":false},"product_brand":[225],"product_cat":[582],"product_tag":[],"class_list":{"0":"post-9290","1":"product","2":"type-product","3":"status-publish","4":"has-post-thumbnail","6":"product_brand-dahua","7":"product_cat-usb-sd-cards","9":"first","10":"outofstock","11":"taxable","12":"shipping-taxable","13":"purchasable","14":"product-type-simple"},"acf":[],"yoast_head":"<!-- This site is optimized with the Yoast SEO plugin v27.3 - https:\/\/yoast.com\/product\/yoast-seo-wordpress\/ -->\n<title>Dahua TF-C100 256GB microSD Card Fast, Durable, Protected<\/title>\n<meta name=\"description\" content=\"Secure and high-performance storage with Dahua TF-C100\/256GB microSD card. Features fast read\/write speeds, temperature, water, magnetic,\" \/>\n<meta name=\"robots\" content=\"index, follow, max-snippet:-1, max-image-preview:large, max-video-preview:-1\" \/>\n<link rel=\"canonical\" href=\"https:\/\/alarmplus.mk\/mk\/product\/dahua-tf-c100-256gb-microsd-memory-card\/\" \/>\n<meta property=\"og:locale\" content=\"mk_MK\" \/>\n<meta property=\"og:type\" content=\"article\" \/>\n<meta property=\"og:title\" content=\"Dahua TF-C100 256GB microSD Card Fast, Durable, Protected\" \/>\n<meta property=\"og:description\" content=\"Secure and high-performance storage with Dahua TF-C100\/256GB microSD card. Features fast read\/write speeds, temperature, water, magnetic,\" \/>\n<meta property=\"og:url\" content=\"https:\/\/alarmplus.mk\/mk\/product\/dahua-tf-c100-256gb-microsd-memory-card\/\" \/>\n<meta property=\"og:site_name\" content=\"alarmplus.mk\" \/>\n<meta property=\"article:publisher\" content=\"https:\/\/www.facebook.com\/alarmplus.mk\" \/>\n<meta property=\"article:modified_time\" content=\"2026-04-09T14:32:56+00:00\" \/>\n<meta property=\"og:image\" content=\"https:\/\/alarmplus.mk\/wp-content\/uploads\/2025\/12\/Dahua-TF-C100256GB-microSD-Memory-Card-2.webp\" \/>\n\t<meta property=\"og:image:width\" content=\"800\" \/>\n\t<meta property=\"og:image:height\" content=\"800\" \/>\n\t<meta property=\"og:image:type\" content=\"image\/webp\" \/>\n<meta name=\"twitter:card\" content=\"summary_large_image\" \/>\n<meta name=\"twitter:label1\" content=\"Est. reading time\" \/>\n\t<meta name=\"twitter:data1\" content=\"2 \u043c\u0438\u043d\u0443\u0442\u0438\" \/>\n<script type=\"application\/ld+json\" class=\"yoast-schema-graph\">{\"@context\":\"https:\\\/\\\/schema.org\",\"@graph\":[{\"@type\":\"WebPage\",\"@id\":\"https:\\\/\\\/alarmplus.mk\\\/mk\\\/product\\\/dahua-tf-c100-256gb-microsd-memory-card\\\/\",\"url\":\"https:\\\/\\\/alarmplus.mk\\\/mk\\\/product\\\/dahua-tf-c100-256gb-microsd-memory-card\\\/\",\"name\":\"Dahua TF-C100 256GB microSD Card Fast, Durable, Protected\",\"isPartOf\":{\"@id\":\"https:\\\/\\\/alarmplus.mk\\\/mk\\\/#website\"},\"primaryImageOfPage\":{\"@id\":\"https:\\\/\\\/alarmplus.mk\\\/mk\\\/product\\\/dahua-tf-c100-256gb-microsd-memory-card\\\/#primaryimage\"},\"image\":{\"@id\":\"https:\\\/\\\/alarmplus.mk\\\/mk\\\/product\\\/dahua-tf-c100-256gb-microsd-memory-card\\\/#primaryimage\"},\"thumbnailUrl\":\"https:\\\/\\\/alarmplus.mk\\\/wp-content\\\/uploads\\\/2025\\\/12\\\/Dahua-TF-C100256GB-microSD-Memory-Card-2.webp\",\"datePublished\":\"2025-12-27T13:43:33+00:00\",\"dateModified\":\"2026-04-09T14:32:56+00:00\",\"description\":\"Secure and high-performance storage with Dahua TF-C100\\\/256GB microSD card. Features fast read\\\/write speeds, temperature, water, magnetic,\",\"breadcrumb\":{\"@id\":\"https:\\\/\\\/alarmplus.mk\\\/mk\\\/product\\\/dahua-tf-c100-256gb-microsd-memory-card\\\/#breadcrumb\"},\"inLanguage\":\"mk-MK\",\"potentialAction\":[{\"@type\":\"ReadAction\",\"target\":[\"https:\\\/\\\/alarmplus.mk\\\/mk\\\/product\\\/dahua-tf-c100-256gb-microsd-memory-card\\\/\"]}]},{\"@type\":\"ImageObject\",\"inLanguage\":\"mk-MK\",\"@id\":\"https:\\\/\\\/alarmplus.mk\\\/mk\\\/product\\\/dahua-tf-c100-256gb-microsd-memory-card\\\/#primaryimage\",\"url\":\"https:\\\/\\\/alarmplus.mk\\\/wp-content\\\/uploads\\\/2025\\\/12\\\/Dahua-TF-C100256GB-microSD-Memory-Card-2.webp\",\"contentUrl\":\"https:\\\/\\\/alarmplus.mk\\\/wp-content\\\/uploads\\\/2025\\\/12\\\/Dahua-TF-C100256GB-microSD-Memory-Card-2.webp\",\"width\":800,\"height\":800,\"caption\":\"Dahua TF-C100 256GB microSD memory card with durable, waterproof, and anti-magnetic protection front view\"},{\"@type\":\"BreadcrumbList\",\"@id\":\"https:\\\/\\\/alarmplus.mk\\\/mk\\\/product\\\/dahua-tf-c100-256gb-microsd-memory-card\\\/#breadcrumb\",\"itemListElement\":[{\"@type\":\"ListItem\",\"position\":1,\"name\":\"Home\",\"item\":\"https:\\\/\\\/alarmplus.mk\\\/mk\\\/\"},{\"@type\":\"ListItem\",\"position\":2,\"name\":\"\u041f\u0440\u043e\u0434\u0430\u0432\u043d\u0438\u0446\u0430\",\"item\":\"https:\\\/\\\/alarmplus.mk\\\/mk\\\/shop\\\/\"},{\"@type\":\"ListItem\",\"position\":3,\"name\":\"Dahua TF-C100\\\/256GB microSD Memory Card\"}]},{\"@type\":\"WebSite\",\"@id\":\"https:\\\/\\\/alarmplus.mk\\\/mk\\\/#website\",\"url\":\"https:\\\/\\\/alarmplus.mk\\\/mk\\\/\",\"name\":\"alarmplus.mk\",\"description\":\"Best Security Cameras and Alarms\",\"publisher\":{\"@id\":\"https:\\\/\\\/alarmplus.mk\\\/mk\\\/#organization\"},\"alternateName\":\"Alarm Plus\",\"potentialAction\":[{\"@type\":\"SearchAction\",\"target\":{\"@type\":\"EntryPoint\",\"urlTemplate\":\"https:\\\/\\\/alarmplus.mk\\\/mk\\\/?s={search_term_string}\"},\"query-input\":{\"@type\":\"PropertyValueSpecification\",\"valueRequired\":true,\"valueName\":\"search_term_string\"}}],\"inLanguage\":\"mk-MK\"},{\"@type\":\"Organization\",\"@id\":\"https:\\\/\\\/alarmplus.mk\\\/mk\\\/#organization\",\"name\":\"alarmplus.mk\",\"alternateName\":\"Alarm Plus Home & Business Security Solutions\",\"url\":\"https:\\\/\\\/alarmplus.mk\\\/mk\\\/\",\"logo\":{\"@type\":\"ImageObject\",\"inLanguage\":\"mk-MK\",\"@id\":\"https:\\\/\\\/alarmplus.mk\\\/mk\\\/#\\\/schema\\\/logo\\\/image\\\/\",\"url\":\"https:\\\/\\\/alarmplus.mk\\\/wp-content\\\/uploads\\\/2025\\\/05\\\/alarmplus.mk5_-e1747004561767.png\",\"contentUrl\":\"https:\\\/\\\/alarmplus.mk\\\/wp-content\\\/uploads\\\/2025\\\/05\\\/alarmplus.mk5_-e1747004561767.png\",\"width\":477,\"height\":114,\"caption\":\"alarmplus.mk\"},\"image\":{\"@id\":\"https:\\\/\\\/alarmplus.mk\\\/mk\\\/#\\\/schema\\\/logo\\\/image\\\/\"},\"sameAs\":[\"https:\\\/\\\/www.facebook.com\\\/alarmplus.mk\",\"https:\\\/\\\/www.instagram.com\\\/alarmplusmk\"]}]}<\/script>\n<!-- \/ Yoast SEO plugin. -->","yoast_head_json":{"title":"Dahua TF-C100 256GB microSD Card Fast, Durable, Protected","description":"Secure and high-performance storage with Dahua TF-C100\/256GB microSD card. Features fast read\/write speeds, temperature, water, magnetic,","robots":{"index":"index","follow":"follow","max-snippet":"max-snippet:-1","max-image-preview":"max-image-preview:large","max-video-preview":"max-video-preview:-1"},"canonical":"https:\/\/alarmplus.mk\/mk\/product\/dahua-tf-c100-256gb-microsd-memory-card\/","og_locale":"mk_MK","og_type":"article","og_title":"Dahua TF-C100 256GB microSD Card Fast, Durable, Protected","og_description":"Secure and high-performance storage with Dahua TF-C100\/256GB microSD card. Features fast read\/write speeds, temperature, water, magnetic,","og_url":"https:\/\/alarmplus.mk\/mk\/product\/dahua-tf-c100-256gb-microsd-memory-card\/","og_site_name":"alarmplus.mk","article_publisher":"https:\/\/www.facebook.com\/alarmplus.mk","article_modified_time":"2026-04-09T14:32:56+00:00","og_image":[{"width":800,"height":800,"url":"https:\/\/alarmplus.mk\/wp-content\/uploads\/2025\/12\/Dahua-TF-C100256GB-microSD-Memory-Card-2.webp","type":"image\/webp"}],"twitter_card":"summary_large_image","twitter_misc":{"Est. reading time":"2 \u043c\u0438\u043d\u0443\u0442\u0438"},"schema":{"@context":"https:\/\/schema.org","@graph":[{"@type":"WebPage","@id":"https:\/\/alarmplus.mk\/mk\/product\/dahua-tf-c100-256gb-microsd-memory-card\/","url":"https:\/\/alarmplus.mk\/mk\/product\/dahua-tf-c100-256gb-microsd-memory-card\/","name":"Dahua TF-C100 256GB microSD Card Fast, Durable, Protected","isPartOf":{"@id":"https:\/\/alarmplus.mk\/mk\/#website"},"primaryImageOfPage":{"@id":"https:\/\/alarmplus.mk\/mk\/product\/dahua-tf-c100-256gb-microsd-memory-card\/#primaryimage"},"image":{"@id":"https:\/\/alarmplus.mk\/mk\/product\/dahua-tf-c100-256gb-microsd-memory-card\/#primaryimage"},"thumbnailUrl":"https:\/\/alarmplus.mk\/wp-content\/uploads\/2025\/12\/Dahua-TF-C100256GB-microSD-Memory-Card-2.webp","datePublished":"2025-12-27T13:43:33+00:00","dateModified":"2026-04-09T14:32:56+00:00","description":"Secure and high-performance storage with Dahua TF-C100\/256GB microSD card. Features fast read\/write speeds, temperature, water, magnetic,","breadcrumb":{"@id":"https:\/\/alarmplus.mk\/mk\/product\/dahua-tf-c100-256gb-microsd-memory-card\/#breadcrumb"},"inLanguage":"mk-MK","potentialAction":[{"@type":"ReadAction","target":["https:\/\/alarmplus.mk\/mk\/product\/dahua-tf-c100-256gb-microsd-memory-card\/"]}]},{"@type":"ImageObject","inLanguage":"mk-MK","@id":"https:\/\/alarmplus.mk\/mk\/product\/dahua-tf-c100-256gb-microsd-memory-card\/#primaryimage","url":"https:\/\/alarmplus.mk\/wp-content\/uploads\/2025\/12\/Dahua-TF-C100256GB-microSD-Memory-Card-2.webp","contentUrl":"https:\/\/alarmplus.mk\/wp-content\/uploads\/2025\/12\/Dahua-TF-C100256GB-microSD-Memory-Card-2.webp","width":800,"height":800,"caption":"Dahua TF-C100 256GB microSD memory card with durable, waterproof, and anti-magnetic protection front view"},{"@type":"BreadcrumbList","@id":"https:\/\/alarmplus.mk\/mk\/product\/dahua-tf-c100-256gb-microsd-memory-card\/#breadcrumb","itemListElement":[{"@type":"ListItem","position":1,"name":"Home","item":"https:\/\/alarmplus.mk\/mk\/"},{"@type":"ListItem","position":2,"name":"\u041f\u0440\u043e\u0434\u0430\u0432\u043d\u0438\u0446\u0430","item":"https:\/\/alarmplus.mk\/mk\/shop\/"},{"@type":"ListItem","position":3,"name":"Dahua TF-C100\/256GB microSD Memory Card"}]},{"@type":"WebSite","@id":"https:\/\/alarmplus.mk\/mk\/#website","url":"https:\/\/alarmplus.mk\/mk\/","name":"alarmplus.mk","description":"Best Security Cameras and Alarms","publisher":{"@id":"https:\/\/alarmplus.mk\/mk\/#organization"},"alternateName":"Alarm Plus","potentialAction":[{"@type":"SearchAction","target":{"@type":"EntryPoint","urlTemplate":"https:\/\/alarmplus.mk\/mk\/?s={search_term_string}"},"query-input":{"@type":"PropertyValueSpecification","valueRequired":true,"valueName":"search_term_string"}}],"inLanguage":"mk-MK"},{"@type":"Organization","@id":"https:\/\/alarmplus.mk\/mk\/#organization","name":"alarmplus.mk","alternateName":"Alarm Plus Home & Business Security Solutions","url":"https:\/\/alarmplus.mk\/mk\/","logo":{"@type":"ImageObject","inLanguage":"mk-MK","@id":"https:\/\/alarmplus.mk\/mk\/#\/schema\/logo\/image\/","url":"https:\/\/alarmplus.mk\/wp-content\/uploads\/2025\/05\/alarmplus.mk5_-e1747004561767.png","contentUrl":"https:\/\/alarmplus.mk\/wp-content\/uploads\/2025\/05\/alarmplus.mk5_-e1747004561767.png","width":477,"height":114,"caption":"alarmplus.mk"},"image":{"@id":"https:\/\/alarmplus.mk\/mk\/#\/schema\/logo\/image\/"},"sameAs":["https:\/\/www.facebook.com\/alarmplus.mk","https:\/\/www.instagram.com\/alarmplusmk"]}]}},"jetpack_sharing_enabled":true,"_links":{"self":[{"href":"https:\/\/alarmplus.mk\/mk\/wp-json\/wp\/v2\/product\/9290","targetHints":{"allow":["GET"]}}],"collection":[{"href":"https:\/\/alarmplus.mk\/mk\/wp-json\/wp\/v2\/product"}],"about":[{"href":"https:\/\/alarmplus.mk\/mk\/wp-json\/wp\/v2\/types\/product"}],"replies":[{"embeddable":true,"href":"https:\/\/alarmplus.mk\/mk\/wp-json\/wp\/v2\/comments?post=9290"}],"wp:featuredmedia":[{"embeddable":true,"href":"https:\/\/alarmplus.mk\/mk\/wp-json\/wp\/v2\/media\/9291"}],"wp:attachment":[{"href":"https:\/\/alarmplus.mk\/mk\/wp-json\/wp\/v2\/media?parent=9290"}],"wp:term":[{"taxonomy":"product_brand","embeddable":true,"href":"https:\/\/alarmplus.mk\/mk\/wp-json\/wp\/v2\/product_brand?post=9290"},{"taxonomy":"product_cat","embeddable":true,"href":"https:\/\/alarmplus.mk\/mk\/wp-json\/wp\/v2\/product_cat?post=9290"},{"taxonomy":"product_tag","embeddable":true,"href":"https:\/\/alarmplus.mk\/mk\/wp-json\/wp\/v2\/product_tag?post=9290"}],"curies":[{"name":"wp","href":"https:\/\/api.w.org\/{rel}","templated":true}]}}